{"id":1566,"date":"2022-09-19T19:08:14","date_gmt":"2022-09-19T19:08:14","guid":{"rendered":"http:\/\/localhost\/?page_id=1566"},"modified":"2023-11-11T23:48:18","modified_gmt":"2023-11-12T05:48:18","slug":"mensaje-del-director","status":"publish","type":"page","link":"https:\/\/minatitlan.tecnm.mx\/index.php\/mensaje-del-director\/","title":{"rendered":"Mensaje del Director"},"content":{"rendered":"\n<figure class=\"wp-block-image aligncenter size-full\"><img loading=\"lazy\" decoding=\"async\" width=\"488\" height=\"650\" src=\"http:\/\/minatitlan.tecnm.mx\/wp-content\/uploads\/2022\/12\/01122022_DIRECTOR_4-488x650-1.png\" alt=\"\" class=\"wp-image-23304\" srcset=\"https:\/\/minatitlan.tecnm.mx\/wp-content\/uploads\/2022\/12\/01122022_DIRECTOR_4-488x650-1.png 488w, https:\/\/minatitlan.tecnm.mx\/wp-content\/uploads\/2022\/12\/01122022_DIRECTOR_4-488x650-1-225x300.png 225w\" sizes=\"auto, (max-width: 488px) 100vw, 488px\" \/><figcaption class=\"wp-element-caption\">Mtro. Sergio Fernando Garibay Armenta, Director del Instituto Tecnol\u00f3gico de Minatitl\u00e1n.<\/figcaption><\/figure>\n\n\n<p data-wahfont=\"16\"><button id=\"listenButton1\" class=\"responsivevoice-button\" type=\"button\" value=\"Play\" title=\"ResponsiveVoice Tap to Start\/Stop Speech\"><span>&#128266; Clic para Narrar Texto<\/span><\/button>\n        <script>\n            listenButton1.onclick = function(){\n                if(responsiveVoice.isPlaying()){\n                    responsiveVoice.cancel();\n                }else{\n                    responsiveVoice.speak(\"Mtro. Sergio Fernando Garibay Armenta, Director del Instituto Tecnol\u00f3gico de Minatitl\u00e1n. El\u00a0INSTITUTO TECNOL\u00d3GICO DE MINATITL\u00c1N\u00a0forma parte de un Sistema Nacional de Alto Nivel Acad\u00e9mico, comprometido con la continuidad en sus acciones a lo largo de la historia. Fundado el 17 de septiembre de 1972, nos hemos caracterizado por tener un fuerte sentido nacional, de desarrollo s\u00f3lido en el campo de la planeaci\u00f3n, ejecuci\u00f3n y evaluaci\u00f3n del proceso ense\u00f1anza-aprendizaje. Contribuyendo a la transformaci\u00f3n educativa del pa\u00eds, orientando nuestros esfuerzos hacia el desarrollo humano sostenible y la competitividad. Adem\u00e1s de ofrecer servicios de Educaci\u00f3n Superior Tecnol\u00f3gica de Calidad, que coadyuva a la conformaci\u00f3n de una sociedad justa y humana. M\u00e1s de Cincuenta a\u00f1os de experiencia nos respaldan y posicionan como la mejor Instituci\u00f3n de Educaci\u00f3n Superior de la Regi\u00f3n Sur del Estado de Veracruz. Por la Independencia Tecnol\u00f3gica de M\u00e9xico.\u00ae MTRO. SERGIO FERNANDO GARIBAY ARMENTA Director\", \"Spanish Latin American Female\");\n                }\n            };\n        <\/script>\n    <\/p>\n<p style=\"text-align: justify;\" data-wahfont=\"16\">El\u00a0<strong>INSTITUTO TECNOL\u00d3GICO DE MINATITL\u00c1N<\/strong>\u00a0forma parte de un Sistema Nacional de Alto Nivel Acad\u00e9mico, comprometido con la continuidad en sus acciones a lo largo de la historia.<\/p>\n<p style=\"text-align: justify;\" data-wahfont=\"16\">Fundado el 17 de septiembre de 1972, nos hemos caracterizado por tener un fuerte sentido nacional, de desarrollo s\u00f3lido en el campo de la planeaci\u00f3n, ejecuci\u00f3n y evaluaci\u00f3n del proceso ense\u00f1anza-aprendizaje. Contribuyendo a la transformaci\u00f3n educativa del pa\u00eds, orientando nuestros esfuerzos hacia el desarrollo humano sostenible y la competitividad.<\/p>\n<p style=\"text-align: justify;\" data-wahfont=\"16\">Adem\u00e1s de ofrecer servicios de Educaci\u00f3n Superior Tecnol\u00f3gica de Calidad, que coadyuva a la conformaci\u00f3n de una sociedad justa y humana.<\/p>\n<p style=\"text-align: justify;\" data-wahfont=\"16\">M\u00e1s de Cincuenta a\u00f1os de experiencia nos respaldan y posicionan como la mejor Instituci\u00f3n de Educaci\u00f3n Superior de la Regi\u00f3n Sur del Estado de Veracruz.<\/p>\n<p style=\"text-align: center;\" data-wahfont=\"16\"><em>Por la Independencia Tecnol\u00f3gica de M\u00e9xico.\u00ae<\/em><\/p>\n<p style=\"text-align: center;\" data-wahfont=\"16\"><strong>MTRO. SERGIO FERNANDO GARIBAY ARMENTA<\/strong><\/p>\n<p style=\"text-align: center;\" data-wahfont=\"16\"><em><strong>Director<\/strong><\/em><\/p>","protected":false},"excerpt":{"rendered":"<p>El\u00a0INSTITUTO TECNOL\u00d3GICO DE MINATITL\u00c1N\u00a0forma parte de un Sistema Nacional de Alto Nivel Acad\u00e9mico, comprometido con la continuidad en sus acciones a lo largo de la historia. Fundado el 17 de septiembre de 1972, nos hemos caracterizado por tener un fuerte sentido nacional, de desarrollo s\u00f3lido en el campo de la planeaci\u00f3n, ejecuci\u00f3n y evaluaci\u00f3n del [&hellip;]<\/p>\n","protected":false},"author":1,"featured_media":0,"parent":0,"menu_order":0,"comment_status":"closed","ping_status":"closed","template":"","meta":{"advgb_blocks_editor_width":"","advgb_blocks_columns_visual_guide":"","footnotes":""},"class_list":["post-1566","page","type-page","status-publish","hentry"],"coauthors":[],"author_meta":{"author_link":"https:\/\/minatitlan.tecnm.mx\/index.php\/author\/cc-itmina\/","display_name":"CC-ITMINA"},"relative_dates":{"created":"Publicado 4 a\u00f1os hace","modified":"Actualizado 2 a\u00f1os hace"},"absolute_dates":{"created":"Publicado el 19 septiembre, 2022","modified":"Actualizado el 11 noviembre, 2023"},"absolute_dates_time":{"created":"Publicado el 19 septiembre, 2022 7:08 pm","modified":"Actualizado el 11 noviembre, 2023 11:48 pm"},"featured_img_caption":"","featured_img":false,"series_order":"","_links":{"self":[{"href":"https:\/\/minatitlan.tecnm.mx\/index.php\/wp-json\/wp\/v2\/pages\/1566","targetHints":{"allow":["GET"]}}],"collection":[{"href":"https:\/\/minatitlan.tecnm.mx\/index.php\/wp-json\/wp\/v2\/pages"}],"about":[{"href":"https:\/\/minatitlan.tecnm.mx\/index.php\/wp-json\/wp\/v2\/types\/page"}],"author":[{"embeddable":true,"href":"https:\/\/minatitlan.tecnm.mx\/index.php\/wp-json\/wp\/v2\/users\/1"}],"replies":[{"embeddable":true,"href":"https:\/\/minatitlan.tecnm.mx\/index.php\/wp-json\/wp\/v2\/comments?post=1566"}],"version-history":[{"count":8,"href":"https:\/\/minatitlan.tecnm.mx\/index.php\/wp-json\/wp\/v2\/pages\/1566\/revisions"}],"predecessor-version":[{"id":23508,"href":"https:\/\/minatitlan.tecnm.mx\/index.php\/wp-json\/wp\/v2\/pages\/1566\/revisions\/23508"}],"wp:attachment":[{"href":"https:\/\/minatitlan.tecnm.mx\/index.php\/wp-json\/wp\/v2\/media?parent=1566"}],"curies":[{"name":"wp","href":"https:\/\/api.w.org\/{rel}","templated":true}]}}