{"id":23568,"date":"2022-12-19T13:07:34","date_gmt":"2022-12-19T19:07:34","guid":{"rendered":"http:\/\/minatitlan.tecnm.mx\/?page_id=23568"},"modified":"2023-11-11T23:48:18","modified_gmt":"2023-11-12T05:48:18","slug":"subdireccion-academica","status":"publish","type":"page","link":"https:\/\/minatitlan.tecnm.mx\/index.php\/subdireccion-academica\/","title":{"rendered":"Subdirecci\u00f3n Acad\u00e9mica"},"content":{"rendered":"<p style=\"text-align: center;\">Planes de estudio 2009-2014 autorizados por la Subsecretar\u00eda de Educaci\u00f3n Superior y la Direcci\u00f3n General de Educaci\u00f3n Superior Tecnol\u00f3gica<\/p>\n\n\n<figure class=\"wp-block-table is-style-stripes\"><table style=\"border-style:none;border-width:0px\"><thead><tr><th><\/th><th class=\"has-text-align-right\" data-align=\"right\"><mark style=\"background-color:#ffffff\" class=\"has-inline-color has-custom-blanco-color\">Descarga<\/mark><\/th><\/tr><\/thead><tbody><tr><td><a href=\"http:\/\/minatitlan.tecnm.mx\/wp-content\/uploads\/2022\/12\/IA.rar\">Ingenier\u00eda Ambiental<\/a><\/td><td class=\"has-text-align-right\" data-align=\"right\"><img loading=\"lazy\" decoding=\"async\" width=\"30\" height=\"30\" class=\"wp-image-19000\" style=\"width: 30px;\" src=\"http:\/\/minatitlan.tecnm.mx\/wp-content\/uploads\/2022\/11\/Zip-1.png\" alt=\"\"><\/td><\/tr><tr><td><a href=\"http:\/\/minatitlan.tecnm.mx\/wp-content\/uploads\/2022\/12\/IE.rar\">Ingenier\u00eda Electr\u00f3nica<\/a><\/td><td class=\"has-text-align-right\" data-align=\"right\"><img loading=\"lazy\" decoding=\"async\" width=\"30\" height=\"30\" class=\"wp-image-19000\" style=\"width: 30px;\" src=\"http:\/\/minatitlan.tecnm.mx\/wp-content\/uploads\/2022\/11\/Zip-1.png\" alt=\"\"><\/td><\/tr><tr><td><a href=\"http:\/\/minatitlan.tecnm.mx\/wp-content\/uploads\/2022\/12\/IEM.rar\">Ingenier\u00eda Electromec\u00e1nica<\/a><\/td><td class=\"has-text-align-right\" data-align=\"right\"><img loading=\"lazy\" decoding=\"async\" width=\"30\" height=\"30\" class=\"wp-image-19000\" style=\"width: 30px;\" src=\"http:\/\/minatitlan.tecnm.mx\/wp-content\/uploads\/2022\/11\/Zip-1.png\" alt=\"\"><\/td><\/tr><tr><td><a href=\"http:\/\/minatitlan.tecnm.mx\/wp-content\/uploads\/2022\/12\/IGE.rar\">Ingenier\u00eda en Gesti\u00f3n Empresarial<\/a><\/td><td class=\"has-text-align-right\" data-align=\"right\"><img loading=\"lazy\" decoding=\"async\" width=\"30\" height=\"30\" class=\"wp-image-19000\" style=\"width: 30px;\" src=\"http:\/\/minatitlan.tecnm.mx\/wp-content\/uploads\/2022\/11\/Zip-1.png\" alt=\"\"><\/td><\/tr><tr><td><a href=\"http:\/\/minatitlan.tecnm.mx\/wp-content\/uploads\/2022\/12\/IQ.rar\">Ingenier\u00eda Qu\u00edmica<\/a><\/td><td class=\"has-text-align-right\" data-align=\"right\"><img loading=\"lazy\" decoding=\"async\" width=\"30\" height=\"30\" class=\"wp-image-19000\" style=\"width: 30px;\" src=\"http:\/\/minatitlan.tecnm.mx\/wp-content\/uploads\/2022\/11\/Zip-1.png\" alt=\"\"><\/td><\/tr><tr><td><a href=\"http:\/\/minatitlan.tecnm.mx\/wp-content\/uploads\/2022\/12\/ISC.rar\">Ingenier\u00eda en Sistemas Computacionales<\/a><\/td><td class=\"has-text-align-right\" data-align=\"right\"><img loading=\"lazy\" decoding=\"async\" width=\"30\" height=\"30\" class=\"wp-image-19000\" style=\"width: 30px;\" src=\"http:\/\/minatitlan.tecnm.mx\/wp-content\/uploads\/2022\/11\/Zip-1.png\" alt=\"\"><\/td><\/tr><tr><td><a href=\"http:\/\/minatitlan.tecnm.mx\/wp-content\/uploads\/2022\/12\/LA.rar\">Licenciatura en Administraci\u00f3n<\/a><\/td><td class=\"has-text-align-right\" data-align=\"right\"><img loading=\"lazy\" decoding=\"async\" width=\"30\" height=\"30\" class=\"wp-image-19000\" style=\"width: 30px;\" src=\"http:\/\/minatitlan.tecnm.mx\/wp-content\/uploads\/2022\/11\/Zip-1.png\" alt=\"\"><\/td><\/tr><\/tbody><\/table><\/figure>\n\n\n\n<hr class=\"wp-block-separator has-alpha-channel-opacity is-style-wide\"\/>\n\n\n\n<figure class=\"wp-block-table is-style-stripes\"><table style=\"border-style:none;border-width:0px\"><thead><tr><th class=\"has-text-align-left\" data-align=\"left\">Estimulo al Desempe\u00f1o Docente 2019<\/th><th class=\"has-text-align-right\" data-align=\"right\"><mark style=\"background-color:#ffffff\" class=\"has-inline-color has-custom-blanco-color\">Descarga<\/mark><\/th><\/tr><\/thead><tbody><tr><td class=\"has-text-align-left\" data-align=\"left\"><a href=\"http:\/\/minatitlan.tecnm.mx\/wp-content\/uploads\/2022\/12\/Convocatoria-EDD-2019.pdf\" target=\"_blank\" rel=\"noreferrer noopener\">Convocatoria EDD 2019<\/a><\/td><td class=\"has-text-align-right\" data-align=\"right\"><img loading=\"lazy\" decoding=\"async\" width=\"30\" height=\"30\" class=\"wp-image-15907\" style=\"width: 30px;\" src=\"http:\/\/minatitlan.tecnm.mx\/wp-content\/uploads\/2022\/11\/pdf.png\" alt=\"\"><\/td><\/tr><tr><td class=\"has-text-align-left\" data-align=\"left\"><a href=\"http:\/\/minatitlan.tecnm.mx\/wp-content\/uploads\/2022\/12\/CALENDARIO-DE-ACTIVIDADES.pdf\" target=\"_blank\" rel=\"noreferrer noopener\">Calendario de Actividades EDD 2019<\/a><\/td><td class=\"has-text-align-right\" data-align=\"right\"><img loading=\"lazy\" decoding=\"async\" width=\"30\" height=\"30\" class=\"wp-image-15907\" style=\"width: 30px;\" src=\"http:\/\/minatitlan.tecnm.mx\/wp-content\/uploads\/2022\/11\/pdf.png\" alt=\"\"><\/td><\/tr><tr><td class=\"has-text-align-left\" data-align=\"left\"><a href=\"http:\/\/minatitlan.tecnm.mx\/wp-content\/uploads\/2022\/12\/LINEAMIENTOS-EDD-2019.pdf\">Lineamientos EDD 2019<\/a><\/td><td class=\"has-text-align-right\" data-align=\"right\"><img loading=\"lazy\" decoding=\"async\" width=\"30\" height=\"30\" class=\"wp-image-15907\" style=\"width: 30px;\" src=\"http:\/\/minatitlan.tecnm.mx\/wp-content\/uploads\/2022\/11\/pdf.png\" alt=\"\"><\/td><\/tr><tr><td class=\"has-text-align-left\" data-align=\"left\"><a href=\"http:\/\/minatitlan.tecnm.mx\/wp-content\/uploads\/2022\/12\/FORMATO-SPD-2019.pdf\" target=\"_blank\" rel=\"noreferrer noopener\">Formato SPD EDD 2019<\/a><\/td><td class=\"has-text-align-right\" data-align=\"right\"><img loading=\"lazy\" decoding=\"async\" width=\"30\" height=\"30\" class=\"wp-image-15907\" style=\"width: 30px;\" src=\"http:\/\/minatitlan.tecnm.mx\/wp-content\/uploads\/2022\/11\/pdf.png\" alt=\"\"><\/td><\/tr><tr><td class=\"has-text-align-left\" data-align=\"left\"><a href=\"http:\/\/minatitlan.tecnm.mx\/wp-content\/uploads\/2022\/12\/Formato_Liberacion_de_Actividades_Academicas_2019.docx\">Formato de Liberaci\u00f3n de Actividades Acad\u00e9micas EDD 2019<\/a><\/td><td class=\"has-text-align-right\" data-align=\"right\"><img loading=\"lazy\" decoding=\"async\" width=\"30\" height=\"30\" class=\"wp-image-19002\" style=\"width: 30px;\" src=\"http:\/\/minatitlan.tecnm.mx\/wp-content\/uploads\/2022\/11\/Word-1.png\" alt=\"\"><\/td><\/tr><tr><td class=\"has-text-align-left\" data-align=\"left\"><a href=\"http:\/\/minatitlan.tecnm.mx\/wp-content\/uploads\/2022\/12\/CARTA_EXCLUSIVIDAD_EDD2019.docx\">Carta de Exclusividad EDD 2019<\/a><\/td><td class=\"has-text-align-right\" data-align=\"right\"><img loading=\"lazy\" decoding=\"async\" width=\"30\" height=\"30\" class=\"wp-image-19002\" style=\"width: 30px;\" src=\"http:\/\/minatitlan.tecnm.mx\/wp-content\/uploads\/2022\/11\/Word-1.png\" alt=\"\"><\/td><\/tr><tr><td class=\"has-text-align-left\" data-align=\"left\"><a href=\"http:\/\/minatitlan.tecnm.mx\/wp-content\/uploads\/2022\/12\/Formato_Constancia_de_Liberacion_de_Actividades_Docentes_2019.docx\">Constancia de Liberaci\u00f3n de Actividades Docentes EDD 2019<\/a><\/td><td class=\"has-text-align-right\" data-align=\"right\"><img loading=\"lazy\" decoding=\"async\" width=\"30\" height=\"30\" class=\"wp-image-19002\" style=\"width: 30px;\" src=\"http:\/\/minatitlan.tecnm.mx\/wp-content\/uploads\/2022\/11\/Word-1.png\" alt=\"\"><\/td><\/tr><\/tbody><\/table><\/figure>\n","protected":false},"excerpt":{"rendered":"<p>Planes de estudio 2009-2014 autorizados por la Subsecretar\u00eda de Educaci\u00f3n Superior y la Direcci\u00f3n General de Educaci\u00f3n Superior Tecnol\u00f3gica Descarga Ingenier\u00eda Ambiental Ingenier\u00eda Electr\u00f3nica Ingenier\u00eda Electromec\u00e1nica Ingenier\u00eda en Gesti\u00f3n Empresarial Ingenier\u00eda Qu\u00edmica Ingenier\u00eda en Sistemas Computacionales Licenciatura en Administraci\u00f3n Estimulo al Desempe\u00f1o Docente 2019 Descarga Convocatoria EDD 2019 Calendario de Actividades EDD 2019 Lineamientos EDD [&hellip;]<\/p>\n","protected":false},"author":1,"featured_media":0,"parent":0,"menu_order":0,"comment_status":"closed","ping_status":"closed","template":"","meta":{"advgb_blocks_editor_width":"","advgb_blocks_columns_visual_guide":"","footnotes":""},"class_list":["post-23568","page","type-page","status-publish","hentry"],"coauthors":[],"author_meta":{"author_link":"https:\/\/minatitlan.tecnm.mx\/index.php\/author\/cc-itmina\/","display_name":"CC-ITMINA"},"relative_dates":{"created":"Publicado 3 a\u00f1os hace","modified":"Actualizado 2 a\u00f1os hace"},"absolute_dates":{"created":"Publicado el 19 diciembre, 2022","modified":"Actualizado el 11 noviembre, 2023"},"absolute_dates_time":{"created":"Publicado el 19 diciembre, 2022 1:07 pm","modified":"Actualizado el 11 noviembre, 2023 11:48 pm"},"featured_img_caption":"","featured_img":false,"series_order":"","_links":{"self":[{"href":"https:\/\/minatitlan.tecnm.mx\/index.php\/wp-json\/wp\/v2\/pages\/23568","targetHints":{"allow":["GET"]}}],"collection":[{"href":"https:\/\/minatitlan.tecnm.mx\/index.php\/wp-json\/wp\/v2\/pages"}],"about":[{"href":"https:\/\/minatitlan.tecnm.mx\/index.php\/wp-json\/wp\/v2\/types\/page"}],"author":[{"embeddable":true,"href":"https:\/\/minatitlan.tecnm.mx\/index.php\/wp-json\/wp\/v2\/users\/1"}],"replies":[{"embeddable":true,"href":"https:\/\/minatitlan.tecnm.mx\/index.php\/wp-json\/wp\/v2\/comments?post=23568"}],"version-history":[{"count":19,"href":"https:\/\/minatitlan.tecnm.mx\/index.php\/wp-json\/wp\/v2\/pages\/23568\/revisions"}],"predecessor-version":[{"id":27352,"href":"https:\/\/minatitlan.tecnm.mx\/index.php\/wp-json\/wp\/v2\/pages\/23568\/revisions\/27352"}],"wp:attachment":[{"href":"https:\/\/minatitlan.tecnm.mx\/index.php\/wp-json\/wp\/v2\/media?parent=23568"}],"curies":[{"name":"wp","href":"https:\/\/api.w.org\/{rel}","templated":true}]}}