{"id":2399,"date":"2022-09-23T18:57:27","date_gmt":"2022-09-23T18:57:27","guid":{"rendered":"http:\/\/localhost\/?page_id=2399"},"modified":"2023-11-11T23:48:17","modified_gmt":"2023-11-12T05:48:17","slug":"ingenieria-industrial","status":"publish","type":"page","link":"https:\/\/minatitlan.tecnm.mx\/index.php\/ingenieria-industrial\/","title":{"rendered":"Ingenier\u00eda Industrial"},"content":{"rendered":"\n<div class=\"wp-block-columns is-layout-flex wp-container-core-columns-is-layout-28f84493 wp-block-columns-is-layout-flex\">\n<div class=\"wp-block-column is-layout-flow wp-block-column-is-layout-flow\" style=\"flex-basis:66.66%\">\n<figure class=\"wp-block-image size-large\"><img loading=\"lazy\" decoding=\"async\" width=\"1024\" height=\"683\" src=\"http:\/\/minatitlan.tecnm.mx\/wp-content\/uploads\/2022\/09\/como-iniciar-en-la-ingenieria-industrial-1024x683.jpg\" alt=\"\" class=\"wp-image-2420\" srcset=\"https:\/\/minatitlan.tecnm.mx\/wp-content\/uploads\/2022\/09\/como-iniciar-en-la-ingenieria-industrial-1024x683.jpg 1024w, https:\/\/minatitlan.tecnm.mx\/wp-content\/uploads\/2022\/09\/como-iniciar-en-la-ingenieria-industrial-300x200.jpg 300w, https:\/\/minatitlan.tecnm.mx\/wp-content\/uploads\/2022\/09\/como-iniciar-en-la-ingenieria-industrial-768x512.jpg 768w, https:\/\/minatitlan.tecnm.mx\/wp-content\/uploads\/2022\/09\/como-iniciar-en-la-ingenieria-industrial.jpg 1200w\" sizes=\"auto, (max-width: 1024px) 100vw, 1024px\" \/><\/figure>\n<\/div>\n\n\n\n<div class=\"wp-block-column is-layout-flow wp-block-column-is-layout-flow\" style=\"flex-basis:33.33%\">\n<figure class=\"wp-block-table is-style-stripes has-small-font-size\"><table class=\"has-foreground-color has-text-color has-fixed-layout\"><tbody><tr><td class=\"has-text-align-center\" data-align=\"center\">IIND-2010-227<\/td><\/tr><tr><td class=\"has-text-align-center\" data-align=\"center\"><strong>MODALIDAD<\/strong><\/td><\/tr><tr><td class=\"has-text-align-center\" data-align=\"center\">Escolarizado &#8211; Semestral<\/td><\/tr><tr><td class=\"has-text-align-center\" data-align=\"center\"><strong>DURACI\u00d3N<\/strong><\/td><\/tr><tr><td class=\"has-text-align-center\" data-align=\"center\">9 Semestres<\/td><\/tr><tr><td class=\"has-text-align-center\" data-align=\"center\"><strong>PLAN DE ESTUDIOS<\/strong><\/td><\/tr><tr><td class=\"has-text-align-center\" data-align=\"center\"><a href=\"http:\/\/minatitlan.tecnm.mx\/wp-content\/uploads\/2022\/11\/Reticula-Ingenieria-Industrial.pdf\" target=\"_blank\" rel=\"noreferrer noopener\">Descargar plan de estudios<\/a><\/td><\/tr><tr><td class=\"has-text-align-center\" data-align=\"center\"><strong>JEFA DE DEPARTAMENTO<\/strong><\/td><\/tr><tr><td class=\"has-text-align-center\" data-align=\"center\">Carolina Orihuela Vazquez<br>industrial@minatitlan.tecnm.mx<\/td><\/tr><tr><td class=\"has-text-align-center\" data-align=\"center\"><strong>COORDINADOR DE LA CARRERA<\/strong><\/td><\/tr><tr><td class=\"has-text-align-center\" data-align=\"center\">Alejandro Bielma L\u00f3pez<br>dep_ii@minatitlan.tecnm.mx<\/td><\/tr><\/tbody><\/table><\/figure>\n<\/div>\n<\/div>\n\n\n\n<div class=\"wp-block-advgb-accordions advgb-accordions-47b9dbdb-1556-4b35-9f5f-335940330df1 advgb-accordion-wrapper\" data-collapsed=\"true\">\n<div class=\"wp-block-advgb-accordion-item advgb-accordion-item\" style=\"margin-bottom:0\"><div class=\"advgb-accordion-header\" style=\"background-color:#1b396a;color:#ffffff;border-style:solid;border-width:1px;border-radius:2px\"><span class=\"advgb-accordion-header-icon\"><svg fill=\"#ffffff\" xmlns=\"http:\/\/www.w3.org\/2000\/svg\" width=\"24\" height=\"24\" viewBox=\"0 0 24 24\"><path opacity=\"0.87\" fill=\"none\" d=\"M24,24H0L0,0l24,0V24z\"><\/path><path d=\"M16.59,8.59L12,13.17L7.41,8.59L6,10l6,6l6-6L16.59,8.59z\"><\/path><\/svg><\/span><h1 class=\"advgb-accordion-header-title\" style=\"color:inherit\">Objetivo<\/h1><\/div><div class=\"advgb-accordion-body\" style=\"color:#000000;border-style:solid !important;border-width:1px !important;border-color:undefined !important;border-top:none !important;border-radius:2px !important\">\n<p style=\"text-align: justify;\" data-wahfont=\"16\"><span style=\"color: #000000;\">Formar profesionales, \u00e9ticos, l\u00edderes, creativos y emprendedores en el \u00e1rea de Ingenier\u00eda Industrial; competente para dise\u00f1ar, implantar, administrar, innovar y optimizar sistemas de producci\u00f3n de bienes y servicios; con enfoque sist\u00e9mico y sustentable en un entorno global.<\/span><\/p>\n<\/div><\/div>\n<\/div>\n\n\n\n<div class=\"wp-block-advgb-accordions advgb-accordions-ae05988b-9ee7-4ba2-b181-2f5cc88e7afb advgb-accordion-wrapper\" data-collapsed=\"true\">\n<div class=\"wp-block-advgb-accordion-item advgb-accordion-item\" style=\"margin-bottom:0\"><div class=\"advgb-accordion-header\" style=\"background-color:#1b396a;color:#ffffff;border-style:solid;border-width:1px;border-radius:2px\"><span class=\"advgb-accordion-header-icon\"><svg fill=\"#ffffff\" xmlns=\"http:\/\/www.w3.org\/2000\/svg\" width=\"24\" height=\"24\" viewBox=\"0 0 24 24\"><path opacity=\"0.87\" fill=\"none\" d=\"M24,24H0L0,0l24,0V24z\"><\/path><path d=\"M16.59,8.59L12,13.17L7.41,8.59L6,10l6,6l6-6L16.59,8.59z\"><\/path><\/svg><\/span><h1 class=\"advgb-accordion-header-title\" style=\"color:inherit\">Objetivos Educacionales<\/h1><\/div><div class=\"advgb-accordion-body\" style=\"color:#000000;border-style:solid !important;border-width:1px !important;border-color:undefined !important;border-top:none !important;border-radius:2px !important\">\n<ul>\n<li style=\"text-align: justify;\">OE1\u00a0Aplican las competencias y conocimientos adquiridos de la ingenier\u00eda industrial\u00a0para la soluci\u00f3n de problemas y mejora de la productividad y eficiencia de los sistemas\u00a0productivos de bienes y servicios.<\/li>\n<li style=\"text-align: justify;\">OE2\u00a0Emprenden y eval\u00faan modelos de negocios de bienes y servicios que\u00a0responden a las necesidades del entorno local y global,\u00a0generando empleos y bienestar econ\u00f3mico.<\/li>\n<li style=\"text-align: justify;\">OE3\u00a0Fortalece sus habilidades y competencias profesionales mediante la formaci\u00f3n\u00a0continua, que le permiten adaptarse a\u00a0los cambios y avances en la profesi\u00f3n.<\/li>\n<li style=\"text-align: justify;\">OE4\u00a0Desempe\u00f1an puestos estrat\u00e9gicos coordinando equipos de trabajo en los sectores productivos de bienes y servicios, en el \u00e1mbito regional, nacional e\u00a0internacional.<\/li>\n<\/ul>\n<\/div><\/div>\n<\/div>\n\n\n\n<div class=\"wp-block-advgb-accordions advgb-accordions-8ced0a6c-699a-4959-af43-73b731810525 advgb-accordion-wrapper\" data-collapsed=\"true\">\n<div class=\"wp-block-advgb-accordion-item advgb-accordion-item\" style=\"margin-bottom:0\"><div class=\"advgb-accordion-header\" style=\"background-color:#1b396a;color:#ffffff;border-style:solid;border-width:1px;border-radius:2px\"><span class=\"advgb-accordion-header-icon\"><svg fill=\"#ffffff\" xmlns=\"http:\/\/www.w3.org\/2000\/svg\" width=\"24\" height=\"24\" viewBox=\"0 0 24 24\"><path opacity=\"0.87\" fill=\"none\" d=\"M24,24H0L0,0l24,0V24z\"><\/path><path d=\"M16.59,8.59L12,13.17L7.41,8.59L6,10l6,6l6-6L16.59,8.59z\"><\/path><\/svg><\/span><h1 class=\"advgb-accordion-header-title\" style=\"color:inherit\">Misi\u00f3n y Visi\u00f3n<\/h1><\/div><div class=\"advgb-accordion-body\" style=\"color:#000000;border-style:solid !important;border-width:1px !important;border-color:undefined !important;border-top:none !important;border-radius:2px !important\">\n<p><strong>Visi\u00f3n <\/strong><\/p>\n<p style=\"text-align: justify;\">Ser un departamento acad\u00e9mico de ingenier\u00eda industrial acreditado y consolidado a nivel nacional con un plan de estudios acreditado y especialidades acordes a las necesidades del sector productivo, as\u00ed como con personal altamente competente en calidad acad\u00e9mica, administrativa y de servicios.<\/p>\n<p><strong>Misi\u00f3n <\/strong><\/p>\n<p style=\"text-align: justify;\">Somos un departamento acad\u00e9mico cuyo compromiso es formar profesionistas con un enfoque basado en competencias en el campo de la ingenier\u00eda Industrial, con conocimientos, valores y actitudes, que le permitan ser lideres, creativos y emprendedores, sustentable, \u00e9tico y comprometidos con el entorno global.<\/p>\n<\/div><\/div>\n<\/div>\n\n\n\n<div class=\"wp-block-advgb-accordions advgb-accordions-8456bc03-1da0-48dd-b8d1-4515e4da851d advgb-accordion-wrapper\" data-collapsed=\"true\">\n<div class=\"wp-block-advgb-accordion-item advgb-accordion-item\" style=\"margin-bottom:0\"><div class=\"advgb-accordion-header\" style=\"background-color:#1b396a;color:#ffffff;border-style:solid;border-width:1px;border-radius:2px\"><span class=\"advgb-accordion-header-icon\"><svg fill=\"#ffffff\" xmlns=\"http:\/\/www.w3.org\/2000\/svg\" width=\"24\" height=\"24\" viewBox=\"0 0 24 24\"><path opacity=\"0.87\" fill=\"none\" d=\"M24,24H0L0,0l24,0V24z\"><\/path><path d=\"M16.59,8.59L12,13.17L7.41,8.59L6,10l6,6l6-6L16.59,8.59z\"><\/path><\/svg><\/span><h1 class=\"advgb-accordion-header-title\" style=\"color:inherit\">Perfil de Egreso<\/h1><\/div><div class=\"advgb-accordion-body\" style=\"color:#000000;border-style:solid !important;border-width:1px !important;border-color:undefined !important;border-top:none !important;border-radius:2px !important\">\n<ol class=\"perfil-list\">\n<li style=\"text-align: justify;\"><span style=\"color: #000000;\">Dise\u00f1a, mejora e integra sistemas productivos de bienes y servicios aplicando tecnolog\u00edas para su optimizaci\u00f3n.<\/span><\/li>\n<li style=\"text-align: justify;\"><span style=\"color: #000000;\">Dise\u00f1a, implementa y mejora sistemas de trabajo para elevar la productividad.<\/span><\/li>\n<li style=\"text-align: justify;\"><span style=\"color: #000000;\">Implanta sistemas de calidad utilizando m\u00e9todos estad\u00edsticos para mejorar la competitividad de las organizaciones.<\/span><\/li>\n<li style=\"text-align: justify;\"><span style=\"color: #000000;\">Administra sistemas de mantenimiento en procesos de bienes y servicios para la optimizaci\u00f3n en el uso de los recursos.<\/span><\/li>\n<li style=\"text-align: justify;\"><span style=\"color: #000000;\">Gestiona sistemas de seguridad, salud ocupacional de manera sustentable, en sistemas productivos de bienes y servicios atendiendo los lineamientos legales.<\/span><\/li>\n<li style=\"text-align: justify;\"><span style=\"color: #000000;\">Formula, eval\u00faa y gestiona proyectos de inversi\u00f3n, sociales y de transferencia de tecnolog\u00eda para el desarrollo regional.<\/span><\/li>\n<\/ol>\n<\/div><\/div>\n<\/div>\n\n\n\n<div class=\"wp-block-advgb-accordions advgb-accordions-8df6eb64-3fbe-4f75-a99a-eec77039d5dc advgb-accordion-wrapper\" data-collapsed=\"true\">\n<div class=\"wp-block-advgb-accordion-item advgb-accordion-item\" style=\"margin-bottom:0\"><div class=\"advgb-accordion-header\" style=\"background-color:#1b396a;color:#ffffff;border-style:solid;border-width:1px;border-radius:2px\"><span class=\"advgb-accordion-header-icon\"><svg fill=\"#ffffff\" xmlns=\"http:\/\/www.w3.org\/2000\/svg\" width=\"24\" height=\"24\" viewBox=\"0 0 24 24\"><path opacity=\"0.87\" fill=\"none\" d=\"M24,24H0L0,0l24,0V24z\"><\/path><path d=\"M16.59,8.59L12,13.17L7.41,8.59L6,10l6,6l6-6L16.59,8.59z\"><\/path><\/svg><\/span><h1 class=\"advgb-accordion-header-title\" style=\"color:inherit\">Atributos de Egreso<\/h1><\/div><div class=\"advgb-accordion-body\" style=\"color:#000000;border-style:solid !important;border-width:1px !important;border-color:undefined !important;border-top:none !important;border-radius:2px !important\">\n<ol class=\"perfil-list\">\n<li style=\"text-align: justify;\">AE1\u00a0 Resuelve problemas complejos de ingenier\u00eda Industrial aplicando los\u00a0principios de ingenier\u00eda\u00a0y\u00a0ciencias b\u00e1sicas para la optimizaci\u00f3n de los sistemas\u00a0productivos\u00a0de\u00a0bienes y servicios.<\/li>\n<li style=\"text-align: justify;\">AE2\u00a0\u00a0\u00a0 Dise\u00f1a, implementa y mejora\u00a0sistemas\u00a0de producci\u00f3n de bienes y servicios\u00a0mediante m\u00e9todos y t\u00e9cnicas establecidos para la mejora de la productividad.\u200b<\/li>\n<li style=\"text-align: justify;\">AE3 Eval\u00faa e implementa sistemas integrados, mediante m\u00e9todos\u00a0\u00a0 estad\u00edsticos\u00a0y\u00a0de trabajo\u00a0 para mejorar la calidad, seguridad y productividad en las\u00a0organizaciones.\u200b<\/li>\n<li style=\"text-align: justify;\">AE4 Coordina y dirige grupos interdisciplinarios haciendo uso de las tecnolog\u00edas de\u00a0informaci\u00f3n y comunicaci\u00f3n para la difusi\u00f3n de los sistemas integrados en las\u00a0organizaciones.\u00a0\u200b<\/li>\n<li style=\"text-align: justify;\">AE5 Gestiona los sistemas integrados en los sectores productivos y de servicios\u00a0con base a las normas\u00a0y est\u00e1ndares vigentes nacionales e internacionales y sus\u00a0actualizaciones para la competitividad de las organizaciones.\u200b<\/li>\n<li style=\"text-align: justify;\">AE6 Formula, eval\u00faa y\/o emprende proyectos de inversi\u00f3n aplicando los conocimientos de ingenier\u00eda Industrial, que promueva el desarrollo socioecon\u00f3mico de una regi\u00f3n de forma sustentable.\u00a0<\/li>\n<li style=\"text-align: justify;\">AE7 Desarrolla actitudes de liderazgo y trabajo colaborativo a partir de\u00a0un sentido \u00e9tico y profesional, con un amplio car\u00e1cter emprendedor, cr\u00edtico y\u00a0creativo, utilizando el lenguaje oral y escrito de manera adecuada.\u200b<\/li>\n<\/ol>\n<\/div><\/div>\n<\/div>\n\n\n\n<div class=\"wp-block-advgb-accordions advgb-accordions-12838d4e-4699-4668-98bf-50db992b8c50 advgb-accordion-wrapper\" data-collapsed=\"true\">\n<div class=\"wp-block-advgb-accordion-item advgb-accordion-item\" style=\"margin-bottom:0\"><div class=\"advgb-accordion-header\" style=\"background-color:#1b396a;color:#ffffff;border-style:solid;border-width:1px;border-radius:2px\"><span class=\"advgb-accordion-header-icon\"><svg fill=\"#ffffff\" xmlns=\"http:\/\/www.w3.org\/2000\/svg\" width=\"24\" height=\"24\" viewBox=\"0 0 24 24\"><path opacity=\"0.87\" fill=\"none\" d=\"M24,24H0L0,0l24,0V24z\"><\/path><path d=\"M16.59,8.59L12,13.17L7.41,8.59L6,10l6,6l6-6L16.59,8.59z\"><\/path><\/svg><\/span><h1 class=\"advgb-accordion-header-title\" style=\"color:inherit\">Asignaturas<\/h1><\/div><div class=\"advgb-accordion-body\" style=\"color:#000000;border-style:solid !important;border-width:1px !important;border-color:undefined !important;border-top:none !important;border-radius:2px !important\">\n<figure class=\"wp-block-table alignwide is-style-stripes\"><table class=\"has-fixed-layout\" style=\"border-width:1px\"><tbody><tr><td class=\"has-text-align-left\" data-align=\"left\"><a href=\"http:\/\/minatitlan.tecnm.mx\/wp-content\/uploads\/2022\/11\/Asignaturas_II.zip\">Asignaturas<\/a><\/td><td class=\"has-text-align-right\" data-align=\"right\"><img decoding=\"async\" class=\"wp-image-17486\" style=\"width: 30px;\" src=\"http:\/\/minatitlan.tecnm.mx\/wp-content\/uploads\/2022\/11\/Zip.png\" alt=\"\"><img loading=\"lazy\" decoding=\"async\" width=\"30\" height=\"30\" class=\"wp-image-19000\" style=\"width: 30px;\" src=\"http:\/\/minatitlan.tecnm.mx\/wp-content\/uploads\/2022\/11\/Zip-1.png\" alt=\"\"> <\/td><\/tr><tr><td class=\"has-text-align-left\" data-align=\"left\"><a href=\"http:\/\/minatitlan.tecnm.mx\/wp-content\/uploads\/2022\/11\/Asignaturas_Comunes_II.zip\">Asignaturas comunes<\/a><\/td><td class=\"has-text-align-right\" data-align=\"right\"><img decoding=\"async\" class=\"wp-image-17486\" style=\"width: 30px;\" src=\"http:\/\/minatitlan.tecnm.mx\/wp-content\/uploads\/2022\/11\/Zip.png\" alt=\"\"><img loading=\"lazy\" decoding=\"async\" width=\"30\" height=\"30\" class=\"wp-image-19000\" style=\"width: 30px;\" src=\"http:\/\/minatitlan.tecnm.mx\/wp-content\/uploads\/2022\/11\/Zip-1.png\" alt=\"\"><\/td><\/tr><tr><td class=\"has-text-align-left\" data-align=\"left\"><a href=\"http:\/\/minatitlan.tecnm.mx\/wp-content\/uploads\/2022\/11\/Asignaturas_Equivalentes_II.zip\">Asignaturas equivalentes<\/a><\/td><td class=\"has-text-align-right\" data-align=\"right\"><img decoding=\"async\" class=\"wp-image-17486\" style=\"width: 30px;\" src=\"http:\/\/minatitlan.tecnm.mx\/wp-content\/uploads\/2022\/11\/Zip.png\" alt=\"\"><img loading=\"lazy\" decoding=\"async\" width=\"30\" height=\"30\" class=\"wp-image-19000\" style=\"width: 30px;\" src=\"http:\/\/minatitlan.tecnm.mx\/wp-content\/uploads\/2022\/11\/Zip-1.png\" alt=\"\"><\/td><\/tr><\/tbody><\/table><\/figure>\n<\/div><\/div>\n<\/div>\n","protected":false},"excerpt":{"rendered":"<p>IIND-2010-227 MODALIDAD Escolarizado &#8211; Semestral DURACI\u00d3N 9 Semestres PLAN DE ESTUDIOS Descargar plan de estudios JEFA DE DEPARTAMENTO Carolina Orihuela Vazquezindustrial@minatitlan.tecnm.mx COORDINADOR DE LA CARRERA Alejandro Bielma L\u00f3pezdep_ii@minatitlan.tecnm.mx<\/p>\n","protected":false},"author":1,"featured_media":0,"parent":0,"menu_order":0,"comment_status":"closed","ping_status":"closed","template":"","meta":{"advgb_blocks_editor_width":"","advgb_blocks_columns_visual_guide":"","footnotes":""},"class_list":["post-2399","page","type-page","status-publish","hentry"],"coauthors":[],"author_meta":{"author_link":"https:\/\/minatitlan.tecnm.mx\/index.php\/author\/cc-itmina\/","display_name":"CC-ITMINA"},"relative_dates":{"created":"Publicado 4 a\u00f1os hace","modified":"Actualizado 2 a\u00f1os hace"},"absolute_dates":{"created":"Publicado el 23 septiembre, 2022","modified":"Actualizado el 11 noviembre, 2023"},"absolute_dates_time":{"created":"Publicado el 23 septiembre, 2022 6:57 pm","modified":"Actualizado el 11 noviembre, 2023 11:48 pm"},"featured_img_caption":"","featured_img":false,"series_order":"","_links":{"self":[{"href":"https:\/\/minatitlan.tecnm.mx\/index.php\/wp-json\/wp\/v2\/pages\/2399","targetHints":{"allow":["GET"]}}],"collection":[{"href":"https:\/\/minatitlan.tecnm.mx\/index.php\/wp-json\/wp\/v2\/pages"}],"about":[{"href":"https:\/\/minatitlan.tecnm.mx\/index.php\/wp-json\/wp\/v2\/types\/page"}],"author":[{"embeddable":true,"href":"https:\/\/minatitlan.tecnm.mx\/index.php\/wp-json\/wp\/v2\/users\/1"}],"replies":[{"embeddable":true,"href":"https:\/\/minatitlan.tecnm.mx\/index.php\/wp-json\/wp\/v2\/comments?post=2399"}],"version-history":[{"count":31,"href":"https:\/\/minatitlan.tecnm.mx\/index.php\/wp-json\/wp\/v2\/pages\/2399\/revisions"}],"predecessor-version":[{"id":27917,"href":"https:\/\/minatitlan.tecnm.mx\/index.php\/wp-json\/wp\/v2\/pages\/2399\/revisions\/27917"}],"wp:attachment":[{"href":"https:\/\/minatitlan.tecnm.mx\/index.php\/wp-json\/wp\/v2\/media?parent=2399"}],"curies":[{"name":"wp","href":"https:\/\/api.w.org\/{rel}","templated":true}]}}