{"id":2402,"date":"2022-09-23T18:59:25","date_gmt":"2022-09-23T18:59:25","guid":{"rendered":"http:\/\/localhost\/?page_id=2402"},"modified":"2024-06-24T15:07:55","modified_gmt":"2024-06-24T21:07:55","slug":"ingenieria-quimica","status":"publish","type":"page","link":"https:\/\/minatitlan.tecnm.mx\/index.php\/ingenieria-quimica\/","title":{"rendered":"Ingenier\u00eda Qu\u00edmica"},"content":{"rendered":"\n<div class=\"wp-block-columns is-layout-flex wp-container-core-columns-is-layout-28f84493 wp-block-columns-is-layout-flex\">\n<div class=\"wp-block-column is-layout-flow wp-block-column-is-layout-flow\" style=\"flex-basis:66.66%\">\n<figure class=\"wp-block-image aligncenter size-large\"><img loading=\"lazy\" decoding=\"async\" width=\"1024\" height=\"709\" src=\"http:\/\/minatitlan.tecnm.mx\/wp-content\/uploads\/2022\/10\/10-1024x709.jpg\" alt=\"\" class=\"wp-image-10403\" srcset=\"https:\/\/minatitlan.tecnm.mx\/wp-content\/uploads\/2022\/10\/10-1024x709.jpg 1024w, https:\/\/minatitlan.tecnm.mx\/wp-content\/uploads\/2022\/10\/10-300x208.jpg 300w, https:\/\/minatitlan.tecnm.mx\/wp-content\/uploads\/2022\/10\/10-768x532.jpg 768w, https:\/\/minatitlan.tecnm.mx\/wp-content\/uploads\/2022\/10\/10.jpg 1200w\" sizes=\"auto, (max-width: 1024px) 100vw, 1024px\" \/><\/figure>\n<\/div>\n\n\n\n<div class=\"wp-block-column is-layout-flow wp-block-column-is-layout-flow\" style=\"flex-basis:33.33%\">\n<figure class=\"wp-block-table is-style-stripes has-small-font-size\"><table class=\"has-foreground-color has-text-color has-fixed-layout\"><tbody><tr><td class=\"has-text-align-center\" data-align=\"center\">IQUI-2010-232<\/td><\/tr><tr><td class=\"has-text-align-center\" data-align=\"center\"><strong>MODALIDAD<\/strong><\/td><\/tr><tr><td class=\"has-text-align-center\" data-align=\"center\">Escolarizado &#8211; Semestral<\/td><\/tr><tr><td class=\"has-text-align-center\" data-align=\"center\"><strong>DURACI\u00d3N<\/strong><\/td><\/tr><tr><td class=\"has-text-align-center\" data-align=\"center\">9 Semestres<\/td><\/tr><tr><td class=\"has-text-align-center\" data-align=\"center\"><strong>PLAN DE ESTUDIOS<\/strong><\/td><\/tr><tr><td class=\"has-text-align-center\" data-align=\"center\"><a href=\"http:\/\/minatitlan.tecnm.mx\/wp-content\/uploads\/2022\/11\/Reticula-Ingenieria-Quimica.pdf\" target=\"_blank\" rel=\"noreferrer noopener\">Descargar plan de estudios<\/a><\/td><\/tr><tr><td class=\"has-text-align-center\" data-align=\"center\"><strong>JEFE DE DEPARTAMENTO<\/strong><\/td><\/tr><tr><td class=\"has-text-align-center\" data-align=\"center\">Arturo Bubarela Croda<br>quimica_ambiental@minatitlan.tecnm.mx<\/td><\/tr><tr><td class=\"has-text-align-center\" data-align=\"center\"><strong>COORDINADORA DE LA CARRERA<\/strong><\/td><\/tr><tr><td class=\"has-text-align-center\" data-align=\"center\">Laura Gabriela Mart\u00ednez Montiel<br>dep_iq@minatitlan.tecnm.mx<\/td><\/tr><\/tbody><\/table><\/figure>\n<\/div>\n<\/div>\n\n\n\n<div class=\"wp-block-advgb-accordions advgb-accordions-9246761c-ac7e-49f4-9910-004b4d3e30ba advgb-accordion-wrapper\" data-collapsed=\"true\">\n<div class=\"wp-block-advgb-accordion-item advgb-accordion-item\" style=\"margin-bottom:0\"><div class=\"advgb-accordion-header\" style=\"background-color:#1b396a;color:#ffffff;border-style:solid;border-width:1px;border-radius:2px\"><span class=\"advgb-accordion-header-icon\"><svg fill=\"#ffffff\" xmlns=\"http:\/\/www.w3.org\/2000\/svg\" width=\"24\" height=\"24\" viewBox=\"0 0 24 24\"><path opacity=\"0.87\" fill=\"none\" d=\"M24,24H0L0,0l24,0V24z\"><\/path><path d=\"M16.59,8.59L12,13.17L7.41,8.59L6,10l6,6l6-6L16.59,8.59z\"><\/path><\/svg><\/span><h1 class=\"advgb-accordion-header-title\" style=\"color:inherit\">Perfil de Ingreso<\/h1><\/div><div class=\"advgb-accordion-body\" style=\"color:#000000;border-style:solid !important;border-width:1px !important;border-color:undefined !important;border-top:none !important;border-radius:2px !important\">\n<ol>\n<li>Habilidades en matem\u00e1ticas de \u00e1lgebra, c\u00e1lculo diferencial e integral<\/li>\n<li>Conocimientos b\u00e1sicos de qu\u00edmica y f\u00edsica<\/li>\n<li>Habilidades de lectura, comprensi\u00f3n, resumen y redacci\u00f3n de textos<\/li>\n<li>Conocimiento m\u00ednimo del idioma ingl\u00e9s<\/li>\n<li>Uso b\u00e1sico de las TIC\u00b4s.<\/li>\n<\/ol>\n<\/div><\/div>\n<\/div>\n\n\n\n<div class=\"wp-block-advgb-accordions advgb-accordions-67d0357e-fd1e-45e6-8081-cb2a0d49ba2f advgb-accordion-wrapper\" data-collapsed=\"true\">\n<div class=\"wp-block-advgb-accordion-item advgb-accordion-item\" style=\"margin-bottom:0\"><div class=\"advgb-accordion-header\" style=\"background-color:#1b396a;color:#ffffff;border-style:solid;border-width:1px;border-radius:2px\"><span class=\"advgb-accordion-header-icon\"><svg fill=\"#ffffff\" xmlns=\"http:\/\/www.w3.org\/2000\/svg\" width=\"24\" height=\"24\" viewBox=\"0 0 24 24\"><path opacity=\"0.87\" fill=\"none\" d=\"M24,24H0L0,0l24,0V24z\"><\/path><path d=\"M16.59,8.59L12,13.17L7.41,8.59L6,10l6,6l6-6L16.59,8.59z\"><\/path><\/svg><\/span><h1 class=\"advgb-accordion-header-title\" style=\"color:inherit\">Objetivos Educacionales de la Ingenier\u00eda Qu\u00edmica<\/h1><\/div><div class=\"advgb-accordion-body\" style=\"color:#000000;border-style:solid !important;border-width:1px !important;border-color:undefined !important;border-top:none !important;border-radius:2px !important\">\n<ol>\n<li>\n<p style=\"font-weight: 400;\">El egresado estudia un posgrado y desarrolla investigaci\u00f3n para innovar procesos en la industria o en el sector educativo.<\/p>\n<\/li>\n<li>\n<p style=\"font-weight: 400;\">El egresado a trav\u00e9s de su desempe\u00f1o cubre puestos gerenciales en los sectores p\u00fablicos o privados a nivel nacional o internacional.<\/p>\n<\/li>\n<li>\n<p style=\"font-weight: 400;\">El egresado se actualiza en nuevas tecnolog\u00edas y administra las empresas con sentido humano, legal, \u00e9tico y con responsabilidad social.<\/p>\n<\/li>\n<li>\n<p style=\"font-weight: 400;\">El egresado trabaja con equipos multidisciplinarios de alto desempe\u00f1o para la planeaci\u00f3n, evaluaci\u00f3n y desarrollo de proyectos de construcci\u00f3n, expansi\u00f3n y mejora de procesos industriales.<\/p>\n<\/li>\n<\/ol>\n<\/div><\/div>\n<\/div>\n\n\n\n<div class=\"wp-block-advgb-accordions advgb-accordions-34fce2cc-8edf-43b6-8e4a-786358ec5ed0 advgb-accordion-wrapper\" data-collapsed=\"true\">\n<div class=\"wp-block-advgb-accordion-item advgb-accordion-item\" style=\"margin-bottom:0\"><div class=\"advgb-accordion-header\" style=\"background-color:#1b396a;color:#ffffff;border-style:solid;border-width:1px;border-radius:2px\"><span class=\"advgb-accordion-header-icon\"><svg fill=\"#ffffff\" xmlns=\"http:\/\/www.w3.org\/2000\/svg\" width=\"24\" height=\"24\" viewBox=\"0 0 24 24\"><path opacity=\"0.87\" fill=\"none\" d=\"M24,24H0L0,0l24,0V24z\"><\/path><path d=\"M16.59,8.59L12,13.17L7.41,8.59L6,10l6,6l6-6L16.59,8.59z\"><\/path><\/svg><\/span><h1 class=\"advgb-accordion-header-title\" style=\"color:inherit\">Misi\u00f3n<\/h1><\/div><div class=\"advgb-accordion-body\" style=\"color:#000000;border-style:solid !important;border-width:1px !important;border-color:undefined !important;border-top:none !important;border-radius:2px !important\">\n<p style=\"text-align: justify;\">Formar profesionistas con conocimientos, habilidades y actitudes con un alto valor social, que les permita desempe\u00f1arse en un plano competitivo y de excelencia dentro de un marco global, con competencias inherentes al desarrollo de procesos en las diferentes \u00e1reas de la Ingenier\u00eda Qu\u00edmica e Ingenier\u00eda Ambiental vinculados con los sectores productivo, social y de servicios con el prop\u00f3sito de influir en la soluci\u00f3n de sus problemas y plantear alternativas que propicien el desarrollo sustentable.<\/p>\n<\/div><\/div>\n<\/div>\n\n\n\n<div class=\"wp-block-advgb-accordions advgb-accordions-1fe1d79d-c7b0-4300-bb67-9334a109f8fa advgb-accordion-wrapper\" data-collapsed=\"true\">\n<div class=\"wp-block-advgb-accordion-item advgb-accordion-item\" style=\"margin-bottom:0\"><div class=\"advgb-accordion-header\" style=\"background-color:#1b396a;color:#ffffff;border-style:solid;border-width:1px;border-radius:2px\"><span class=\"advgb-accordion-header-icon\"><svg fill=\"#ffffff\" xmlns=\"http:\/\/www.w3.org\/2000\/svg\" width=\"24\" height=\"24\" viewBox=\"0 0 24 24\"><path opacity=\"0.87\" fill=\"none\" d=\"M24,24H0L0,0l24,0V24z\"><\/path><path d=\"M16.59,8.59L12,13.17L7.41,8.59L6,10l6,6l6-6L16.59,8.59z\"><\/path><\/svg><\/span><h1 class=\"advgb-accordion-header-title\" style=\"color:inherit\">Visi\u00f3n<\/h1><\/div><div class=\"advgb-accordion-body\" style=\"color:#000000;border-style:solid !important;border-width:1px !important;border-color:undefined !important;border-top:none !important;border-radius:2px !important\">\n<p style=\"text-align: justify;\">Ser profesionistas en Ingenier\u00eda Qu\u00edmica e Ingenier\u00eda Ambiental competentes para investigar, generar y aplicar el conocimiento cient\u00edfico y tecnol\u00f3gico, que le permita identificar y resolver problemas de dise\u00f1o, operaci\u00f3n, adaptaci\u00f3n, optimizaci\u00f3n y administraci\u00f3n en industrias qu\u00edmicas y de servicios, con calidad, seguridad, econom\u00eda, usando racional y eficientemente los recursos naturales, conservando el medio ambiente.<\/p>\n<\/div><\/div>\n<\/div>\n\n\n\n<div class=\"wp-block-advgb-accordions advgb-accordions-a69a4f94-72ff-4b52-913b-994345767e15 advgb-accordion-wrapper\" data-collapsed=\"true\">\n<div class=\"wp-block-advgb-accordion-item advgb-accordion-item\" style=\"margin-bottom:0\"><div class=\"advgb-accordion-header\" style=\"background-color:#1b396a;color:#ffffff;border-style:solid;border-width:1px;border-radius:2px\"><span class=\"advgb-accordion-header-icon\"><svg fill=\"#ffffff\" xmlns=\"http:\/\/www.w3.org\/2000\/svg\" width=\"24\" height=\"24\" viewBox=\"0 0 24 24\"><path opacity=\"0.87\" fill=\"none\" d=\"M24,24H0L0,0l24,0V24z\"><\/path><path d=\"M16.59,8.59L12,13.17L7.41,8.59L6,10l6,6l6-6L16.59,8.59z\"><\/path><\/svg><\/span><h1 class=\"advgb-accordion-header-title\" style=\"color:inherit\">Perfil del Egresado<\/h1><\/div><div class=\"advgb-accordion-body\" style=\"color:#000000;border-style:solid !important;border-width:1px !important;border-color:undefined !important;border-top:none !important;border-radius:2px !important\">\n<ol class=\"perfil-list\">\n<li style=\"text-align: justify;\">Dise\u00f1ar, seleccionar, operar, optimizar y controlar procesos en industrias qu\u00edmicas y de servicios con base en el desarrollo tecnol\u00f3gico de acuerdo con las normas de higiene y seguridad, de manera sustentable.<\/li>\n<li style=\"text-align: justify;\">Colaborar en equipos interdisciplinarios y multiculturales en su \u00e1mbito laboral, con actitud innovadora, esp\u00edritu cr\u00edtico, disposici\u00f3n al cambio y apego a la \u00e9tica profesional.<\/li>\n<li style=\"text-align: justify;\">Planear e implementar sistemas de gesti\u00f3n de calidad, ambiental e higiene y seguridad en los diferentes sectores, conforme a las normas nacionales e internacionales.<\/li>\n<li style=\"text-align: justify;\">Utilizar las tecnolog\u00edas de la informaci\u00f3n y comunicaci\u00f3n como herramientas en la construcci\u00f3n de soluciones a problemas de ingenier\u00eda y difundir el conocimiento cient\u00edfico y tecnol\u00f3gico.<\/li>\n<li style=\"text-align: justify;\">Realizar innovaci\u00f3n y adaptaci\u00f3n de tecnolog\u00eda en procesos aplicando la metodolog\u00eda cient\u00edfica, con respeto a la propiedad intelectual.<\/li>\n<li style=\"text-align: justify;\">Utilizar un segundo idioma en su \u00e1mbito laboral seg\u00fan los requerimientos del entorno.<\/li>\n<li style=\"text-align: justify;\">Comunicarse en forma oral y escrita en el \u00e1mbito laboral de manera expedita y concisa.<\/li>\n<li style=\"text-align: justify;\">Demostrar actitud creativa, emprendedora y de liderazgo para impulsar y crear empresas que contribuyan al progreso nacional.<\/li>\n<li style=\"text-align: justify;\">Administrar recursos humanos, materiales y financieros para los sectores p\u00fablico y privado, acorde a modelos administrativos vigentes.<\/li>\n<li style=\"text-align: justify;\">Demostrar actitudes de superaci\u00f3n continua para lograr metas personales y profesionales con pertinencia y competitividad.<\/li>\n<\/ol>\n<\/div><\/div>\n<\/div>\n\n\n\n<div class=\"wp-block-advgb-accordions advgb-accordions-e6c638ac-0aa4-4f46-90b5-8872db4e5ae5 advgb-accordion-wrapper\" data-collapsed=\"true\">\n<div class=\"wp-block-advgb-accordion-item advgb-accordion-item\" style=\"margin-bottom:0\"><div class=\"advgb-accordion-header\" style=\"background-color:#1b396a;color:#ffffff;border-style:solid;border-width:1px;border-radius:2px\"><span class=\"advgb-accordion-header-icon\"><svg fill=\"#ffffff\" xmlns=\"http:\/\/www.w3.org\/2000\/svg\" width=\"24\" height=\"24\" viewBox=\"0 0 24 24\"><path opacity=\"0.87\" fill=\"none\" d=\"M24,24H0L0,0l24,0V24z\"><\/path><path d=\"M16.59,8.59L12,13.17L7.41,8.59L6,10l6,6l6-6L16.59,8.59z\"><\/path><\/svg><\/span><h1 class=\"advgb-accordion-header-title\" style=\"color:inherit\">Atributos del Egresado de Ingenier\u00eda Qu\u00edmica<\/h1><\/div><div class=\"advgb-accordion-body\" style=\"color:#000000;border-style:solid !important;border-width:1px !important;border-color:undefined !important;border-top:none !important;border-radius:2px !important\">\n<ol>\n<li style=\"font-weight: 400; text-align: justify;\">Identificar, formular y resolver problemas de Ingenier\u00eda aplicando principios de las Ciencias B\u00e1sicas, Matem\u00e1ticas e Ingenier\u00eda.<\/li>\n<li style=\"font-weight: 400; text-align: justify;\">Realizar el dimensionamiento de procesos para proponer soluciones que satisfagan necesidades que involucren criterios de salud y seguridad Industrial y el bienestar.<\/li>\n<li style=\"font-weight: 400; text-align: justify;\">Aplicar t\u00e9cnicas anal\u00edticas de laboratorio e investigaci\u00f3n para mejorar los sistemas productivos.<\/li>\n<li style=\"font-weight: 400; text-align: justify;\">Aplicar los conocimientos para la Operaci\u00f3n y Administraci\u00f3n de plantas Industriales y de comunicaci\u00f3n en el \u00e1mbito laboral y personal.<\/li>\n<li style=\"font-weight: 400; text-align: justify;\">Incluir e identificar las responsabilidades \u00e9ticas, profesionales y sustentables en situaciones relacionadas con su quehacer diario de la ingenier\u00eda.<\/li>\n<li style=\"font-weight: 400; text-align: justify;\">Adquirir y aplicar nuevos conocimientos de acuerdo con las necesidades laborales o profesionales como el dominio del idioma ingl\u00e9s y el uso de software de ingenier\u00eda.<\/li>\n<li style=\"font-weight: 400; text-align: justify;\">Trabajar en equipos multidisciplinarios de manera efectiva y eficiente relacionados con la ingenier\u00eda creando un ambiente colaborativo e inclusivo.<\/li>\n<\/ol>\n<\/div><\/div>\n<\/div>\n\n\n\n<div class=\"wp-block-advgb-accordions advgb-accordions-27c65f95-32cc-4d6e-bbe5-d8ac353b16fd advgb-accordion-wrapper\" data-collapsed=\"true\">\n<div class=\"wp-block-advgb-accordion-item advgb-accordion-item\" style=\"margin-bottom:0\"><div class=\"advgb-accordion-header\" style=\"background-color:#1b396a;color:#ffffff;border-style:solid;border-width:1px;border-radius:2px\"><span class=\"advgb-accordion-header-icon\"><svg fill=\"#ffffff\" xmlns=\"http:\/\/www.w3.org\/2000\/svg\" width=\"24\" height=\"24\" viewBox=\"0 0 24 24\"><path opacity=\"0.87\" fill=\"none\" d=\"M24,24H0L0,0l24,0V24z\"><\/path><path d=\"M16.59,8.59L12,13.17L7.41,8.59L6,10l6,6l6-6L16.59,8.59z\"><\/path><\/svg><\/span><h1 class=\"advgb-accordion-header-title\" style=\"color:inherit\">Asignaturas<\/h1><\/div><div class=\"advgb-accordion-body\" style=\"color:#000000;border-style:solid !important;border-width:1px !important;border-color:undefined !important;border-top:none !important;border-radius:2px !important\">\n<figure class=\"wp-block-table alignwide is-style-stripes\"><table class=\"has-fixed-layout\" style=\"border-width:1px\"><tbody><tr><td><a href=\"http:\/\/minatitlan.tecnm.mx\/wp-content\/uploads\/2022\/11\/Asignaturas_IQ.zip\">Asignaturas<\/a><\/td><td class=\"has-text-align-right\" data-align=\"right\"><img loading=\"lazy\" decoding=\"async\" width=\"30\" height=\"30\" class=\"wp-image-19000\" style=\"width: 30px;\" src=\"http:\/\/minatitlan.tecnm.mx\/wp-content\/uploads\/2022\/11\/Zip-1.png\" alt=\"\"><img decoding=\"async\" class=\"wp-image-17486\" style=\"width: 30px;\" src=\"http:\/\/minatitlan.tecnm.mx\/wp-content\/uploads\/2022\/11\/Zip.png\" alt=\"\"> <\/td><\/tr><tr><td><a href=\"http:\/\/minatitlan.tecnm.mx\/wp-content\/uploads\/2022\/11\/Asignaturas_Comunes_IQ.zip\">Asignaturas comunes<\/a><\/td><td class=\"has-text-align-right\" data-align=\"right\"><img decoding=\"async\" class=\"wp-image-17486\" style=\"width: 30px;\" src=\"http:\/\/minatitlan.tecnm.mx\/wp-content\/uploads\/2022\/11\/Zip.png\" alt=\"\"><img loading=\"lazy\" decoding=\"async\" width=\"30\" height=\"30\" class=\"wp-image-19000\" style=\"width: 30px;\" src=\"http:\/\/minatitlan.tecnm.mx\/wp-content\/uploads\/2022\/11\/Zip-1.png\" alt=\"\"><\/td><\/tr><tr><td><a href=\"http:\/\/minatitlan.tecnm.mx\/wp-content\/uploads\/2022\/11\/Asignaturas_Equivalentes_IQ.zip\">Asignaturas equivalentes<\/a><\/td><td class=\"has-text-align-right\" data-align=\"right\"><img decoding=\"async\" class=\"wp-image-17486\" style=\"width: 30px;\" src=\"http:\/\/minatitlan.tecnm.mx\/wp-content\/uploads\/2022\/11\/Zip.png\" alt=\"\"><img loading=\"lazy\" decoding=\"async\" width=\"30\" height=\"30\" class=\"wp-image-19000\" style=\"width: 30px;\" src=\"http:\/\/minatitlan.tecnm.mx\/wp-content\/uploads\/2022\/11\/Zip-1.png\" alt=\"\"><\/td><\/tr><\/tbody><\/table><\/figure>\n<\/div><\/div>\n<\/div>\n","protected":false},"excerpt":{"rendered":"<p>IQUI-2010-232 MODALIDAD Escolarizado &#8211; Semestral DURACI\u00d3N 9 Semestres PLAN DE ESTUDIOS Descargar plan de estudios JEFE DE DEPARTAMENTO Arturo Bubarela Crodaquimica_ambiental@minatitlan.tecnm.mx COORDINADORA DE LA CARRERA Laura Gabriela Mart\u00ednez Montieldep_iq@minatitlan.tecnm.mx<\/p>\n","protected":false},"author":1,"featured_media":0,"parent":0,"menu_order":0,"comment_status":"closed","ping_status":"closed","template":"","meta":{"advgb_blocks_editor_width":"","advgb_blocks_columns_visual_guide":"","footnotes":""},"class_list":["post-2402","page","type-page","status-publish","hentry"],"coauthors":[],"author_meta":{"author_link":"https:\/\/minatitlan.tecnm.mx\/index.php\/author\/cc-itmina\/","display_name":"CC-ITMINA"},"relative_dates":{"created":"Publicado 4 a\u00f1os hace","modified":"Actualizado 2 a\u00f1os hace"},"absolute_dates":{"created":"Publicado el 23 septiembre, 2022","modified":"Actualizado el 24 junio, 2024"},"absolute_dates_time":{"created":"Publicado el 23 septiembre, 2022 6:59 pm","modified":"Actualizado el 24 junio, 2024 3:07 pm"},"featured_img_caption":"","featured_img":false,"series_order":"","_links":{"self":[{"href":"https:\/\/minatitlan.tecnm.mx\/index.php\/wp-json\/wp\/v2\/pages\/2402","targetHints":{"allow":["GET"]}}],"collection":[{"href":"https:\/\/minatitlan.tecnm.mx\/index.php\/wp-json\/wp\/v2\/pages"}],"about":[{"href":"https:\/\/minatitlan.tecnm.mx\/index.php\/wp-json\/wp\/v2\/types\/page"}],"author":[{"embeddable":true,"href":"https:\/\/minatitlan.tecnm.mx\/index.php\/wp-json\/wp\/v2\/users\/1"}],"replies":[{"embeddable":true,"href":"https:\/\/minatitlan.tecnm.mx\/index.php\/wp-json\/wp\/v2\/comments?post=2402"}],"version-history":[{"count":22,"href":"https:\/\/minatitlan.tecnm.mx\/index.php\/wp-json\/wp\/v2\/pages\/2402\/revisions"}],"predecessor-version":[{"id":37587,"href":"https:\/\/minatitlan.tecnm.mx\/index.php\/wp-json\/wp\/v2\/pages\/2402\/revisions\/37587"}],"wp:attachment":[{"href":"https:\/\/minatitlan.tecnm.mx\/index.php\/wp-json\/wp\/v2\/media?parent=2402"}],"curies":[{"name":"wp","href":"https:\/\/api.w.org\/{rel}","templated":true}]}}