{"id":2404,"date":"2022-09-23T18:59:51","date_gmt":"2022-09-23T18:59:51","guid":{"rendered":"http:\/\/localhost\/?page_id=2404"},"modified":"2025-03-11T01:34:15","modified_gmt":"2025-03-11T07:34:15","slug":"ingenieria-electromecanica","status":"publish","type":"page","link":"https:\/\/minatitlan.tecnm.mx\/index.php\/ingenieria-electromecanica\/","title":{"rendered":"Ingenier\u00eda Electromec\u00e1nica"},"content":{"rendered":"\n<div class=\"wp-block-columns is-layout-flex wp-container-core-columns-is-layout-28f84493 wp-block-columns-is-layout-flex\">\n<div class=\"wp-block-column is-layout-flow wp-block-column-is-layout-flow\" style=\"flex-basis:66.66%\">\n<figure class=\"wp-block-image aligncenter size-full\"><img loading=\"lazy\" decoding=\"async\" width=\"771\" height=\"479\" src=\"http:\/\/minatitlan.tecnm.mx\/wp-content\/uploads\/2022\/11\/141.jpeg\" alt=\"\" class=\"wp-image-19291\" srcset=\"https:\/\/minatitlan.tecnm.mx\/wp-content\/uploads\/2022\/11\/141.jpeg 771w, https:\/\/minatitlan.tecnm.mx\/wp-content\/uploads\/2022\/11\/141-300x186.jpeg 300w, https:\/\/minatitlan.tecnm.mx\/wp-content\/uploads\/2022\/11\/141-768x477.jpeg 768w\" sizes=\"auto, (max-width: 771px) 100vw, 771px\" \/><\/figure>\n<\/div>\n\n\n\n<div class=\"wp-block-column is-layout-flow wp-block-column-is-layout-flow\" style=\"flex-basis:33.33%\">\n<figure class=\"wp-block-table is-style-stripes\" style=\"font-size:15px\"><table class=\"has-foreground-color has-text-color\"><tbody><tr><td class=\"has-text-align-center\" data-align=\"center\">IEME-2010-210<\/td><\/tr><tr><td class=\"has-text-align-center\" data-align=\"center\"><strong>MODALIDAD<\/strong><\/td><\/tr><tr><td class=\"has-text-align-center\" data-align=\"center\">Escolarizado &#8211; Semestral<\/td><\/tr><tr><td class=\"has-text-align-center\" data-align=\"center\"><strong>DURACI\u00d3N<\/strong><\/td><\/tr><tr><td class=\"has-text-align-center\" data-align=\"center\">9 Semestres<\/td><\/tr><tr><td class=\"has-text-align-center\" data-align=\"center\"><strong>TOTAL DE CR\u00c9DITOS<\/strong><\/td><\/tr><tr><td class=\"has-text-align-center\" data-align=\"center\">260<\/td><\/tr><tr><td class=\"has-text-align-center\" data-align=\"center\"><strong>PLAN DE ESTUDIOS<\/strong><\/td><\/tr><tr><td class=\"has-text-align-center\" data-align=\"center\"><a href=\"http:\/\/minatitlan.tecnm.mx\/wp-content\/uploads\/2022\/11\/Reticula-Ingenieria-electromecanica.pdf\" target=\"_blank\" rel=\"noreferrer noopener\">Descargar plan de estudios<\/a><\/td><\/tr><tr><td class=\"has-text-align-center\" data-align=\"center\"><strong>JEFE DE DEPARTAMENTO<\/strong><\/td><\/tr><tr><td class=\"has-text-align-center\" data-align=\"center\">Gen\u00e1ro Fern\u00e1ndez Olivares<br>metalmecanica@minatitlan.tecnm.mx<\/td><\/tr><tr><td class=\"has-text-align-center\" data-align=\"center\"><strong>COORDINADOR DE LA CARRERA<\/strong><\/td><\/tr><tr><td class=\"has-text-align-center\" data-align=\"center\">Isaac Mario Garc\u00eda Guill\u00e9n<br>dep_iem@minatitlan.tecnm.mx<\/td><\/tr><\/tbody><\/table><\/figure>\n<\/div>\n<\/div>\n\n\n\n<div class=\"wp-block-advgb-accordions advgb-accordions-1319eebe-b510-4a47-91d0-d3ae357ea19d advgb-accordion-wrapper\" data-collapsed=\"true\">\n<div class=\"wp-block-advgb-accordion-item advgb-accordion-item\" style=\"margin-bottom:0\"><div class=\"advgb-accordion-header\" style=\"background-color:#1b396a;color:#ffffff;border-style:solid;border-width:1px;border-radius:2px\"><span class=\"advgb-accordion-header-icon\"><svg fill=\"#fff\" xmlns=\"http:\/\/www.w3.org\/2000\/svg\" width=\"24\" height=\"24\" viewBox=\"0 0 24 24\"><path opacity=\"0.87\" fill=\"none\" d=\"M24,24H0L0,0l24,0V24z\"><\/path><path d=\"M16.59,8.59L12,13.17L7.41,8.59L6,10l6,6l6-6L16.59,8.59z\"><\/path><\/svg><\/span><h1 class=\"advgb-accordion-header-title\" style=\"color:inherit\">Perfil de Ingreso<\/h1><\/div><div class=\"advgb-accordion-body\" style=\"border-style:solid !important;border-width:1px !important;border-color:undefined !important;border-top:none !important;border-radius:2px !important\">\n<p style=\"text-align: justify;\">Los aspirantes deber\u00e1n ser egresados del sistema de Educaci\u00f3n Media Superior y tendr\u00e1n que contar preferentemente con un conjunto de conocimientos, habilidades, actitudes y valores definidos, que deber\u00e1n reunir para el adecuado desarrollo del programa de Licenciatura en Ingenier\u00eda Electromec\u00e1nica.<\/p>\n<p style=\"text-align: justify;\">El aspirante a cursar la carrera de Ingenier\u00eda Electromec\u00e1nica en el TecNM Campus Minatitl\u00e1n debe contar con el siguiente perfil:<\/p>\n<ol>\n<li>Inter\u00e9s por descubrir nuevos conocimientos y resolver problemas.<\/li>\n<li>Aptitud de razonamiento l\u00f3gico en la resoluci\u00f3n de problemas de observaci\u00f3n cr\u00edtica y de an\u00e1lisis creativo<\/li>\n<li>Personalidad innovadora, emprendedora y propositiva.<\/li>\n<li>Conocimientos te\u00f3ricos y pr\u00e1cticos de las ciencias f\u00edsico-matem\u00e1ticas<\/li>\n<li>Habilidades en aplicar el razonamiento l\u00f3gico: de an\u00e1lisis, s\u00edntesis y aplicaci\u00f3n del conocimiento.<\/li>\n<li>Disposici\u00f3n para el auto aprendizaje que propicie su desarrollo intelectual, afectivo y social.<\/li>\n<li>Actitud de responsabilidad, respeto a las personas, al medio ambiente y a las ideas, puntualidad, valores de tolerancia y puntualidad.<\/li>\n<\/ol>\n<\/div><\/div>\n<\/div>\n\n\n\n<div class=\"wp-block-advgb-accordions advgb-accordions-5e7e78bf-9208-4a41-b508-75f44f0e8e08 advgb-accordion-wrapper\" data-collapsed=\"true\">\n<div class=\"wp-block-advgb-accordion-item advgb-accordion-item\" style=\"margin-bottom:0\"><div class=\"advgb-accordion-header\" style=\"background-color:#1b396a;color:#ffffff;border-style:solid;border-width:1px;border-radius:2px\"><span class=\"advgb-accordion-header-icon\"><svg fill=\"#fff\" xmlns=\"http:\/\/www.w3.org\/2000\/svg\" width=\"24\" height=\"24\" viewBox=\"0 0 24 24\"><path opacity=\"0.87\" fill=\"none\" d=\"M24,24H0L0,0l24,0V24z\"><\/path><path d=\"M16.59,8.59L12,13.17L7.41,8.59L6,10l6,6l6-6L16.59,8.59z\"><\/path><\/svg><\/span><h1 class=\"advgb-accordion-header-title\" style=\"color:inherit\">Objetivo General<\/h1><\/div><div class=\"advgb-accordion-body\" style=\"border-style:solid !important;border-width:1px !important;border-color:undefined !important;border-top:none !important;border-radius:2px !important\">\n<p style=\"text-align: justify;\">Formar profesionistas de excelencia en Ingenier\u00eda Electromec\u00e1nica, con actitud emprendedora, liderazgo y capacidad de: analizar, diagnosticar, dise\u00f1ar, seleccionar, instalar, administrar, mantener e innovar sistemas electromec\u00e1nicos, en forma eficiente, segura y econ\u00f3mica, considerando las normas y est\u00e1ndares nacionales e internacionales de forma sustentable con plena conciencia \u00e9tica, human\u00edstica y social.<\/p>\n<\/div><\/div>\n<\/div>\n\n\n\n<div class=\"wp-block-advgb-accordions advgb-accordions-a1382a57-3610-4f9b-b583-701a6ecb3796 advgb-accordion-wrapper\" data-collapsed=\"true\">\n<div class=\"wp-block-advgb-accordion-item advgb-accordion-item\" style=\"margin-bottom:0\"><div class=\"advgb-accordion-header\" style=\"background-color:#1b396a;color:#ffffff;border-style:solid;border-width:1px;border-radius:2px\"><span class=\"advgb-accordion-header-icon\"><svg fill=\"#fff\" xmlns=\"http:\/\/www.w3.org\/2000\/svg\" width=\"24\" height=\"24\" viewBox=\"0 0 24 24\"><path opacity=\"0.87\" fill=\"none\" d=\"M24,24H0L0,0l24,0V24z\"><\/path><path d=\"M16.59,8.59L12,13.17L7.41,8.59L6,10l6,6l6-6L16.59,8.59z\"><\/path><\/svg><\/span><h1 class=\"advgb-accordion-header-title\" style=\"color:inherit\">Misi\u00f3n y Visi\u00f3n del Departamento de Metal Mec\u00e1nica<\/h1><\/div><div class=\"advgb-accordion-body\" style=\"border-style:solid !important;border-width:1px !important;border-color:undefined !important;border-top:none !important;border-radius:2px !important\">\n<p><strong>Misi\u00f3n<\/strong><\/p>\n<p style=\"text-align: justify;\">Ofrecer un servicio educativo de excelencia en el \u00e1rea de ingenier\u00eda electromec\u00e1nica con calidad, eficiencia y pertinencia, para formar profesionales de excelencia que satisfagan las necesidades del entorno social e industrial de la regi\u00f3n.<\/p>\n<p><strong>Visi\u00f3n<\/strong><\/p>\n<p style=\"text-align: justify;\">Ser uno de los mejores Departamentos de Metal Mec\u00e1nica del Sistema Tecnol\u00f3gico a nivel nacional en cuanto a los indicadores de calidad acad\u00e9mica, administrativa y servicios que de respuesta a las necesidades del entorno social.<\/p>\n<\/div><\/div>\n<\/div>\n\n\n\n<div class=\"wp-block-advgb-accordions advgb-accordions-411f0282-2643-4ee9-a89f-e9a663768514 advgb-accordion-wrapper\" data-collapsed=\"true\">\n<div class=\"wp-block-advgb-accordion-item advgb-accordion-item\" style=\"margin-bottom:0\"><div class=\"advgb-accordion-header\" style=\"background-color:#1b396a;color:#ffffff;border-style:solid;border-width:1px;border-radius:2px\"><span class=\"advgb-accordion-header-icon\"><svg fill=\"#fff\" xmlns=\"http:\/\/www.w3.org\/2000\/svg\" width=\"24\" height=\"24\" viewBox=\"0 0 24 24\"><path opacity=\"0.87\" fill=\"none\" d=\"M24,24H0L0,0l24,0V24z\"><\/path><path d=\"M16.59,8.59L12,13.17L7.41,8.59L6,10l6,6l6-6L16.59,8.59z\"><\/path><\/svg><\/span><h1 class=\"advgb-accordion-header-title\" style=\"color:inherit\">Perfil de Egreso<\/h1><\/div><div class=\"advgb-accordion-body\" style=\"border-style:solid !important;border-width:1px !important;border-color:undefined !important;border-top:none !important;border-radius:2px !important\">\n<ol class=\"perfil-list\">\n<li style=\"text-align: justify;\">Formula, gestiona y eval\u00faa proyectos de ingenier\u00eda relacionados con sistemas y dispositivos en el \u00e1rea electromec\u00e1nica, proponiendo soluciones con tecnolog\u00edas de vanguardia, en el marco del desarrollo sustentable.<\/li>\n<li style=\"text-align: justify;\">Dise\u00f1a e implementa sistemas y dispositivos electromec\u00e1nicos, utilizando estrategias para el uso eficiente de la energ\u00eda en los sectores productivo y de servicios apegado a normas y acuerdos nacionales e internacionales vigentes.<\/li>\n<li style=\"text-align: justify;\">Dise\u00f1a e implementa estrategias y programas para el control y\/o automatizaci\u00f3n de los procesos productivos y los dispositivos en los sistemas electromec\u00e1nicos.<\/li>\n<li style=\"text-align: justify;\">Proyectar, gestionar, implementar y controlar actividades de instalaci\u00f3n y operaci\u00f3n de los sistemas electromec\u00e1nicos para hacer eficientes los procesos productivos.<\/li>\n<li style=\"text-align: justify;\">Formula administra y supervisa programas de mantenimiento para la continuidad y optimizaci\u00f3n de procesos productivos.<\/li>\n<li style=\"text-align: justify;\">Genera y participa en proyectos de investigaci\u00f3n para el desarrollo cient\u00edfico y tecnol\u00f3gico contribuyendo al bienestar social.<\/li>\n<li style=\"text-align: justify;\">Ejerce actitudes de liderazgo y de trabajo en equipo, para la toma de decisiones a partir de un sentido \u00e9tico y profesional.<\/li>\n<li style=\"text-align: justify;\">Asume una actitud emprendedora en la creaci\u00f3n e incubaci\u00f3n de empresas, para el desarrollo econ\u00f3mico.<\/li>\n<li style=\"text-align: justify;\">Aplica herramientas computacionales de acuerdo a las tecnolog\u00edas de vanguardia, para el dise\u00f1o, simulaci\u00f3n y operaci\u00f3n de sistemas electromec\u00e1nicos acordes a la demanda del sector industrial.<\/li>\n<li style=\"text-align: justify;\">Utiliza el lenguaje oral y escrito con claridad y fluidez para interactuar en distintos contextos sociales.<\/li>\n<li style=\"text-align: justify;\">Comprende un segundo idioma para comunicar ideas e interpretar documentos de distinta \u00edndole.<\/li>\n<\/ol>\n<\/div><\/div>\n<\/div>\n\n\n\n<div class=\"wp-block-advgb-accordions advgb-accordions-4355a1d8-178b-42b4-a198-eaefb482c5d8 advgb-accordion-wrapper\" data-collapsed=\"true\">\n<div class=\"wp-block-advgb-accordion-item advgb-accordion-item\" style=\"margin-bottom:15px\"><div class=\"advgb-accordion-header\" style=\"background-color:#1b396a;color:#ffffff;border-style:solid;border-width:1px;border-radius:2px\"><span class=\"advgb-accordion-header-icon\"><svg fill=\"#fff\" xmlns=\"http:\/\/www.w3.org\/2000\/svg\" width=\"24\" height=\"24\" viewBox=\"0 0 24 24\"><path opacity=\"0.87\" fill=\"none\" d=\"M24,24H0L0,0l24,0V24z\"><\/path><path d=\"M16.59,8.59L12,13.17L7.41,8.59L6,10l6,6l6-6L16.59,8.59z\"><\/path><\/svg><\/span><h1 class=\"advgb-accordion-header-title\" style=\"color:inherit\">Objetivos Educacionales de la Licenciatura en Ingenier\u00eda Electromec\u00e1nica<\/h1><\/div><div class=\"advgb-accordion-body\" style=\"border-style:solid !important;border-width:1px !important;border-color:undefined !important;border-top:none !important;border-radius:2px !important\">\n<p style=\"text-align: center;\">DESARROLLADOS POR LA H. ACADEMIA EL D\u00cdA 10 DE AGOSTO DE 2022<\/p>\n<ol>\n<li style=\"text-align: justify;\">Aplica conocimientos especializados afines al campo de la investigaci\u00f3n y de la ingenier\u00eda en el sector productivo y de servicios.<\/li>\n<li style=\"text-align: justify;\">Aplica y supervisa Proyectos orientados a la utilizaci\u00f3n de fuentes renovables<span class=\"Apple-converted-space\">&nbsp;&nbsp;<\/span>y uso eficiente de la energ\u00eda en los sectores productivos, de servicios y en su entorno social.<\/li>\n<li style=\"text-align: justify;\">Desempe\u00f1a actividades en la docencia y en la administraci\u00f3n dentro de los niveles educativos superior y medio-superior contribuyendo a la preparaci\u00f3n profesional de los estudiantes.<\/li>\n<li style=\"text-align: justify;\">Ejecuta y supervisa trabajos de operaci\u00f3n, mantenimiento y redise\u00f1o en el \u00e1rea de electromec\u00e1nica en el sector productivo y de servicios con un enfoque sustentable y capacita al recurso humano especializado.<\/li>\n<li style=\"text-align: justify;\">Utiliza equipos especializados para la mejora de los sistemas electromec\u00e1nicos en el sector productivo y de servicios.<\/li>\n<li>Desarrolla y participa en Proyectos de Mantenimiento y actualizaci\u00f3n en sistemas electromec\u00e1nicos del sector productivo y de servicios.<\/li>\n<\/ol>\n<\/div><\/div>\n<\/div>\n\n\n\n<div class=\"wp-block-advgb-accordions advgb-accordions-0ebfd7af-0ca3-421d-9bdb-5b3acec4e8a1 advgb-accordion-wrapper\" data-collapsed=\"true\">\n<div class=\"wp-block-advgb-accordion-item advgb-accordion-item\" style=\"margin-bottom:15px\"><div class=\"advgb-accordion-header\" style=\"background-color:#1b396a;color:#ffffff;border-style:solid;border-width:1px;border-radius:2px\"><span class=\"advgb-accordion-header-icon\"><svg fill=\"#fff\" xmlns=\"http:\/\/www.w3.org\/2000\/svg\" width=\"24\" height=\"24\" viewBox=\"0 0 24 24\"><path opacity=\"0.87\" fill=\"none\" d=\"M24,24H0L0,0l24,0V24z\"><\/path><path d=\"M16.59,8.59L12,13.17L7.41,8.59L6,10l6,6l6-6L16.59,8.59z\"><\/path><\/svg><\/span><h1 class=\"advgb-accordion-header-title\" style=\"color:inherit\">Atributos de Egreso de la Licenciatura en Ingenier\u00eda Electromec\u00e1nica<\/h1><\/div><div class=\"advgb-accordion-body\" style=\"border-style:solid !important;border-width:1px !important;border-color:undefined !important;border-top:none !important;border-radius:2px !important\">\n<p style=\"text-align: center;\">DESARROLLADOS POR LA H.ACADEMIA EL D\u00cdA 16 DE AGOSTO DE 2022<\/p>\n<ol>\n<li style=\"text-align: justify;\">Desarrolla proyectos de ingenier\u00eda relacionados con la selecci\u00f3n, el dise\u00f1o, la evaluaci\u00f3n y el mantenimiento de equipos termo t\u00e9cnicos y de termo fluidos, utilizando estrategias para el uso eficiente de la energ\u00eda y las herramientas computacionales y de informaci\u00f3n cient\u00edfica existentes en esta \u00e1rea.<\/li>\n<li style=\"text-align: justify;\">Formula proyectos de ingenier\u00eda relacionados con la selecci\u00f3n, el dise\u00f1o y mantenimiento en instalaciones, control y automatizaci\u00f3n de sistemas electromec\u00e1nicos, en los sectores productivos y de servicios, promoviendo una cultura de ahorro y uso eficiente de la energ\u00eda y el cuidado del medio ambiente.<\/li>\n<li style=\"text-align: justify;\">Gestiona proyectos de ingenier\u00eda relacionados con el dise\u00f1o, la selecci\u00f3n, evaluaci\u00f3n y mantenimiento de elementos mec\u00e1nicos y equipos electromec\u00e1nicos con apego en las normas vigentes, utilizando las tecnolog\u00edas de informaci\u00f3n, comunicaci\u00f3n eficaz y con responsabilidad \u00e9tica y profesional.&nbsp;<\/li>\n<li style=\"text-align: justify;\">Formula proyectos de ingenier\u00eda relacionados con el mantenimiento a sistemas: est\u00e1ticos, din\u00e1micos y el\u00e9ctricos de manera sustentable, atendiendo a las necesidades del sector productivo y social, acorde a la normatividad aplicable nacional e internacional vigente.<\/li>\n<li style=\"text-align: justify;\">Desarrolla actitudes de liderazgo y trabajo en equipo a partir de un sentido \u00e9tico y profesional, con un amplio car\u00e1cter emprendedor y creativo, utilizando el lenguaje oral y escrito de manera adecuada.<\/li>\n<\/ol>\n<\/div><\/div>\n<\/div>\n\n\n\n<div class=\"wp-block-advgb-accordions advgb-accordions-42f748a1-24cc-49d0-8630-726f43438789 advgb-accordion-wrapper\" data-collapsed=\"true\">\n<div class=\"wp-block-advgb-accordion-item advgb-accordion-item\" style=\"margin-bottom:15px\"><div class=\"advgb-accordion-header\" style=\"background-color:#1b396a;color:#ffffff;border-style:solid;border-width:1px;border-radius:2px\"><span class=\"advgb-accordion-header-icon\"><svg fill=\"#fff\" xmlns=\"http:\/\/www.w3.org\/2000\/svg\" width=\"24\" height=\"24\" viewBox=\"0 0 24 24\"><path opacity=\"0.87\" fill=\"none\" d=\"M24,24H0L0,0l24,0V24z\"><\/path><path d=\"M16.59,8.59L12,13.17L7.41,8.59L6,10l6,6l6-6L16.59,8.59z\"><\/path><\/svg><\/span><h1 class=\"advgb-accordion-header-title\" style=\"color:inherit\">Asignaturas<\/h1><\/div><div class=\"advgb-accordion-body\" style=\"border-style:solid !important;border-width:1px !important;border-color:undefined !important;border-top:none !important;border-radius:2px !important\">\n<figure class=\"wp-block-table alignwide is-style-stripes\"><table style=\"border-width:1px\"><tbody><tr><td><a href=\"http:\/\/minatitlan.tecnm.mx\/wp-content\/uploads\/2022\/11\/Asignaturas_IEM.zip\">Asignaturas<\/a><\/td><td class=\"has-text-align-right\" data-align=\"right\"><img decoding=\"async\" class=\"wp-image-17486\" style=\"width: 30px;\" src=\"http:\/\/minatitlan.tecnm.mx\/wp-content\/uploads\/2022\/11\/Zip.png\" alt=\"\"> <img loading=\"lazy\" decoding=\"async\" width=\"30\" height=\"30\" class=\"wp-image-19000\" style=\"width: 30px;\" src=\"http:\/\/minatitlan.tecnm.mx\/wp-content\/uploads\/2022\/11\/Zip-1.png\" alt=\"\"><\/td><\/tr><tr><td><a href=\"http:\/\/minatitlan.tecnm.mx\/wp-content\/uploads\/2022\/11\/Asignaturas_Comunes_IEM.zip\">Asignaturas comunes<\/a><\/td><td class=\"has-text-align-right\" data-align=\"right\"><img decoding=\"async\" class=\"wp-image-17486\" style=\"width: 30px;\" src=\"http:\/\/minatitlan.tecnm.mx\/wp-content\/uploads\/2022\/11\/Zip.png\" alt=\"\"><img loading=\"lazy\" decoding=\"async\" width=\"30\" height=\"30\" class=\"wp-image-19000\" style=\"width: 30px;\" src=\"http:\/\/minatitlan.tecnm.mx\/wp-content\/uploads\/2022\/11\/Zip-1.png\" alt=\"\"><\/td><\/tr><tr><td><a href=\"http:\/\/minatitlan.tecnm.mx\/wp-content\/uploads\/2022\/11\/Asignaturas_Equivalentes_IEM.zip\">Asignaturas equivalentes<\/a><\/td><td class=\"has-text-align-right\" data-align=\"right\"><img decoding=\"async\" class=\"wp-image-17486\" style=\"width: 30px;\" src=\"http:\/\/minatitlan.tecnm.mx\/wp-content\/uploads\/2022\/11\/Zip.png\" alt=\"\"><img loading=\"lazy\" decoding=\"async\" width=\"30\" height=\"30\" class=\"wp-image-19000\" style=\"width: 30px;\" src=\"http:\/\/minatitlan.tecnm.mx\/wp-content\/uploads\/2022\/11\/Zip-1.png\" alt=\"\"><\/td><\/tr><\/tbody><\/table><\/figure>\n<\/div><\/div>\n<\/div>\n","protected":false},"excerpt":{"rendered":"<p>IEME-2010-210 MODALIDAD Escolarizado &#8211; Semestral DURACI\u00d3N 9 Semestres TOTAL DE CR\u00c9DITOS 260 PLAN DE ESTUDIOS Descargar plan de estudios JEFE DE DEPARTAMENTO Gen\u00e1ro Fern\u00e1ndez Olivaresmetalmecanica@minatitlan.tecnm.mx COORDINADOR DE LA CARRERA Isaac Mario Garc\u00eda Guill\u00e9ndep_iem@minatitlan.tecnm.mx<\/p>\n","protected":false},"author":1,"featured_media":0,"parent":0,"menu_order":0,"comment_status":"closed","ping_status":"closed","template":"","meta":{"advgb_blocks_editor_width":"","advgb_blocks_columns_visual_guide":"","footnotes":""},"class_list":["post-2404","page","type-page","status-publish","hentry"],"coauthors":[],"author_meta":{"author_link":"https:\/\/minatitlan.tecnm.mx\/index.php\/author\/cc-itmina\/","display_name":"CC-ITMINA"},"relative_dates":{"created":"Publicado 4 a\u00f1os hace","modified":"Actualizado 1 a\u00f1o hace"},"absolute_dates":{"created":"Publicado el 23 septiembre, 2022","modified":"Actualizado el 11 marzo, 2025"},"absolute_dates_time":{"created":"Publicado el 23 septiembre, 2022 6:59 pm","modified":"Actualizado el 11 marzo, 2025 1:34 am"},"featured_img_caption":"","featured_img":false,"series_order":"","_links":{"self":[{"href":"https:\/\/minatitlan.tecnm.mx\/index.php\/wp-json\/wp\/v2\/pages\/2404","targetHints":{"allow":["GET"]}}],"collection":[{"href":"https:\/\/minatitlan.tecnm.mx\/index.php\/wp-json\/wp\/v2\/pages"}],"about":[{"href":"https:\/\/minatitlan.tecnm.mx\/index.php\/wp-json\/wp\/v2\/types\/page"}],"author":[{"embeddable":true,"href":"https:\/\/minatitlan.tecnm.mx\/index.php\/wp-json\/wp\/v2\/users\/1"}],"replies":[{"embeddable":true,"href":"https:\/\/minatitlan.tecnm.mx\/index.php\/wp-json\/wp\/v2\/comments?post=2404"}],"version-history":[{"count":32,"href":"https:\/\/minatitlan.tecnm.mx\/index.php\/wp-json\/wp\/v2\/pages\/2404\/revisions"}],"predecessor-version":[{"id":43989,"href":"https:\/\/minatitlan.tecnm.mx\/index.php\/wp-json\/wp\/v2\/pages\/2404\/revisions\/43989"}],"wp:attachment":[{"href":"https:\/\/minatitlan.tecnm.mx\/index.php\/wp-json\/wp\/v2\/media?parent=2404"}],"curies":[{"name":"wp","href":"https:\/\/api.w.org\/{rel}","templated":true}]}}