{"id":2406,"date":"2022-09-23T19:00:23","date_gmt":"2022-09-23T19:00:23","guid":{"rendered":"http:\/\/localhost\/?page_id=2406"},"modified":"2025-12-08T22:46:43","modified_gmt":"2025-12-09T04:46:43","slug":"ingenieria-electronica","status":"publish","type":"page","link":"https:\/\/minatitlan.tecnm.mx\/index.php\/ingenieria-electronica\/","title":{"rendered":"Ingenier\u00eda Electr\u00f3nica"},"content":{"rendered":"\n<div class=\"wp-block-columns is-layout-flex wp-container-core-columns-is-layout-28f84493 wp-block-columns-is-layout-flex\">\n<div class=\"wp-block-column is-layout-flow wp-block-column-is-layout-flow\" style=\"flex-basis:66.66%\">\n<figure class=\"wp-block-image size-large\"><img loading=\"lazy\" decoding=\"async\" width=\"1024\" height=\"683\" src=\"http:\/\/minatitlan.tecnm.mx\/wp-content\/uploads\/2022\/10\/ET1-1024x683.jpg\" alt=\"\" class=\"wp-image-4769\" srcset=\"https:\/\/minatitlan.tecnm.mx\/wp-content\/uploads\/2022\/10\/ET1-1024x683.jpg 1024w, https:\/\/minatitlan.tecnm.mx\/wp-content\/uploads\/2022\/10\/ET1-300x200.jpg 300w, https:\/\/minatitlan.tecnm.mx\/wp-content\/uploads\/2022\/10\/ET1-768x512.jpg 768w, https:\/\/minatitlan.tecnm.mx\/wp-content\/uploads\/2022\/10\/ET1-1536x1024.jpg 1536w, https:\/\/minatitlan.tecnm.mx\/wp-content\/uploads\/2022\/10\/ET1-2048x1366.jpg 2048w\" sizes=\"auto, (max-width: 1024px) 100vw, 1024px\" \/><\/figure>\n<\/div>\n\n\n\n<div class=\"wp-block-column is-layout-flow wp-block-column-is-layout-flow\" style=\"flex-basis:33.33%\">\n<figure class=\"wp-block-table is-style-stripes has-small-font-size\"><table class=\"has-foreground-color has-text-color has-fixed-layout\"><tbody><tr><td class=\"has-text-align-center\" data-align=\"center\">IELC-2010-211<\/td><\/tr><tr><td class=\"has-text-align-center\" data-align=\"center\"><strong>MODALIDAD<\/strong><\/td><\/tr><tr><td class=\"has-text-align-center\" data-align=\"center\">Escolarizado &#8211; Semestral<\/td><\/tr><tr><td class=\"has-text-align-center\" data-align=\"center\"><strong>DURACI\u00d3N<\/strong><\/td><\/tr><tr><td class=\"has-text-align-center\" data-align=\"center\">9 Semestres<\/td><\/tr><tr><td class=\"has-text-align-center\" data-align=\"center\"><strong>PLAN DE ESTUDIOS<\/strong><\/td><\/tr><tr><td class=\"has-text-align-center\" data-align=\"center\"><a href=\"http:\/\/minatitlan.tecnm.mx\/wp-content\/uploads\/2022\/11\/Reticula-Ingenieria-electronica.pdf\" target=\"_blank\" rel=\"noreferrer noopener\">Descargar plan de estudios<\/a><\/td><\/tr><tr><td class=\"has-text-align-center\" data-align=\"center\"><strong>JEFE DE DEPARTAMENTO<\/strong><\/td><\/tr><tr><td class=\"has-text-align-center\" data-align=\"center\">Jafet Montenegro Hip\u00f3lito<br>electronica@minatitlan.tecnm.mx<\/td><\/tr><tr><td class=\"has-text-align-center\" data-align=\"center\"><strong>COORDINADORA DE LA CARRERA<\/strong><\/td><\/tr><tr><td class=\"has-text-align-center\" data-align=\"center\">Eliseo Hern\u00e1ndez del Rivero<br>dep_ie@minatitlan.tecnm.mx<\/td><\/tr><\/tbody><\/table><\/figure>\n<\/div>\n<\/div>\n\n\n\n<div class=\"wp-block-advgb-accordions advgb-accordions-628e995a-8b13-4aee-832c-9d4eeef681ac advgb-accordion-wrapper\" data-collapsed=\"true\">\n<div class=\"wp-block-advgb-accordion-item advgb-accordion-item\" style=\"margin-bottom:15px\"><div class=\"advgb-accordion-header\" style=\"background-color:#1b396a;color:#ffffff;border-style:solid;border-width:1px;border-radius:2px\"><span class=\"advgb-accordion-header-icon accordion-state\"><svg class=\"advgb-icon-closed\" fill=\"#fff\" xmlns=\"http:\/\/www.w3.org\/2000\/svg\" width=\"24\" height=\"24\" viewBox=\"0 0 24 24\"><path opacity=\"0.87\" fill=\"none\" d=\"M24,24H0L0,0l24,0V24z\"><\/path><path d=\"M16.59,8.59L12,13.17L7.41,8.59L6,10l6,6l6-6L16.59,8.59z\"><\/path><\/svg><svg class=\"advgb-icon-opened\" fill=\"#fff\" xmlns=\"http:\/\/www.w3.org\/2000\/svg\" width=\"24\" height=\"24\" viewBox=\"0 0 24 24\"><path opacity=\"0.87\" fill=\"none\" d=\"M24,24H0L0,0l24,0V24z\"><\/path><path d=\"M7.41,15.41L12,10.83l4.59,4.58L18,14l-6-6l-6,6L7.41,15.41z\"><\/path><\/svg><\/span><h1 class=\"advgb-accordion-header-title\" style=\"color:inherit\">Perfil de Ingreso<\/h1><\/div><div class=\"advgb-accordion-body\" style=\"border-style:solid !important;border-width:1px !important;border-color:undefined !important;border-top:none !important;border-radius:2px !important\"><\/div><\/div>\n<\/div>\n\n\n\n<div class=\"wp-block-advgb-accordions advgb-accordions-cefa2395-4b4d-4a20-93ca-44e819db4ebe advgb-accordion-wrapper\" data-collapsed=\"true\">\n<div class=\"wp-block-advgb-accordion-item advgb-accordion-item\" style=\"margin-bottom:15px\"><div class=\"advgb-accordion-header\" style=\"background-color:#1b396a;color:#ffffff;border-style:solid;border-width:1px;border-radius:2px\"><span class=\"advgb-accordion-header-icon accordion-state\"><svg class=\"advgb-icon-closed\" fill=\"#fff\" xmlns=\"http:\/\/www.w3.org\/2000\/svg\" width=\"24\" height=\"24\" viewBox=\"0 0 24 24\"><path opacity=\"0.87\" fill=\"none\" d=\"M24,24H0L0,0l24,0V24z\"><\/path><path d=\"M16.59,8.59L12,13.17L7.41,8.59L6,10l6,6l6-6L16.59,8.59z\"><\/path><\/svg><svg class=\"advgb-icon-opened\" fill=\"#fff\" xmlns=\"http:\/\/www.w3.org\/2000\/svg\" width=\"24\" height=\"24\" viewBox=\"0 0 24 24\"><path opacity=\"0.87\" fill=\"none\" d=\"M24,24H0L0,0l24,0V24z\"><\/path><path d=\"M7.41,15.41L12,10.83l4.59,4.58L18,14l-6-6l-6,6L7.41,15.41z\"><\/path><\/svg><\/span><h1 class=\"advgb-accordion-header-title\" style=\"color:inherit\">Objetivos Educacionales<\/h1><\/div><div class=\"advgb-accordion-body\" style=\"border-style:solid !important;border-width:1px !important;border-color:undefined !important;border-top:none !important;border-radius:2px !important\">\n<p><strong>Objetivo General<\/strong><\/p>\n<p style=\"text-align: justify;\">Formar profesionistas competentes para dise\u00f1ar, modelar, implementar, operar, integrar, mantener, instalar y administrar sistemas electr\u00f3nicos; as\u00ed como innovar y transferir tecnolog\u00eda electr\u00f3nica existente y emergente en proyectos interdisciplinarios y multidisciplinarios, a nivel nacional e internacional, con capacidad de resolver problemas y atender las necesidades de su entorno con \u00e9tica, actitud anal\u00edtica, emprendedora y creativa, comprometidos con el desarrollo sustentable.<\/p>\n<p><strong>Objetivos Educacionales<\/strong><\/p>\n<ol>\n<li>\u00a0El egresado desarrolla investigaci\u00f3n aplicada, realiza un posgrado e innova con el uso de las nuevas tecnolog\u00edas para la soluci\u00f3n de problemas propios de su perfil profesional en el sector productivo y educativo.<\/li>\n<li>\n<p style=\"font-weight: 400; text-align: justify;\">El egresado, desempe\u00f1a cargos gerenciales y mando medios en los diferentes sectores productivos y de servicios en los \u00e1mbitos nacionales e internacionales.<\/p>\n<\/li>\n<li>\n<p style=\"font-weight: 400; text-align: justify;\">El egresado dise\u00f1a, desarrolla, implementa e integra sistemas electr\u00f3nicos de medici\u00f3n y control de procesos, que satisfagan las necesidades de los diferentes sectores industriales y de servicios, para contribuir en el desarrollo y progreso regional, nacional e internacional.<\/p>\n<\/li>\n<li>\n<p style=\"font-weight: 400; text-align: justify;\">El egresado administra y gestiona de manera multidisciplinaria en una organizaci\u00f3n las actividades de instalaci\u00f3n, actualizaci\u00f3n, operaci\u00f3n y mantenimiento de equipos y sistemas electr\u00f3nicos para la optimizaci\u00f3n de los procesos industriales y de servicios, con \u00e9tica, responsabilidad social, en un marco de desarrollo sustentable.<\/p>\n<\/li>\n<\/ol>\n<\/div><\/div>\n<\/div>\n\n\n\n<div class=\"wp-block-advgb-accordions advgb-accordions-36444718-dd7b-459e-ac87-52378ad52c8d advgb-accordion-wrapper\" data-collapsed=\"true\">\n<div class=\"wp-block-advgb-accordion-item advgb-accordion-item\" style=\"margin-bottom:15px\"><div class=\"advgb-accordion-header\" style=\"background-color:#1b396a;color:#ffffff;border-style:solid;border-width:1px;border-radius:2px\"><span class=\"advgb-accordion-header-icon accordion-state\"><svg class=\"advgb-icon-closed\" fill=\"#fff\" xmlns=\"http:\/\/www.w3.org\/2000\/svg\" width=\"24\" height=\"24\" viewBox=\"0 0 24 24\"><path opacity=\"0.87\" fill=\"none\" d=\"M24,24H0L0,0l24,0V24z\"><\/path><path d=\"M16.59,8.59L12,13.17L7.41,8.59L6,10l6,6l6-6L16.59,8.59z\"><\/path><\/svg><svg class=\"advgb-icon-opened\" fill=\"#fff\" xmlns=\"http:\/\/www.w3.org\/2000\/svg\" width=\"24\" height=\"24\" viewBox=\"0 0 24 24\"><path opacity=\"0.87\" fill=\"none\" d=\"M24,24H0L0,0l24,0V24z\"><\/path><path d=\"M7.41,15.41L12,10.83l4.59,4.58L18,14l-6-6l-6,6L7.41,15.41z\"><\/path><\/svg><\/span><h1 class=\"advgb-accordion-header-title\" style=\"color:inherit\">Misi\u00f3n y Visi\u00f3n<\/h1><\/div><div class=\"advgb-accordion-body\" style=\"border-style:solid !important;border-width:1px !important;border-color:undefined !important;border-top:none !important;border-radius:2px !important\"><\/div><\/div>\n<\/div>\n\n\n\n<div class=\"wp-block-advgb-accordions advgb-accordions-e3a00f3c-ff74-4ba1-b575-1be501d2ea70 advgb-accordion-wrapper\" data-collapsed=\"true\">\n<div class=\"wp-block-advgb-accordion-item advgb-accordion-item\" style=\"margin-bottom:15px\"><div class=\"advgb-accordion-header\" style=\"background-color:#1b396a;color:#ffffff;border-style:solid;border-width:1px;border-radius:2px\"><span class=\"advgb-accordion-header-icon accordion-state\"><svg class=\"advgb-icon-closed\" fill=\"#fff\" xmlns=\"http:\/\/www.w3.org\/2000\/svg\" width=\"24\" height=\"24\" viewBox=\"0 0 24 24\"><path opacity=\"0.87\" fill=\"none\" d=\"M24,24H0L0,0l24,0V24z\"><\/path><path d=\"M16.59,8.59L12,13.17L7.41,8.59L6,10l6,6l6-6L16.59,8.59z\"><\/path><\/svg><svg class=\"advgb-icon-opened\" fill=\"#fff\" xmlns=\"http:\/\/www.w3.org\/2000\/svg\" width=\"24\" height=\"24\" viewBox=\"0 0 24 24\"><path opacity=\"0.87\" fill=\"none\" d=\"M24,24H0L0,0l24,0V24z\"><\/path><path d=\"M7.41,15.41L12,10.83l4.59,4.58L18,14l-6-6l-6,6L7.41,15.41z\"><\/path><\/svg><\/span><h1 class=\"advgb-accordion-header-title\" style=\"color:inherit\">Misi\u00f3n del Departamento de Ingenier\u00eda Electr\u00f3nica<\/h1><\/div><div class=\"advgb-accordion-body\" style=\"border-style:solid !important;border-width:1px !important;border-color:undefined !important;border-top:none !important;border-radius:2px !important\">\n<div align=\"justify\">\n<p style=\"text-align: justify;\">Ofrecer formaci\u00f3n de excelencia en el \u00e1rea de Ingenier\u00eda Electr\u00f3nica con especialidad en instrumentaci\u00f3n y control de procesos donde se combine calidad, \u00e9tica, eficiencia y pertinencia que satisfagan las necesidades del entorno social e industrial ante los retos de la globalizaci\u00f3n procurando la preservaci\u00f3n del medio ambiente.<\/p>\n<\/div>\n<\/div><\/div>\n<\/div>\n\n\n\n<div class=\"wp-block-advgb-accordions advgb-accordions-575deb8e-3cec-41e2-a3ec-543d87eb5101 advgb-accordion-wrapper\" data-collapsed=\"true\">\n<div class=\"wp-block-advgb-accordion-item advgb-accordion-item\" style=\"margin-bottom:15px\"><div class=\"advgb-accordion-header\" style=\"background-color:#1b396a;color:#ffffff;border-style:solid;border-width:1px;border-radius:2px\"><span class=\"advgb-accordion-header-icon accordion-state\"><svg class=\"advgb-icon-closed\" fill=\"#fff\" xmlns=\"http:\/\/www.w3.org\/2000\/svg\" width=\"24\" height=\"24\" viewBox=\"0 0 24 24\"><path opacity=\"0.87\" fill=\"none\" d=\"M24,24H0L0,0l24,0V24z\"><\/path><path d=\"M16.59,8.59L12,13.17L7.41,8.59L6,10l6,6l6-6L16.59,8.59z\"><\/path><\/svg><svg class=\"advgb-icon-opened\" fill=\"#fff\" xmlns=\"http:\/\/www.w3.org\/2000\/svg\" width=\"24\" height=\"24\" viewBox=\"0 0 24 24\"><path opacity=\"0.87\" fill=\"none\" d=\"M24,24H0L0,0l24,0V24z\"><\/path><path d=\"M7.41,15.41L12,10.83l4.59,4.58L18,14l-6-6l-6,6L7.41,15.41z\"><\/path><\/svg><\/span><h1 class=\"advgb-accordion-header-title\" style=\"color:inherit\">Perfil de Egreso<\/h1><\/div><div class=\"advgb-accordion-body\" style=\"border-style:solid !important;border-width:1px !important;border-color:undefined !important;border-top:none !important;border-radius:2px !important\">\n<ol class=\"perfil-list\">\n<li style=\"text-align: justify;\">Dise\u00f1a, analiza y construye equipos y\/o sistemas electr\u00f3nicos para la soluci\u00f3n de problemas en el entorno profesional, aplicando normas t\u00e9cnicas y est\u00e1ndares nacionales e internacionales.<\/li>\n<li style=\"text-align: justify;\">Crea, innova y transfiere tecnolog\u00eda aplicando m\u00e9todos y procedimientos en proyectos de ingenier\u00eda electr\u00f3nica, tomando en cuenta el desarrollo sustentable del entorno.<\/li>\n<li style=\"text-align: justify;\">Promueve y participa en programas de mejora continua, aplicando normas de calidad para lograr mayor eficiencia en los procesos del \u00e1mbito profesional.<\/li>\n<li style=\"text-align: justify;\">Planea, organiza, dirige y controla actividades de instalaci\u00f3n, actualizaci\u00f3n, operaci\u00f3n y mantenimiento de equipos y\/o sistemas electr\u00f3nicos para la optimizaci\u00f3n de procesos.<\/li>\n<li style=\"text-align: justify;\">Aplica las Tecnolog\u00edas de la Informaci\u00f3n y la Comunicaci\u00f3n para la gesti\u00f3n de informaci\u00f3n en la soluci\u00f3n de problemas.<\/li>\n<li style=\"text-align: justify;\">Colabora en proyectos de investigaci\u00f3n para propiciar el desarrollo tecnol\u00f3gico en su entorno.<\/li>\n<li style=\"text-align: justify;\">Ejerce la profesi\u00f3n de manera responsable, \u00e9tica y dentro del marco legal en su vida profesional en beneficio de la sociedad.<\/li>\n<li style=\"text-align: justify;\">Expresa sus ideas en forma oral y escrita en el \u00e1mbito profesional para comunicarse efectivamente en espa\u00f1ol y en un idioma extranjero.<\/li>\n<li style=\"text-align: justify;\">Asume actitudes emprendedoras, de liderazgo y desarrolla habilidades para la toma de decisiones en su \u00e1mbito profesional.<\/li>\n<li style=\"text-align: justify;\">Compromete su formaci\u00f3n integral permanente para su actualizaci\u00f3n profesional.<\/li>\n<li style=\"text-align: justify;\">Dirige y participa en equipos de trabajo interdisciplinario y multidisciplinario para el desarrollo de proyectos afines a su perfil en contextos nacionales e internacionales.<\/li>\n<li style=\"text-align: justify;\">Capacita recursos humanos para su actualizaci\u00f3n en las diversas \u00e1reas de aplicaci\u00f3n de su entorno en el \u00e1mbito de la ingenier\u00eda electr\u00f3nica.<\/li>\n<li style=\"text-align: justify;\">Obtiene y simula modelos para predecir el comportamiento de sistemas electr\u00f3nicos empleando plataformas computacionales.<\/li>\n<li style=\"text-align: justify;\">Selecciona y opera equipo de medici\u00f3n y prueba para diagn\u00f3stico y an\u00e1lisis de par\u00e1metros el\u00e9ctricos.<\/li>\n<li style=\"text-align: justify;\">Utiliza lenguajes de descripci\u00f3n de hardware y programaci\u00f3n de microcontroladores en el dise\u00f1o de sistemas digitales para su aplicaci\u00f3n en la resoluci\u00f3n de problemas.<\/li>\n<li style=\"text-align: justify;\">Resuelve problemas en el sector productivo para la optimizaci\u00f3n de procesos, mediante la automatizaci\u00f3n, instrumentaci\u00f3n y control.<\/li>\n<li style=\"text-align: justify;\">Desarrolla aplicaciones en lenguajes de programaci\u00f3n de alto nivel para la soluci\u00f3n de problemas relacionados con las diferentes disciplinas en el \u00e1rea.<\/li>\n<li style=\"text-align: justify;\">Dise\u00f1a e implementa interfaces gr\u00e1ficas de usuario para facilitar la interacci\u00f3n entre el ser humano, los equipos y sistemas electr\u00f3nicos.<\/li>\n<\/ol>\n<\/div><\/div>\n<\/div>\n\n\n\n<div class=\"wp-block-advgb-accordions advgb-accordions-a9a319a0-c0c8-4cfc-bc61-59cd9e371a01 advgb-accordion-wrapper\" data-collapsed=\"true\">\n<div class=\"wp-block-advgb-accordion-item advgb-accordion-item\" style=\"margin-bottom:15px\"><div class=\"advgb-accordion-header\" style=\"background-color:#1b396a;color:#ffffff;border-style:solid;border-width:1px;border-radius:2px\"><span class=\"advgb-accordion-header-icon accordion-state\"><svg class=\"advgb-icon-closed\" fill=\"#fff\" xmlns=\"http:\/\/www.w3.org\/2000\/svg\" width=\"24\" height=\"24\" viewBox=\"0 0 24 24\"><path opacity=\"0.87\" fill=\"none\" d=\"M24,24H0L0,0l24,0V24z\"><\/path><path d=\"M16.59,8.59L12,13.17L7.41,8.59L6,10l6,6l6-6L16.59,8.59z\"><\/path><\/svg><svg class=\"advgb-icon-opened\" fill=\"#fff\" xmlns=\"http:\/\/www.w3.org\/2000\/svg\" width=\"24\" height=\"24\" viewBox=\"0 0 24 24\"><path opacity=\"0.87\" fill=\"none\" d=\"M24,24H0L0,0l24,0V24z\"><\/path><path d=\"M7.41,15.41L12,10.83l4.59,4.58L18,14l-6-6l-6,6L7.41,15.41z\"><\/path><\/svg><\/span><h1 class=\"advgb-accordion-header-title\" style=\"color:inherit\">Atributos de Egreso de Ingenier\u00eda Electr\u00f3nica<\/h1><\/div><div class=\"advgb-accordion-body\" style=\"border-style:solid !important;border-width:1px !important;border-color:undefined !important;border-top:none !important;border-radius:2px !important\">\n<ol>\n<li style=\"text-align: justify;\">Analizar, modelar y resolver problemas complejos de Ingenier\u00eda Electr\u00f3nica, aplicando los principios de las Ciencias B\u00e1sicas e ingenier\u00eda que resulten en proyectos que cumplen necesidades espec\u00edficas de los diferentes sectores.<\/li>\n<li style=\"text-align: justify;\">Analizar, seleccionar y operar equipos de calibraci\u00f3n, pruebas para diagn\u00f3stico y par\u00e1metros en sistema de control autom\u00e1tico que permitan aplicar la automatizaci\u00f3n en la optimizaci\u00f3n de procesos.<\/li>\n<li style=\"text-align: justify;\">Obtiene y simula modelos de experimentaci\u00f3n para predecir el comportamiento de sistemas electr\u00f3nicos empleando las Tecnolog\u00edas de la Informaci\u00f3n y la Comunicaci\u00f3n, as\u00ed como programaci\u00f3n de alto nivel.<\/li>\n<li style=\"text-align: justify;\">Se comunica en forma oral y escrita de manera efectiva en espa\u00f1ol y en un idioma extranjero utilizando la terminolog\u00eda del \u00e1rea.<\/li>\n<li style=\"text-align: justify;\">Participa en grupos de trabajo liderando o siendo parte de \u00e9stos, en el dise\u00f1o o desarrollo de proyectos de sistemas electr\u00f3nicos y de automatizaci\u00f3n para la soluci\u00f3n de problemas de manera eficaz y eficiente aplicando normas t\u00e9cnicas y est\u00e1ndares nacionales e internacionales.<\/li>\n<li style=\"text-align: justify;\">Ser creativo, emprendedor y comprometido con su actualizaci\u00f3n profesional continua y aut\u00f3noma, para estar a la vanguardia en los cambios cient\u00edficos y tecnol\u00f3gicos que se dan en el ejercicio de su profesi\u00f3n.<\/li>\n<li style=\"text-align: justify;\">Dirige planifica y participa en equipos de trabajo interdisciplinario desarrollando&nbsp; proyectos integradores afines a su perfil en contexto nacional e internacional.<\/li>\n<\/ol>\n<\/div><\/div>\n<\/div>\n\n\n\n<div class=\"wp-block-advgb-accordions advgb-accordions-c20f3787-d047-455f-b154-b4c95754b8aa advgb-accordion-wrapper\" data-collapsed=\"true\">\n<div class=\"wp-block-advgb-accordion-item advgb-accordion-item\" style=\"margin-bottom:15px\"><div class=\"advgb-accordion-header\" style=\"background-color:#1b396a;color:#ffffff;border-style:solid;border-width:1px;border-radius:2px\"><span class=\"advgb-accordion-header-icon accordion-state\"><svg class=\"advgb-icon-closed\" fill=\"#fff\" xmlns=\"http:\/\/www.w3.org\/2000\/svg\" width=\"24\" height=\"24\" viewBox=\"0 0 24 24\"><path opacity=\"0.87\" fill=\"none\" d=\"M24,24H0L0,0l24,0V24z\"><\/path><path d=\"M16.59,8.59L12,13.17L7.41,8.59L6,10l6,6l6-6L16.59,8.59z\"><\/path><\/svg><svg class=\"advgb-icon-opened\" fill=\"#fff\" xmlns=\"http:\/\/www.w3.org\/2000\/svg\" width=\"24\" height=\"24\" viewBox=\"0 0 24 24\"><path opacity=\"0.87\" fill=\"none\" d=\"M24,24H0L0,0l24,0V24z\"><\/path><path d=\"M7.41,15.41L12,10.83l4.59,4.58L18,14l-6-6l-6,6L7.41,15.41z\"><\/path><\/svg><\/span><h1 class=\"advgb-accordion-header-title\" style=\"color:inherit\">Asignaturas<\/h1><\/div><div class=\"advgb-accordion-body\" style=\"border-style:solid !important;border-width:1px !important;border-color:undefined !important;border-top:none !important;border-radius:2px !important\">\n<figure class=\"wp-block-table alignwide is-style-stripes\"><table class=\"has-fixed-layout\" style=\"border-width:1px\"><thead><tr><th><\/th><th class=\"has-text-align-right\" data-align=\"right\"><\/th><\/tr><\/thead><tbody><tr><td><a href=\"http:\/\/minatitlan.tecnm.mx\/wp-content\/uploads\/2022\/11\/Asignaturas_IE.zip\">Asignaturas<\/a><\/td><td class=\"has-text-align-right\" data-align=\"right\"><img decoding=\"async\" class=\"wp-image-17486\" style=\"width: 30px;\" src=\"http:\/\/minatitlan.tecnm.mx\/wp-content\/uploads\/2022\/11\/Zip.png\" alt=\"\"> <img loading=\"lazy\" decoding=\"async\" width=\"30\" height=\"30\" class=\"wp-image-19000\" style=\"width: 30px;\" src=\"http:\/\/minatitlan.tecnm.mx\/wp-content\/uploads\/2022\/11\/Zip-1.png\" alt=\"\"><\/td><\/tr><tr><td><a href=\"http:\/\/minatitlan.tecnm.mx\/wp-content\/uploads\/2022\/11\/Asignaturas_Comunes_IE.zip\">Asignaturas comunes<\/a><\/td><td class=\"has-text-align-right\" data-align=\"right\"><img decoding=\"async\" class=\"wp-image-17486\" style=\"width: 30px;\" src=\"http:\/\/minatitlan.tecnm.mx\/wp-content\/uploads\/2022\/11\/Zip.png\" alt=\"\"><img loading=\"lazy\" decoding=\"async\" width=\"30\" height=\"30\" class=\"wp-image-19000\" style=\"width: 30px;\" src=\"http:\/\/minatitlan.tecnm.mx\/wp-content\/uploads\/2022\/11\/Zip-1.png\" alt=\"\"><\/td><\/tr><tr><td><a href=\"http:\/\/minatitlan.tecnm.mx\/wp-content\/uploads\/2022\/11\/Asignaturas_Equivalentes_IE.zip\">Asignaturas equivalentes<\/a><\/td><td class=\"has-text-align-right\" data-align=\"right\"><img decoding=\"async\" class=\"wp-image-17486\" style=\"width: 30px;\" src=\"http:\/\/minatitlan.tecnm.mx\/wp-content\/uploads\/2022\/11\/Zip.png\" alt=\"\"><img loading=\"lazy\" decoding=\"async\" width=\"30\" height=\"30\" class=\"wp-image-19000\" style=\"width: 30px;\" src=\"http:\/\/minatitlan.tecnm.mx\/wp-content\/uploads\/2022\/11\/Zip-1.png\" alt=\"\"><\/td><\/tr><\/tbody><\/table><\/figure>\n<\/div><\/div>\n<\/div>\n","protected":false},"excerpt":{"rendered":"<p>IELC-2010-211 MODALIDAD Escolarizado &#8211; Semestral DURACI\u00d3N 9 Semestres PLAN DE ESTUDIOS Descargar plan de estudios JEFE DE DEPARTAMENTO Jafet Montenegro Hip\u00f3litoelectronica@minatitlan.tecnm.mx COORDINADORA DE LA CARRERA Eliseo Hern\u00e1ndez del Riverodep_ie@minatitlan.tecnm.mx<\/p>\n","protected":false},"author":1,"featured_media":0,"parent":0,"menu_order":0,"comment_status":"closed","ping_status":"closed","template":"","meta":{"advgb_blocks_editor_width":"","advgb_blocks_columns_visual_guide":"","footnotes":""},"class_list":["post-2406","page","type-page","status-publish","hentry"],"coauthors":[],"author_meta":{"author_link":"https:\/\/minatitlan.tecnm.mx\/index.php\/author\/cc-itmina\/","display_name":"CC-ITMINA"},"relative_dates":{"created":"Publicado 4 a\u00f1os hace","modified":"Actualizado 4 meses hace"},"absolute_dates":{"created":"Publicado el 23 septiembre, 2022","modified":"Actualizado el 8 diciembre, 2025"},"absolute_dates_time":{"created":"Publicado el 23 septiembre, 2022 7:00 pm","modified":"Actualizado el 8 diciembre, 2025 10:46 pm"},"featured_img_caption":"","featured_img":false,"series_order":"","_links":{"self":[{"href":"https:\/\/minatitlan.tecnm.mx\/index.php\/wp-json\/wp\/v2\/pages\/2406","targetHints":{"allow":["GET"]}}],"collection":[{"href":"https:\/\/minatitlan.tecnm.mx\/index.php\/wp-json\/wp\/v2\/pages"}],"about":[{"href":"https:\/\/minatitlan.tecnm.mx\/index.php\/wp-json\/wp\/v2\/types\/page"}],"author":[{"embeddable":true,"href":"https:\/\/minatitlan.tecnm.mx\/index.php\/wp-json\/wp\/v2\/users\/1"}],"replies":[{"embeddable":true,"href":"https:\/\/minatitlan.tecnm.mx\/index.php\/wp-json\/wp\/v2\/comments?post=2406"}],"version-history":[{"count":38,"href":"https:\/\/minatitlan.tecnm.mx\/index.php\/wp-json\/wp\/v2\/pages\/2406\/revisions"}],"predecessor-version":[{"id":51982,"href":"https:\/\/minatitlan.tecnm.mx\/index.php\/wp-json\/wp\/v2\/pages\/2406\/revisions\/51982"}],"wp:attachment":[{"href":"https:\/\/minatitlan.tecnm.mx\/index.php\/wp-json\/wp\/v2\/media?parent=2406"}],"curies":[{"name":"wp","href":"https:\/\/api.w.org\/{rel}","templated":true}]}}