{"id":2410,"date":"2022-09-23T19:01:22","date_gmt":"2022-09-23T19:01:22","guid":{"rendered":"http:\/\/localhost\/?page_id=2410"},"modified":"2024-06-24T15:03:01","modified_gmt":"2024-06-24T21:03:01","slug":"ingenieria-ambiental","status":"publish","type":"page","link":"https:\/\/minatitlan.tecnm.mx\/index.php\/ingenieria-ambiental\/","title":{"rendered":"Ingenier\u00eda Ambiental"},"content":{"rendered":"\n<div class=\"wp-block-columns is-layout-flex wp-container-core-columns-is-layout-28f84493 wp-block-columns-is-layout-flex\">\n<div class=\"wp-block-column is-layout-flow wp-block-column-is-layout-flow\" style=\"flex-basis:66.66%\">\n<figure class=\"wp-block-image size-full\"><img loading=\"lazy\" decoding=\"async\" width=\"800\" height=\"533\" src=\"http:\/\/minatitlan.tecnm.mx\/wp-content\/uploads\/2022\/11\/Ambiental.jpeg\" alt=\"\" class=\"wp-image-19346\" srcset=\"https:\/\/minatitlan.tecnm.mx\/wp-content\/uploads\/2022\/11\/Ambiental.jpeg 800w, https:\/\/minatitlan.tecnm.mx\/wp-content\/uploads\/2022\/11\/Ambiental-300x200.jpeg 300w, https:\/\/minatitlan.tecnm.mx\/wp-content\/uploads\/2022\/11\/Ambiental-768x512.jpeg 768w\" sizes=\"auto, (max-width: 800px) 100vw, 800px\" \/><\/figure>\n<\/div>\n\n\n\n<div class=\"wp-block-column is-layout-flow wp-block-column-is-layout-flow\" style=\"flex-basis:33.33%\">\n<figure class=\"wp-block-table is-style-stripes has-small-font-size\"><table class=\"has-foreground-color has-text-color has-fixed-layout\"><tbody><tr><td class=\"has-text-align-center\" data-align=\"center\">IAMB-2010-206<\/td><\/tr><tr><td class=\"has-text-align-center\" data-align=\"center\"><strong>MODALIDAD<\/strong><\/td><\/tr><tr><td class=\"has-text-align-center\" data-align=\"center\">Escolarizado &#8211; Semestral<\/td><\/tr><tr><td class=\"has-text-align-center\" data-align=\"center\"><strong>DURACI\u00d3N<\/strong><\/td><\/tr><tr><td class=\"has-text-align-center\" data-align=\"center\">9 Semestres<\/td><\/tr><tr><td class=\"has-text-align-center\" data-align=\"center\"><strong>PLAN DE ESTUDIOS<\/strong><\/td><\/tr><tr><td class=\"has-text-align-center\" data-align=\"center\"><a href=\"http:\/\/minatitlan.tecnm.mx\/wp-content\/uploads\/2022\/11\/Reticula-Ingenieria-ambiental.pdf\" target=\"_blank\" rel=\"noreferrer noopener\">Descargar plan de estudios<\/a><\/td><\/tr><tr><td class=\"has-text-align-center\" data-align=\"center\"><strong>JEFE DE DEPARTAMENTO<\/strong><\/td><\/tr><tr><td class=\"has-text-align-center\" data-align=\"center\">Arturo Bulbarela Croda<br>quimica_ambiental@minatitlan.tecnm.mx<\/td><\/tr><tr><td class=\"has-text-align-center\" data-align=\"center\"><strong>COORDINADORA DE LA CARRERA<\/strong><\/td><\/tr><tr><td class=\"has-text-align-center\" data-align=\"center\">Yazm\u00edn Natalie Corona Mart\u00ednez<br>dep_ia@minatitlan.tecnm.mx<\/td><\/tr><\/tbody><\/table><\/figure>\n<\/div>\n<\/div>\n\n\n\n<div class=\"wp-block-advgb-accordions advgb-accordions-63eb9beb-7864-493e-ad62-1850e7cf3681 advgb-accordion-wrapper\" data-collapsed=\"true\">\n<div class=\"wp-block-advgb-accordion-item advgb-accordion-item\" style=\"margin-bottom:0\"><div class=\"advgb-accordion-header\" style=\"background-color:#1b396a;color:#ffffff;border-style:solid;border-width:1px;border-radius:2px\"><span class=\"advgb-accordion-header-icon\"><svg fill=\"#ffffff\" xmlns=\"http:\/\/www.w3.org\/2000\/svg\" width=\"24\" height=\"24\" viewBox=\"0 0 24 24\"><path opacity=\"0.87\" fill=\"none\" d=\"M24,24H0L0,0l24,0V24z\"><\/path><path d=\"M16.59,8.59L12,13.17L7.41,8.59L6,10l6,6l6-6L16.59,8.59z\"><\/path><\/svg><\/span><h1 class=\"advgb-accordion-header-title\" style=\"color:inherit\">Atributos de Ingreso<\/h1><\/div><div class=\"advgb-accordion-body\" style=\"color:#000000;border-style:solid !important;border-width:1px !important;border-color:undefined !important;border-top:none !important;border-radius:2px !important\">\n<ol class=\"ol1\">\n<li class=\"li1\" style=\"text-align: justify;\"><span class=\"s2\">Conocimientos b\u00e1sicos de f\u00edsica y qu\u00edmica.\u00a0<\/span><\/li>\n<li class=\"li1\" style=\"text-align: justify;\"><span class=\"s2\">Habilidades matem\u00e1ticas en el \u00e1rea de \u00e1lgebra, c\u00e1lculo diferencial e integral.\u00a0<\/span><\/li>\n<li class=\"li1\" style=\"text-align: justify;\"><span class=\"s2\">Habilidades en la lectura, comprensi\u00f3n, resumen y redacci\u00f3n de textos.\u00a0<\/span><\/li>\n<li class=\"li1\" style=\"text-align: justify;\"><span class=\"s2\">Dominio en el uso de calculadoras cient\u00edficas y de programas b\u00e1sicos de edici\u00f3n de textos y de hojas de c\u00e1lculo.\u00a0<\/span><\/li>\n<li class=\"li1\" style=\"text-align: justify;\"><span class=\"s2\">Conocimientos b\u00e1sicos de ingl\u00e9s.\u00a0\u00a0<\/span><\/li>\n<li class=\"li1\" style=\"text-align: justify;\"><span class=\"s2\">Uso b\u00e1sico de las TIC\u00b4s.\u00a0<\/span><\/li>\n<\/ol>\n<\/div><\/div>\n<\/div>\n\n\n\n<div class=\"wp-block-advgb-accordions advgb-accordions-39bb4f8b-ef8a-479b-8d87-b1f752a5676e advgb-accordion-wrapper\" data-collapsed=\"true\">\n<div class=\"wp-block-advgb-accordion-item advgb-accordion-item\" style=\"margin-bottom:0\"><div class=\"advgb-accordion-header\" style=\"background-color:#1b396a;color:#ffffff;border-style:solid;border-width:1px;border-radius:2px\"><span class=\"advgb-accordion-header-icon\"><svg fill=\"#ffffff\" xmlns=\"http:\/\/www.w3.org\/2000\/svg\" width=\"24\" height=\"24\" viewBox=\"0 0 24 24\"><path opacity=\"0.87\" fill=\"none\" d=\"M24,24H0L0,0l24,0V24z\"><\/path><path d=\"M16.59,8.59L12,13.17L7.41,8.59L6,10l6,6l6-6L16.59,8.59z\"><\/path><\/svg><\/span><h1 class=\"advgb-accordion-header-title\" style=\"color:inherit\">Atributos del Egresado<\/h1><\/div><div class=\"advgb-accordion-body\" style=\"color:#000000;border-style:solid !important;border-width:1px !important;border-color:undefined !important;border-top:none !important;border-radius:2px !important\">\n<ol>\n<li style=\"font-weight: 400; text-align: justify;\">Eval\u00faa la calidad de aguas naturales y residuales para garantizar la sustentabilidad del recurso, de acuerdo con criterios de calidad y normatividad mexicana; aplicando criterios de ingenier\u00eda en el tratamiento de aguas naturales y residuales mediante selecci\u00f3n, dise\u00f1o y dimensionamiento de equipos y unidades, para optimizar su funcionamiento t\u00e9cnico, econ\u00f3mico y normativo.<\/li>\n<li style=\"font-weight: 400; text-align: justify;\">Implementa y eval\u00faa acciones dirigidas a la remediaci\u00f3n de suelos contaminados mediante su caracterizaci\u00f3n, seleccionando tecnolog\u00edas factibles desde el punto de vista t\u00e9cnico, econ\u00f3mico y normativo, con fines de optimizaci\u00f3n.<\/li>\n<li style=\"font-weight: 400; text-align: justify;\">Participa en la implementaci\u00f3n de sistemas de gesti\u00f3n integral de Residuos S\u00f3lidos Urbanos (RSU) organizados por la administraci\u00f3n p\u00fablica, priorizando el cuidado al medio ambiente y el cumplimiento de la normatividad mexicana.<\/li>\n<li style=\"font-weight: 400; text-align: justify;\">Eval\u00faa e implementa planes de manejo de RSU, de manejo especial y peligrosos establecidos en una organizaci\u00f3n, acorde a la normatividad mexicana y\/o metas establecidas por la misma organizaci\u00f3n.<\/li>\n<li style=\"font-weight: 400; text-align: justify;\">Aplica metodolog\u00edas ISO 14001 para el desarrollo de Sistemas de Gesti\u00f3n Ambiental, de acuerdo con la normatividad ambiental, evaluando el desempe\u00f1o ambiental de las organizaciones para su mejora continua, con fines de certificaci\u00f3n y\/o recertificaci\u00f3n, en funci\u00f3n de los Programas de Auditor\u00eda Ambiental.<\/li>\n<li style=\"font-weight: 400; text-align: justify;\">Aplica sus conocimientos en la resoluci\u00f3n de problem\u00e1ticas ambientales utilizando herramientas tecnol\u00f3gicas como simuladores, sistemas de informaci\u00f3n geogr\u00e1fica y software especializado, empleando un segundo idioma, con un sentido proactivo, \u00e9tico y de alta responsabilidad social.<\/li>\n<\/ol>\n<\/div><\/div>\n<\/div>\n\n\n\n<div class=\"wp-block-advgb-accordions advgb-accordions-248b326d-69cd-44e9-a9ec-4f66e8cbd10b advgb-accordion-wrapper\" data-collapsed=\"true\">\n<div class=\"wp-block-advgb-accordion-item advgb-accordion-item\" style=\"margin-bottom:0\"><div class=\"advgb-accordion-header\" style=\"background-color:#1b396a;color:#ffffff;border-style:solid;border-width:1px;border-radius:2px\"><span class=\"advgb-accordion-header-icon\"><svg fill=\"#ffffff\" xmlns=\"http:\/\/www.w3.org\/2000\/svg\" width=\"24\" height=\"24\" viewBox=\"0 0 24 24\"><path opacity=\"0.87\" fill=\"none\" d=\"M24,24H0L0,0l24,0V24z\"><\/path><path d=\"M16.59,8.59L12,13.17L7.41,8.59L6,10l6,6l6-6L16.59,8.59z\"><\/path><\/svg><\/span><h1 class=\"advgb-accordion-header-title\" style=\"color:inherit\">Misi\u00f3n<\/h1><\/div><div class=\"advgb-accordion-body\" style=\"color:#000000;border-style:solid !important;border-width:1px !important;border-color:undefined !important;border-top:none !important;border-radius:2px !important\">\n<p><span class=\"TextRun Highlight SCXW51966390 BCX0\" lang=\"ES-MX\" xml:lang=\"ES-MX\" data-contrast=\"none\"><span class=\"NormalTextRun SCXW51966390 BCX0\">Formar profesionistas con conocimientos, habilidades y actitudes con un alto valor social, que les permita desempe\u00f1arse en un plano competitivo y de excelencia dentro de un marco global, con competencias inherentes al desarrollo de procesos en las diferentes \u00e1reas de la Ingenier\u00eda Qu\u00edmica e Ingenier\u00eda Ambiental vinculados con los sectores productivo, social y de servicios con el prop\u00f3sito de influir en la soluci\u00f3n de sus problemas y plantear alternativas que propicien el desarrollo sustentable<\/span><\/span><span class=\"EOP SCXW51966390 BCX0\" data-ccp-props=\"{&quot;335551550&quot;:6,&quot;335551620&quot;:6}\">\u00a0<\/span><\/p>\n<\/div><\/div>\n<\/div>\n\n\n\n<div class=\"wp-block-advgb-accordions advgb-accordions-e41726ad-df38-4526-a0bb-6c28a7973e59 advgb-accordion-wrapper\" data-collapsed=\"true\">\n<div class=\"wp-block-advgb-accordion-item advgb-accordion-item\" style=\"margin-bottom:0\"><div class=\"advgb-accordion-header\" style=\"background-color:#1b396a;color:#ffffff;border-style:solid;border-width:1px;border-radius:2px\"><span class=\"advgb-accordion-header-icon\"><svg fill=\"#ffffff\" xmlns=\"http:\/\/www.w3.org\/2000\/svg\" width=\"24\" height=\"24\" viewBox=\"0 0 24 24\"><path opacity=\"0.87\" fill=\"none\" d=\"M24,24H0L0,0l24,0V24z\"><\/path><path d=\"M16.59,8.59L12,13.17L7.41,8.59L6,10l6,6l6-6L16.59,8.59z\"><\/path><\/svg><\/span><h1 class=\"advgb-accordion-header-title\" style=\"color:inherit\">Visi\u00f3n<\/h1><\/div><div class=\"advgb-accordion-body\" style=\"color:#000000;border-style:solid !important;border-width:1px !important;border-color:undefined !important;border-top:none !important;border-radius:2px !important\">\n<p style=\"text-align: justify;\"><span class=\"TextRun Highlight SCXW224182165 BCX0\" lang=\"ES-MX\" xml:lang=\"ES-MX\" data-contrast=\"none\"><span class=\"NormalTextRun SCXW224182165 BCX0\">Ser profesionistas en Ingenier\u00eda Qu\u00edmica e Ingenier\u00eda Ambiental competentes para investigar, generar y aplicar el conocimiento cient\u00edfico y tecnol\u00f3gico, que le permita identificar y resolver problemas de dise\u00f1o, operaci\u00f3n, adaptaci\u00f3n, optimizaci\u00f3n y administraci\u00f3n en industrias qu\u00edmicas y de servicios, con calidad, seguridad, econom\u00eda, usando racional y eficientemente los recursos naturales, conservando el medio ambiente<\/span><\/span><span class=\"EOP SCXW224182165 BCX0\" data-ccp-props=\"{&quot;201341983&quot;:0,&quot;335551550&quot;:6,&quot;335551620&quot;:6,&quot;335559740&quot;:276}\">\u00a0<\/span><\/p>\n<\/div><\/div>\n<\/div>\n\n\n\n<div class=\"wp-block-advgb-accordions advgb-accordions-eb500543-ee78-4c6d-b9ee-43b924f030ee advgb-accordion-wrapper\" data-collapsed=\"true\">\n<div class=\"wp-block-advgb-accordion-item advgb-accordion-item\" style=\"margin-bottom:0\"><div class=\"advgb-accordion-header\" style=\"background-color:#1b396a;color:#ffffff;border-style:solid;border-width:1px;border-radius:2px\"><span class=\"advgb-accordion-header-icon\"><svg fill=\"#ffffff\" xmlns=\"http:\/\/www.w3.org\/2000\/svg\" width=\"24\" height=\"24\" viewBox=\"0 0 24 24\"><path opacity=\"0.87\" fill=\"none\" d=\"M24,24H0L0,0l24,0V24z\"><\/path><path d=\"M16.59,8.59L12,13.17L7.41,8.59L6,10l6,6l6-6L16.59,8.59z\"><\/path><\/svg><\/span><h1 class=\"advgb-accordion-header-title\" style=\"color:inherit\">Objetivos Educacionales de la Carrera de Ingenier\u00eda Ambiental<\/h1><\/div><div class=\"advgb-accordion-body\" style=\"color:#000000;border-style:solid !important;border-width:1px !important;border-color:undefined !important;border-top:none !important;border-radius:2px !important\">\n<ol>\n<li style=\"text-align: justify;\" data-leveltext=\"%1.\" data-font=\"Arial\" data-listid=\"5\" data-list-defn-props=\"{&quot;335552541&quot;:0,&quot;335559684&quot;:-1,&quot;335559685&quot;:720,&quot;335559991&quot;:360,&quot;469769242&quot;:[65533,0],&quot;469777803&quot;:&quot;left&quot;,&quot;469777804&quot;:&quot;%1.&quot;,&quot;469777815&quot;:&quot;hybridMultilevel&quot;}\" aria-setsize=\"-1\" data-aria-posinset=\"1\" data-aria-level=\"1\">\n<p style=\"font-weight: 400;\">Dise\u00f1a y desarrolla proyectos de investigaci\u00f3n como parte de un programa de posgrado o como miembro de una empresa, seleccionando las mejores opciones t\u00e9cnicas, econ\u00f3micas y ambientales.<\/p>\n<\/li>\n<li data-leveltext=\"%1.\" data-font=\"Arial\" data-listid=\"5\" data-list-defn-props=\"{&quot;335552541&quot;:0,&quot;335559684&quot;:-1,&quot;335559685&quot;:720,&quot;335559991&quot;:360,&quot;469769242&quot;:[65533,0],&quot;469777803&quot;:&quot;left&quot;,&quot;469777804&quot;:&quot;%1.&quot;,&quot;469777815&quot;:&quot;hybridMultilevel&quot;}\" aria-setsize=\"-1\" data-aria-posinset=\"1\" data-aria-level=\"1\">\n<p style=\"font-weight: 400;\">Dirige proyectos vinculados al \u00e1rea ambiental en los sectores p\u00fablico, productivo y de servicios que se efect\u00faen en laboratorios, \u00e1reas experimentales y\/o a escala real, con una actitud de liderazgo, profesionalismo y compromiso \u00e9tico.\u00a0<\/p>\n<\/li>\n<li data-leveltext=\"%1.\" data-font=\"Arial\" data-listid=\"5\" data-list-defn-props=\"{&quot;335552541&quot;:0,&quot;335559684&quot;:-1,&quot;335559685&quot;:720,&quot;335559991&quot;:360,&quot;469769242&quot;:[65533,0],&quot;469777803&quot;:&quot;left&quot;,&quot;469777804&quot;:&quot;%1.&quot;,&quot;469777815&quot;:&quot;hybridMultilevel&quot;}\" aria-setsize=\"-1\" data-aria-posinset=\"1\" data-aria-level=\"1\">\n<p style=\"font-weight: 400;\">Desempe\u00f1a actividades en el campo de su competencia profesional como directivo en ayuntamientos municipales, en el gobierno estatal y federal, o en el sector privado a nivel nacional e internacional, con liderazgo, un alto sentido \u00e9tico profesional, con responsabilidad social y ambiental.<\/p>\n<\/li>\n<li data-leveltext=\"%1.\" data-font=\"Arial\" data-listid=\"5\" data-list-defn-props=\"{&quot;335552541&quot;:0,&quot;335559684&quot;:-1,&quot;335559685&quot;:720,&quot;335559991&quot;:360,&quot;469769242&quot;:[65533,0],&quot;469777803&quot;:&quot;left&quot;,&quot;469777804&quot;:&quot;%1.&quot;,&quot;469777815&quot;:&quot;hybridMultilevel&quot;}\" aria-setsize=\"-1\" data-aria-posinset=\"1\" data-aria-level=\"1\">\n<p style=\"font-weight: 400;\">Crea y dirige empresas brindando servicios t\u00e9cnicos especializados en el \u00e1rea ambiental, capacitaci\u00f3n, resoluci\u00f3n de problem\u00e1ticas de contaminaci\u00f3n; as\u00ed como organizaciones relacionadas con actividades productivas para el uso sustentable de los recursos y la gesti\u00f3n de sus impactos.<\/p>\n<\/li>\n<li data-leveltext=\"%1.\" data-font=\"Arial\" data-listid=\"5\" data-list-defn-props=\"{&quot;335552541&quot;:0,&quot;335559684&quot;:-1,&quot;335559685&quot;:720,&quot;335559991&quot;:360,&quot;469769242&quot;:[65533,0],&quot;469777803&quot;:&quot;left&quot;,&quot;469777804&quot;:&quot;%1.&quot;,&quot;469777815&quot;:&quot;hybridMultilevel&quot;}\" aria-setsize=\"-1\" data-aria-posinset=\"1\" data-aria-level=\"1\">\n<p style=\"font-weight: 400;\">Gestiona proyectos de desarrollo social atendiendo el \u00e1rea ambiental, integrando todos los campos que influyen en su establecimiento, ya sea en el sector p\u00fablico o privado, en los tres \u00f3rdenes de gobierno, considerando la legislaci\u00f3n nacional y\/o internacional aplicable.<\/p>\n<\/li>\n<\/ol>\n<\/div><\/div>\n<\/div>\n\n\n\n<div class=\"wp-block-advgb-accordions advgb-accordions-2ecebb30-1271-42fc-9c87-564752158e1e advgb-accordion-wrapper\" data-collapsed=\"true\">\n<div class=\"wp-block-advgb-accordion-item advgb-accordion-item\" style=\"margin-bottom:0\"><div class=\"advgb-accordion-header\" style=\"background-color:#1b396a;color:#ffffff;border-style:solid;border-width:1px;border-radius:2px\"><span class=\"advgb-accordion-header-icon\"><svg fill=\"#ffffff\" xmlns=\"http:\/\/www.w3.org\/2000\/svg\" width=\"24\" height=\"24\" viewBox=\"0 0 24 24\"><path opacity=\"0.87\" fill=\"none\" d=\"M24,24H0L0,0l24,0V24z\"><\/path><path d=\"M16.59,8.59L12,13.17L7.41,8.59L6,10l6,6l6-6L16.59,8.59z\"><\/path><\/svg><\/span><h1 class=\"advgb-accordion-header-title\" style=\"color:inherit\">Asignaturas<\/h1><\/div><div class=\"advgb-accordion-body\" style=\"color:#000000;border-style:solid !important;border-width:1px !important;border-color:undefined !important;border-top:none !important;border-radius:2px !important\">\n<figure class=\"wp-block-table alignwide is-style-stripes\"><table class=\"has-fixed-layout\" style=\"border-width:1px\"><tbody><tr><td><a href=\"http:\/\/minatitlan.tecnm.mx\/wp-content\/uploads\/2022\/11\/Asignaturas_IA.zip\">Asignaturas<\/a><\/td><td class=\"has-text-align-right\" data-align=\"right\"><img decoding=\"async\" class=\"wp-image-17486\" style=\"width: 30px;\" src=\"http:\/\/minatitlan.tecnm.mx\/wp-content\/uploads\/2022\/11\/Zip.png\" alt=\"\"> <img loading=\"lazy\" decoding=\"async\" width=\"30\" height=\"30\" class=\"wp-image-19000\" style=\"width: 30px;\" src=\"http:\/\/minatitlan.tecnm.mx\/wp-content\/uploads\/2022\/11\/Zip-1.png\" alt=\"\"><\/td><\/tr><tr><td><a href=\"http:\/\/minatitlan.tecnm.mx\/wp-content\/uploads\/2022\/11\/Asignaturas_Comunes_IA.zip\">Asignaturas comunes<\/a><\/td><td class=\"has-text-align-right\" data-align=\"right\"><img decoding=\"async\" class=\"wp-image-17486\" style=\"width: 30px;\" src=\"http:\/\/minatitlan.tecnm.mx\/wp-content\/uploads\/2022\/11\/Zip.png\" alt=\"\"><img loading=\"lazy\" decoding=\"async\" width=\"30\" height=\"30\" class=\"wp-image-19000\" style=\"width: 30px;\" src=\"http:\/\/minatitlan.tecnm.mx\/wp-content\/uploads\/2022\/11\/Zip-1.png\" alt=\"\"><\/td><\/tr><tr><td><a href=\"http:\/\/minatitlan.tecnm.mx\/wp-content\/uploads\/2022\/11\/Asignaturas_Equivalentes_IA.zip\">Asignaturas equivalentes<\/a><\/td><td class=\"has-text-align-right\" data-align=\"right\"><img decoding=\"async\" class=\"wp-image-17486\" style=\"width: 30px;\" src=\"http:\/\/minatitlan.tecnm.mx\/wp-content\/uploads\/2022\/11\/Zip.png\" alt=\"\"><img loading=\"lazy\" decoding=\"async\" width=\"30\" height=\"30\" class=\"wp-image-19000\" style=\"width: 30px;\" src=\"http:\/\/minatitlan.tecnm.mx\/wp-content\/uploads\/2022\/11\/Zip-1.png\" alt=\"\"><\/td><\/tr><\/tbody><\/table><\/figure>\n<\/div><\/div>\n<\/div>\n","protected":false},"excerpt":{"rendered":"<p>IAMB-2010-206 MODALIDAD Escolarizado &#8211; Semestral DURACI\u00d3N 9 Semestres PLAN DE ESTUDIOS Descargar plan de estudios JEFE DE DEPARTAMENTO Arturo Bulbarela Crodaquimica_ambiental@minatitlan.tecnm.mx COORDINADORA DE LA CARRERA Yazm\u00edn Natalie Corona Mart\u00ednezdep_ia@minatitlan.tecnm.mx<\/p>\n","protected":false},"author":1,"featured_media":0,"parent":0,"menu_order":0,"comment_status":"closed","ping_status":"closed","template":"","meta":{"advgb_blocks_editor_width":"","advgb_blocks_columns_visual_guide":"","footnotes":""},"class_list":["post-2410","page","type-page","status-publish","hentry"],"coauthors":[],"author_meta":{"author_link":"https:\/\/minatitlan.tecnm.mx\/index.php\/author\/cc-itmina\/","display_name":"CC-ITMINA"},"relative_dates":{"created":"Publicado 4 a\u00f1os hace","modified":"Actualizado 2 a\u00f1os hace"},"absolute_dates":{"created":"Publicado el 23 septiembre, 2022","modified":"Actualizado el 24 junio, 2024"},"absolute_dates_time":{"created":"Publicado el 23 septiembre, 2022 7:01 pm","modified":"Actualizado el 24 junio, 2024 3:03 pm"},"featured_img_caption":"","featured_img":false,"series_order":"","_links":{"self":[{"href":"https:\/\/minatitlan.tecnm.mx\/index.php\/wp-json\/wp\/v2\/pages\/2410","targetHints":{"allow":["GET"]}}],"collection":[{"href":"https:\/\/minatitlan.tecnm.mx\/index.php\/wp-json\/wp\/v2\/pages"}],"about":[{"href":"https:\/\/minatitlan.tecnm.mx\/index.php\/wp-json\/wp\/v2\/types\/page"}],"author":[{"embeddable":true,"href":"https:\/\/minatitlan.tecnm.mx\/index.php\/wp-json\/wp\/v2\/users\/1"}],"replies":[{"embeddable":true,"href":"https:\/\/minatitlan.tecnm.mx\/index.php\/wp-json\/wp\/v2\/comments?post=2410"}],"version-history":[{"count":22,"href":"https:\/\/minatitlan.tecnm.mx\/index.php\/wp-json\/wp\/v2\/pages\/2410\/revisions"}],"predecessor-version":[{"id":37583,"href":"https:\/\/minatitlan.tecnm.mx\/index.php\/wp-json\/wp\/v2\/pages\/2410\/revisions\/37583"}],"wp:attachment":[{"href":"https:\/\/minatitlan.tecnm.mx\/index.php\/wp-json\/wp\/v2\/media?parent=2410"}],"curies":[{"name":"wp","href":"https:\/\/api.w.org\/{rel}","templated":true}]}}