{"id":2412,"date":"2022-09-23T19:01:53","date_gmt":"2022-09-23T19:01:53","guid":{"rendered":"http:\/\/localhost\/?page_id=2412"},"modified":"2023-11-11T23:48:17","modified_gmt":"2023-11-12T05:48:17","slug":"ingenieria-en-gestion-empresarial","status":"publish","type":"page","link":"https:\/\/minatitlan.tecnm.mx\/index.php\/ingenieria-en-gestion-empresarial\/","title":{"rendered":"Ingenier\u00eda en Gesti\u00f3n Empresarial"},"content":{"rendered":"\n<div class=\"wp-block-columns is-layout-flex wp-container-core-columns-is-layout-28f84493 wp-block-columns-is-layout-flex\">\n<div class=\"wp-block-column is-layout-flow wp-block-column-is-layout-flow\" style=\"flex-basis:66.66%\">\n<figure class=\"wp-block-image aligncenter size-full\"><img loading=\"lazy\" decoding=\"async\" width=\"1024\" height=\"500\" src=\"http:\/\/minatitlan.tecnm.mx\/wp-content\/uploads\/2022\/09\/gestion.jpg\" alt=\"\" class=\"wp-image-2490\" srcset=\"https:\/\/minatitlan.tecnm.mx\/wp-content\/uploads\/2022\/09\/gestion.jpg 1024w, https:\/\/minatitlan.tecnm.mx\/wp-content\/uploads\/2022\/09\/gestion-300x146.jpg 300w, https:\/\/minatitlan.tecnm.mx\/wp-content\/uploads\/2022\/09\/gestion-768x375.jpg 768w\" sizes=\"auto, (max-width: 1024px) 100vw, 1024px\" \/><\/figure>\n<\/div>\n\n\n\n<div class=\"wp-block-column is-layout-flow wp-block-column-is-layout-flow\" style=\"flex-basis:33.33%\">\n<figure class=\"wp-block-table is-style-stripes\" style=\"font-size:15px\"><table class=\"has-foreground-color has-text-color\"><tbody><tr><td class=\"has-text-align-center\" data-align=\"center\">IGEM-2009-201<\/td><\/tr><tr><td class=\"has-text-align-center\" data-align=\"center\"><strong>MODALIDAD<\/strong><\/td><\/tr><tr><td class=\"has-text-align-center\" data-align=\"center\">Escolarizado &#8211; Semestral<\/td><\/tr><tr><td class=\"has-text-align-center\" data-align=\"center\"><strong>DURACI\u00d3N<\/strong><\/td><\/tr><tr><td class=\"has-text-align-center\" data-align=\"center\">9 Semestres<\/td><\/tr><tr><td class=\"has-text-align-center\" data-align=\"center\"><strong>TOTAL DE CR\u00c9DITOS<\/strong><\/td><\/tr><tr><td class=\"has-text-align-center\" data-align=\"center\">260<\/td><\/tr><tr><td class=\"has-text-align-center\" data-align=\"center\"><strong>PLAN DE ESTUDIOS<\/strong><\/td><\/tr><tr><td class=\"has-text-align-center\" data-align=\"center\"><a href=\"http:\/\/minatitlan.tecnm.mx\/wp-content\/uploads\/2022\/11\/Reticula-ingenieria-en-gestion-empresarial.pdf\" target=\"_blank\" rel=\"noreferrer noopener\">Descargar plan de estudios<\/a><\/td><\/tr><tr><td class=\"has-text-align-center\" data-align=\"center\"><strong>COORDINADORA DE LA CARRERA<\/strong><\/td><\/tr><tr><td class=\"has-text-align-center\" data-align=\"center\">Luisa Vera Ramos<br>dep_ige@minatitlan.tecnm.mx<\/td><\/tr><\/tbody><\/table><\/figure>\n<\/div>\n<\/div>\n\n\n\n<div class=\"wp-block-advgb-accordions advgb-accordion-wrapper\" data-collapsed=\"true\">\n<div class=\"wp-block-advgb-accordion-item advgb-accordion-item\" style=\"margin-bottom:0\"><div class=\"advgb-accordion-header\" style=\"background-color:#1b396a;color:#ffffff;border-style:solid;border-width:1px\"><span class=\"advgb-accordion-header-icon\"><svg fill=\"#ffffff\" xmlns=\"http:\/\/www.w3.org\/2000\/svg\" width=\"24\" height=\"24\" viewBox=\"0 0 24 24\"><path opacity=\"0.87\" fill=\"none\" d=\"M24,24H0L0,0l24,0V24z\"><\/path><path d=\"M16.59,8.59L12,13.17L7.41,8.59L6,10l6,6l6-6L16.59,8.59z\"><\/path><\/svg><\/span><h1 class=\"advgb-accordion-header-title\" style=\"color:inherit\">Perfil de Ingreso<\/h1><\/div><div class=\"advgb-accordion-body\" style=\"color:#000000;border-style:solid !important;border-width:1px !important;border-color:undefined !important;border-top:none !important\">\n<p><strong>Perfil de Ingreso a la carrera de Ingenier\u00eda en Gesti\u00f3n Empresarial<\/strong><\/p>\n<p style=\"text-align: justify;\">El aspirante por cursar la Ingenier\u00eda en Gesti\u00f3n Empresarial en Tecnol\u00f3gico Nacional de M\u00e9xico Campus Minatitl\u00e1n posea los conocimientos, habilidades, actitudes, valores y competencias necesarios para generar una base s\u00f3lida que fomente su desarrollo a lo largo de su vida acad\u00e9mica que ayude a formar profesionales de calidad, capaces de desarrollarse exitosamente en el \u00e1mbito laboral y personal.<\/p>\n<p><strong>Requisitos<\/strong><\/p>\n<ul>\n<li style=\"text-align: justify;\">Haber concluido el nivel de Educaci\u00f3n Media.<\/li>\n<li style=\"text-align: justify;\">Disponer del tiempo para cumplir con las actividades del plan de.<\/li>\n<li style=\"text-align: justify;\">Presentar el examen de admisi\u00f3n establecido por el.<\/li>\n<\/ul>\n<p><strong>Competencias<\/strong><\/p>\n<ul>\n<li>Habilidades matem\u00e1ticas (\u00e1lgebra, trigonometr\u00eda y estad\u00edstica).<\/li>\n<li>Habilidades b\u00e1sicas del manejo de la computaci\u00f3n.<\/li>\n<li>Habilidades de gesti\u00f3n de informaci\u00f3n.<\/li>\n<li>Capacidad de abstracci\u00f3n, an\u00e1lisis y s\u00edntesis.<\/li>\n<li>Comprensi\u00f3n lectora.<\/li>\n<li>Comunicaci\u00f3n escrita.<\/li>\n<li>Capacidad de relacionarse con otras personas.<\/li>\n<li>Habilidad para trabajar en forma aut\u00f3noma.<\/li>\n<\/ul>\n<\/div><\/div>\n<\/div>\n\n\n\n<div class=\"wp-block-advgb-accordions advgb-accordion-wrapper\" data-collapsed=\"true\">\n<div class=\"wp-block-advgb-accordion-item advgb-accordion-item\" style=\"margin-bottom:0\"><div class=\"advgb-accordion-header\" style=\"background-color:#1b396a;color:#ffffff;border-style:solid;border-width:1px;border-radius:2px\"><span class=\"advgb-accordion-header-icon\"><svg fill=\"#ffffff\" xmlns=\"http:\/\/www.w3.org\/2000\/svg\" width=\"24\" height=\"24\" viewBox=\"0 0 24 24\"><path opacity=\"0.87\" fill=\"none\" d=\"M24,24H0L0,0l24,0V24z\"><\/path><path d=\"M16.59,8.59L12,13.17L7.41,8.59L6,10l6,6l6-6L16.59,8.59z\"><\/path><\/svg><\/span><h1 class=\"advgb-accordion-header-title\" style=\"color:inherit\">Objetivos Educativos<\/h1><\/div><div class=\"advgb-accordion-body\" style=\"color:#000000;border-style:solid !important;border-width:1px !important;border-color:undefined !important;border-top:none !important;border-radius:2px !important\">\n<p style=\"text-align: center;\"><strong>Ingenier\u00eda en Gesti\u00f3n Empresarial <\/strong><\/p>\n<p style=\"text-align: center;\"><strong>Clave:<\/strong>\u202fIGEM-2009-201<\/p>\n<p><strong>Objetivo General<\/strong><\/p>\n<p style=\"text-align: justify;\">Formar profesionales que contribuyan a la gesti\u00f3n de empresas e innovaci\u00f3n de procesos; as\u00ed como al dise\u00f1o, implementaci\u00f3n y desarrollo de sistemas estrat\u00e9gicos de negocios, optimizando recursos en un entorno global, con \u00e9tica y responsabilidad social.<\/p>\n<p><strong>Objetivos educativos<\/strong><\/p>\n<ol>\n<li style=\"text-align: justify;\">Es un egresado con un car\u00e1cter incluyente, din\u00e1mico, proactivo, comprometido con el cuidado del medio ambiente y la responsabilidad social con una visi\u00f3n global en el \u00e1mbito empresarial que coadyuve al desarrollo de la econom\u00eda.<\/li>\n<li style=\"text-align: justify;\">Es un egresado con las habilidades para an\u00e1lisis situacional, toma de decisiones estrat\u00e9gicas y soluci\u00f3n de problemas que conlleven a una gesti\u00f3n efectiva de los recursos de la empresa.<\/li>\n<li style=\"text-align: justify;\">El egresado desarrolla la creatividad que le lleva a generar ideas innovadoras para la creaci\u00f3n de negocios.<\/li>\n<li style=\"text-align: justify;\">El egresado genera emprendimientos innovadores en las empresas que promuevan entornos de trabajo decentes, igualitarios, seguros y sin riesgos para todos los trabajadores.<\/li>\n<\/ol>\n<\/div><\/div>\n<\/div>\n\n\n\n<div class=\"wp-block-advgb-accordions advgb-accordion-wrapper\" data-collapsed=\"true\">\n<div class=\"wp-block-advgb-accordion-item advgb-accordion-item\" style=\"margin-bottom:0\"><div class=\"advgb-accordion-header\" style=\"background-color:#1b396a;color:#ffffff;border-style:solid;border-width:1px;border-radius:2px\"><span class=\"advgb-accordion-header-icon\"><svg fill=\"#ffffff\" xmlns=\"http:\/\/www.w3.org\/2000\/svg\" width=\"24\" height=\"24\" viewBox=\"0 0 24 24\"><path opacity=\"0.87\" fill=\"none\" d=\"M24,24H0L0,0l24,0V24z\"><\/path><path d=\"M16.59,8.59L12,13.17L7.41,8.59L6,10l6,6l6-6L16.59,8.59z\"><\/path><\/svg><\/span><h1 class=\"advgb-accordion-header-title\" style=\"color:inherit\">Misi\u00f3n y Visi\u00f3n<\/h1><\/div><div class=\"advgb-accordion-body\" style=\"color:#000000;border-style:solid !important;border-width:1px !important;border-color:undefined !important;border-top:none !important;border-radius:2px !important\">\n<p><strong>Misi\u00f3n<\/strong><\/p>\n<p style=\"text-align: justify;\">Formar integralmente profesionales en ingenier\u00eda en gesti\u00f3n empresarial basados en el modelo educativo para el siglo XXI, que contribuyan a la gesti\u00f3n estrat\u00e9gica e innovaci\u00f3n de negocios considerando los aspectos \u00e9ticos y sostenibles en un entorno competitivo y global.<\/p>\n<p><strong>Visi\u00f3n<\/strong><\/p>\n<p style=\"text-align: justify;\">Ser un programa acad\u00e9mico con reconocimiento nacional e internacional en el desempe\u00f1o e investigaci\u00f3n aplicada de la gesti\u00f3n empresarial.<\/p>\n<p><strong>Pol\u00edticas<\/strong><\/p>\n<ol>\n<li style=\"text-align: justify;\">Promover el desarrollo integral y arm\u00f3nico del estudiante en gesti\u00f3n empresarial para que responda a los retos y necesidades de los negocios.<\/li>\n<li style=\"text-align: justify;\">Implementar y orientar los procesos estrat\u00e9gicos y actividades del programa educativo hacia el reconocimiento nacional e internacional.<\/li>\n<li style=\"text-align: justify;\">Mantener una relaci\u00f3n estrecha y permanente con la comunidad en actividades cient\u00edficas, tecnol\u00f3gicas, culturales y human\u00edsticas.<\/li>\n<li style=\"text-align: justify;\">Fomentar la investigaci\u00f3n, la ciencia y la tecnolog\u00eda en el campo de la gesti\u00f3n empresarial.<\/li>\n<li style=\"text-align: justify;\">Vigilar en el proceso educativo el cumplimiento de las leyes, reglamentos y procedimientos que rigen la operaci\u00f3n del programa.<\/li>\n<li style=\"text-align: justify;\">Orientar las actividades del programa educativo hacia la equidad de g\u00e9nero y no discriminaci\u00f3n, la responsabilidad social, respeto al medio ambiente e impacto econ\u00f3mico.<\/li>\n<\/ol>\n<\/div><\/div>\n<\/div>\n\n\n\n<div class=\"wp-block-advgb-accordions advgb-accordion-wrapper\" data-collapsed=\"true\">\n<div class=\"wp-block-advgb-accordion-item advgb-accordion-item\" style=\"margin-bottom:0\"><div class=\"advgb-accordion-header\" style=\"background-color:#1b396a;color:#ffffff;border-style:solid;border-width:1px;border-radius:2px\"><span class=\"advgb-accordion-header-icon\"><svg fill=\"#ffffff\" xmlns=\"http:\/\/www.w3.org\/2000\/svg\" width=\"24\" height=\"24\" viewBox=\"0 0 24 24\"><path opacity=\"0.87\" fill=\"none\" d=\"M24,24H0L0,0l24,0V24z\"><\/path><path d=\"M16.59,8.59L12,13.17L7.41,8.59L6,10l6,6l6-6L16.59,8.59z\"><\/path><\/svg><\/span><h1 class=\"advgb-accordion-header-title\" style=\"color:inherit\">Salida Lateral<\/h1><\/div><div class=\"advgb-accordion-body\" style=\"color:#000000;border-style:solid !important;border-width:1px !important;border-color:undefined !important;border-top:none !important;border-radius:2px !important\">\n<figure class=\"wp-block-table is-style-stripes\"><table class=\"has-fixed-layout\"><tbody><tr><td><a href=\"http:\/\/minatitlan.tecnm.mx\/wp-content\/uploads\/2023\/01\/SALIDA-LATERAL-IGE.pdf\" target=\"_blank\" rel=\"noreferrer noopener\">Salida lateral<\/a><\/td><td class=\"has-text-align-right\" data-align=\"right\"><img loading=\"lazy\" decoding=\"async\" width=\"30\" height=\"30\" class=\"wp-image-15907\" style=\"width: 30px;\" src=\"http:\/\/minatitlan.tecnm.mx\/wp-content\/uploads\/2022\/11\/pdf.png\" alt=\"\"><\/td><\/tr><\/tbody><\/table><\/figure>\n<\/div><\/div>\n<\/div>\n\n\n\n<div class=\"wp-block-advgb-accordions advgb-accordion-wrapper\" data-collapsed=\"true\">\n<div class=\"wp-block-advgb-accordion-item advgb-accordion-item\" style=\"margin-bottom:0\"><div class=\"advgb-accordion-header\" style=\"background-color:#1b396a;color:#ffffff;border-style:solid;border-width:1px;border-radius:2px\"><span class=\"advgb-accordion-header-icon\"><svg fill=\"#ffffff\" xmlns=\"http:\/\/www.w3.org\/2000\/svg\" width=\"24\" height=\"24\" viewBox=\"0 0 24 24\"><path opacity=\"0.87\" fill=\"none\" d=\"M24,24H0L0,0l24,0V24z\"><\/path><path d=\"M16.59,8.59L12,13.17L7.41,8.59L6,10l6,6l6-6L16.59,8.59z\"><\/path><\/svg><\/span><h1 class=\"advgb-accordion-header-title\" style=\"color:inherit\">Perfil de Egreso<\/h1><\/div><div class=\"advgb-accordion-body\" style=\"color:#000000;border-style:solid !important;border-width:1px !important;border-color:undefined !important;border-top:none !important;border-radius:2px !important\">\n<ol class=\"perfil-list\">\n<li style=\"text-align: justify;\"><span style=\"color: #000000;\">Aplica habilidades directivas y de ingenier\u00eda en el dise\u00f1o, gesti\u00f3n, fortalecimiento e innovaci\u00f3n de las organizaciones para la toma de decisiones en forma efectiva, con una orientaci\u00f3n sist\u00e9mica y sustentable.<\/span><\/li>\n<li style=\"text-align: justify;\"><span style=\"color: #000000;\">Dise\u00f1a e innova estructuras administrativas y procesos, con base en las necesidades de las organizaciones para competir eficientemente en mercados globales.<\/span><\/li>\n<li style=\"text-align: justify;\"><span style=\"color: #000000;\">Gestiona eficientemente los recursos de la organizaci\u00f3n con visi\u00f3n compartida, con el fin de suministrar bienes y servicios de calidad.<\/span><\/li>\n<li style=\"text-align: justify;\"><span style=\"color: #000000;\">Aplica m\u00e9todos cuantitativos y cualitativos en el an\u00e1lisis e interpretaci\u00f3n de datos y modelado de sistemas en los procesos organizacionales, para la mejora continua atendiendo est\u00e1ndares de calidad mundial.<\/span><\/li>\n<li style=\"text-align: justify;\"><span style=\"color: #000000;\">Dise\u00f1a, y emprende nuevos negocios y proyectos empresariales sustentables en mercados competitivos, para promover el desarrollo.<\/span><\/li>\n<li style=\"text-align: justify;\"><span style=\"color: #000000;\">Dise\u00f1a e implementa estrategias de mercadotecnia basadas en informaci\u00f3n recopilada de fuentes primarias y secundarias, para incrementar la competitividad de las organizaciones.<\/span><\/li>\n<li style=\"text-align: justify;\"><span style=\"color: #000000;\">Implementa planes y programas de seguridad e higiene para el fortalecimiento del entorno laboral.<\/span><\/li>\n<li style=\"text-align: justify;\"><span style=\"color: #000000;\">Gestiona sistemas integrales de calidad para la mejora de los procesos, ejerciendo un liderazgo estrat\u00e9gico y un compromiso \u00e9tico.<\/span><\/li>\n<li style=\"text-align: justify;\"><span style=\"color: #000000;\">Aplica las normas legales para la creaci\u00f3n y desarrollo de las organizaciones.<\/span><\/li>\n<li style=\"text-align: justify;\"><span style=\"color: #000000;\">Dirige equipos de trabajo para la mejora continua y el crecimiento integral de las organizaciones.<\/span><\/li>\n<li style=\"text-align: justify;\"><span style=\"color: #000000;\">Interpreta la informaci\u00f3n financiera para detectar oportunidades de mejora e inversi\u00f3n en un mundo global, que propicien la rentabilidad del negocio.<\/span><\/li>\n<li style=\"text-align: justify;\"><span style=\"color: #000000;\">Utiliza las nuevas tecnolog\u00edas de informaci\u00f3n y comunicaci\u00f3n en la organizaci\u00f3n, para optimizar los procesos y la eficaz toma de decisiones.<\/span><\/li>\n<li style=\"text-align: justify;\"><span style=\"color: #000000;\">Promueve el desarrollo del capital humano, para la realizaci\u00f3n de los objetivos organizacionales, dentro de un marco \u00e9tico y un contexto multicultural.<\/span><\/li>\n<li style=\"text-align: justify;\"><span style=\"color: #000000;\">Aplica m\u00e9todos de investigaci\u00f3n para desarrollar e innovar modelos, sistemas, procesos y productos en las diferentes dimensiones de la organizaci\u00f3n.<\/span><\/li>\n<li style=\"text-align: justify;\"><span style=\"color: #000000;\">Gestiona la cadena de suministro de las organizaciones con un enfoque orientado a procesos para incrementar la productividad.<\/span><\/li>\n<li style=\"text-align: justify;\"><span style=\"color: #000000;\">Analiza las variables econ\u00f3micas para facilitar la toma estrat\u00e9gica de decisiones en la organizaci\u00f3n.<\/span><\/li>\n<li style=\"text-align: justify;\"><span style=\"color: #000000;\">Act\u00faa como agente de cambio para facilitar la mejora continua y el desempe\u00f1o de las organizaciones.<\/span><\/li>\n<li style=\"text-align: justify;\"><span style=\"color: #000000;\">Aplica m\u00e9todos, t\u00e9cnicas y herramientas para la soluci\u00f3n de problemas en la gesti\u00f3n empresarial con una visi\u00f3n estrat\u00e9gica.<\/span><\/li>\n<\/ol>\n<\/div><\/div>\n<\/div>\n\n\n\n<div class=\"wp-block-advgb-accordions advgb-accordion-wrapper\" data-collapsed=\"true\">\n<div class=\"wp-block-advgb-accordion-item advgb-accordion-item\" style=\"margin-bottom:0\"><div class=\"advgb-accordion-header\" style=\"background-color:#1b396a;color:#ffffff;border-style:solid;border-width:1px;border-radius:2px\"><span class=\"advgb-accordion-header-icon\"><svg fill=\"#ffffff\" xmlns=\"http:\/\/www.w3.org\/2000\/svg\" width=\"24\" height=\"24\" viewBox=\"0 0 24 24\"><path opacity=\"0.87\" fill=\"none\" d=\"M24,24H0L0,0l24,0V24z\"><\/path><path d=\"M16.59,8.59L12,13.17L7.41,8.59L6,10l6,6l6-6L16.59,8.59z\"><\/path><\/svg><\/span><h1 class=\"advgb-accordion-header-title\" style=\"color:inherit\">Asignaturas<\/h1><\/div><div class=\"advgb-accordion-body\" style=\"color:#000000;border-style:solid !important;border-width:1px !important;border-color:undefined !important;border-top:none !important;border-radius:2px !important\">\n<figure class=\"wp-block-table alignwide is-style-stripes\"><table class=\"has-fixed-layout\" style=\"border-width:1px\"><tbody><tr><td><a href=\"http:\/\/minatitlan.tecnm.mx\/wp-content\/uploads\/2022\/11\/Asignaturas_IGE.zip\">Asignaturas<\/a><\/td><td class=\"has-text-align-right\" data-align=\"right\"><img loading=\"lazy\" decoding=\"async\" width=\"30\" height=\"30\" class=\"wp-image-19000\" style=\"width: 30px;\" src=\"http:\/\/minatitlan.tecnm.mx\/wp-content\/uploads\/2022\/11\/Zip-1.png\" alt=\"\"><img decoding=\"async\" class=\"wp-image-17486\" style=\"width: 30px;\" src=\"http:\/\/minatitlan.tecnm.mx\/wp-content\/uploads\/2022\/11\/Zip.png\" alt=\"\"> <\/td><\/tr><tr><td><a href=\"http:\/\/minatitlan.tecnm.mx\/wp-content\/uploads\/2022\/11\/Asignaturas_Comunes_IGE.zip\">Asignaturas comunes<\/a><\/td><td class=\"has-text-align-right\" data-align=\"right\"><img decoding=\"async\" class=\"wp-image-17486\" style=\"width: 30px;\" src=\"http:\/\/minatitlan.tecnm.mx\/wp-content\/uploads\/2022\/11\/Zip.png\" alt=\"\"><img loading=\"lazy\" decoding=\"async\" width=\"30\" height=\"30\" class=\"wp-image-19000\" style=\"width: 30px;\" src=\"http:\/\/minatitlan.tecnm.mx\/wp-content\/uploads\/2022\/11\/Zip-1.png\" alt=\"\"><\/td><\/tr><tr><td><a href=\"http:\/\/minatitlan.tecnm.mx\/wp-content\/uploads\/2022\/11\/Asignaturas_Equivalentes_IGE.zip\">Asignaturas equivalentes<\/a><\/td><td class=\"has-text-align-right\" data-align=\"right\"><img loading=\"lazy\" decoding=\"async\" width=\"30\" height=\"30\" class=\"wp-image-19000\" style=\"width: 30px;\" src=\"http:\/\/minatitlan.tecnm.mx\/wp-content\/uploads\/2022\/11\/Zip-1.png\" alt=\"\"><img decoding=\"async\" class=\"wp-image-17486\" style=\"width: 30px;\" src=\"http:\/\/minatitlan.tecnm.mx\/wp-content\/uploads\/2022\/11\/Zip.png\" alt=\"\"><\/td><\/tr><\/tbody><\/table><\/figure>\n<\/div><\/div>\n<\/div>\n","protected":false},"excerpt":{"rendered":"<p>IGEM-2009-201 MODALIDAD Escolarizado &#8211; Semestral DURACI\u00d3N 9 Semestres TOTAL DE CR\u00c9DITOS 260 PLAN DE ESTUDIOS Descargar plan de estudios COORDINADORA DE LA CARRERA Luisa Vera Ramosdep_ige@minatitlan.tecnm.mx<\/p>\n","protected":false},"author":1,"featured_media":0,"parent":0,"menu_order":0,"comment_status":"closed","ping_status":"closed","template":"","meta":{"advgb_blocks_editor_width":"","advgb_blocks_columns_visual_guide":"","footnotes":""},"class_list":["post-2412","page","type-page","status-publish","hentry"],"coauthors":[],"author_meta":{"author_link":"https:\/\/minatitlan.tecnm.mx\/index.php\/author\/cc-itmina\/","display_name":"CC-ITMINA"},"relative_dates":{"created":"Publicado 4 a\u00f1os hace","modified":"Actualizado 2 a\u00f1os hace"},"absolute_dates":{"created":"Publicado el 23 septiembre, 2022","modified":"Actualizado el 11 noviembre, 2023"},"absolute_dates_time":{"created":"Publicado el 23 septiembre, 2022 7:01 pm","modified":"Actualizado el 11 noviembre, 2023 11:48 pm"},"featured_img_caption":"","featured_img":false,"series_order":"","_links":{"self":[{"href":"https:\/\/minatitlan.tecnm.mx\/index.php\/wp-json\/wp\/v2\/pages\/2412","targetHints":{"allow":["GET"]}}],"collection":[{"href":"https:\/\/minatitlan.tecnm.mx\/index.php\/wp-json\/wp\/v2\/pages"}],"about":[{"href":"https:\/\/minatitlan.tecnm.mx\/index.php\/wp-json\/wp\/v2\/types\/page"}],"author":[{"embeddable":true,"href":"https:\/\/minatitlan.tecnm.mx\/index.php\/wp-json\/wp\/v2\/users\/1"}],"replies":[{"embeddable":true,"href":"https:\/\/minatitlan.tecnm.mx\/index.php\/wp-json\/wp\/v2\/comments?post=2412"}],"version-history":[{"count":40,"href":"https:\/\/minatitlan.tecnm.mx\/index.php\/wp-json\/wp\/v2\/pages\/2412\/revisions"}],"predecessor-version":[{"id":54962,"href":"https:\/\/minatitlan.tecnm.mx\/index.php\/wp-json\/wp\/v2\/pages\/2412\/revisions\/54962"}],"wp:attachment":[{"href":"https:\/\/minatitlan.tecnm.mx\/index.php\/wp-json\/wp\/v2\/media?parent=2412"}],"curies":[{"name":"wp","href":"https:\/\/api.w.org\/{rel}","templated":true}]}}