{"id":2498,"date":"2022-09-23T20:24:03","date_gmt":"2022-09-23T20:24:03","guid":{"rendered":"http:\/\/localhost\/?page_id=2498"},"modified":"2024-05-08T19:38:10","modified_gmt":"2024-05-09T01:38:10","slug":"ead-ingenieria-industrial","status":"publish","type":"page","link":"https:\/\/minatitlan.tecnm.mx\/index.php\/ead-ingenieria-industrial\/","title":{"rendered":"EAD: Ingenier\u00eda Industrial"},"content":{"rendered":"\n<div class=\"wp-block-columns is-layout-flex wp-container-core-columns-is-layout-28f84493 wp-block-columns-is-layout-flex\">\n<div class=\"wp-block-column is-layout-flow wp-block-column-is-layout-flow\" style=\"flex-basis:66.66%\">\n<figure class=\"wp-block-image size-large\"><img loading=\"lazy\" decoding=\"async\" width=\"1024\" height=\"683\" src=\"http:\/\/minatitlan.tecnm.mx\/wp-content\/uploads\/2022\/09\/como-iniciar-en-la-ingenieria-industrial-1024x683.jpg\" alt=\"\" class=\"wp-image-2420\" srcset=\"https:\/\/minatitlan.tecnm.mx\/wp-content\/uploads\/2022\/09\/como-iniciar-en-la-ingenieria-industrial-1024x683.jpg 1024w, https:\/\/minatitlan.tecnm.mx\/wp-content\/uploads\/2022\/09\/como-iniciar-en-la-ingenieria-industrial-300x200.jpg 300w, https:\/\/minatitlan.tecnm.mx\/wp-content\/uploads\/2022\/09\/como-iniciar-en-la-ingenieria-industrial-768x512.jpg 768w, https:\/\/minatitlan.tecnm.mx\/wp-content\/uploads\/2022\/09\/como-iniciar-en-la-ingenieria-industrial.jpg 1200w\" sizes=\"auto, (max-width: 1024px) 100vw, 1024px\" \/><\/figure>\n<\/div>\n\n\n\n<div class=\"wp-block-column is-layout-flow wp-block-column-is-layout-flow\" style=\"flex-basis:33.33%\">\n<figure class=\"wp-block-table is-style-stripes\" style=\"font-size:15px\"><table class=\"has-foreground-color has-text-color has-fixed-layout\"><tbody><tr><td class=\"has-text-align-center\" data-align=\"center\">IIND-2010-227<\/td><\/tr><tr><td class=\"has-text-align-center\" data-align=\"center\"><strong>MODALIDAD<\/strong><\/td><\/tr><tr><td class=\"has-text-align-center\" data-align=\"center\">Distancia<\/td><\/tr><tr><td class=\"has-text-align-center\" data-align=\"center\"><strong>DURACI\u00d3N<\/strong><\/td><\/tr><tr><td class=\"has-text-align-center\" data-align=\"center\">9 Semestres<\/td><\/tr><tr><td class=\"has-text-align-center\" data-align=\"center\"><strong>TOTAL DE CR\u00c9DITOS<\/strong><\/td><\/tr><tr><td class=\"has-text-align-center\" data-align=\"center\">260<\/td><\/tr><tr><td class=\"has-text-align-center\" data-align=\"center\"><strong>PLAN DE ESTUDIOS<\/strong><\/td><\/tr><tr><td class=\"has-text-align-center\" data-align=\"center\">Descargar plan de estudios<\/td><\/tr><tr><td class=\"has-text-align-center\" data-align=\"center\"><strong>COORDINADORA DE LA CARRERA<\/strong><\/td><\/tr><tr><td class=\"has-text-align-center\" data-align=\"center\">Ing. Luz Elena Villanueva Castellanos<br>ead@minatitlan.tecnm.mx<\/td><\/tr><\/tbody><\/table><\/figure>\n<\/div>\n<\/div>\n\n\n\n<div class=\"wp-block-advgb-accordions advgb-accordions-9684e311-dbd0-4a74-8481-705c5b318998 advgb-accordion-wrapper\" data-collapsed=\"true\">\n<div class=\"wp-block-advgb-accordion-item advgb-accordion-item\" style=\"margin-bottom:0\"><div class=\"advgb-accordion-header\" style=\"background-color:#1b396a;color:#ffffff;border-style:solid;border-width:1px;border-radius:2px\"><span class=\"advgb-accordion-header-icon\"><svg fill=\"#ffffff\" xmlns=\"http:\/\/www.w3.org\/2000\/svg\" width=\"24\" height=\"24\" viewBox=\"0 0 24 24\"><path opacity=\"0.87\" fill=\"none\" d=\"M24,24H0L0,0l24,0V24z\"><\/path><path d=\"M16.59,8.59L12,13.17L7.41,8.59L6,10l6,6l6-6L16.59,8.59z\"><\/path><\/svg><\/span><h1 class=\"advgb-accordion-header-title\" style=\"color:inherit\">Objetivo<\/h1><\/div><div class=\"advgb-accordion-body\" style=\"color:#000000;border-style:solid !important;border-width:1px !important;border-color:undefined !important;border-top:none !important;border-radius:2px !important\">\n<p style=\"text-align: justify;\" data-wahfont=\"16\"><span style=\"color: #000000;\">Formar profesionales, \u00e9ticos, l\u00edderes, creativos y emprendedores en el \u00e1rea de Ingenier\u00eda Industrial; competente para dise\u00f1ar, implantar, administrar, innovar y optimizar sistemas de producci\u00f3n de bienes y servicios; con enfoque sist\u00e9mico y sustentable en un entorno global.<\/span><\/p>\n<\/div><\/div>\n<\/div>\n\n\n\n<div class=\"wp-block-advgb-accordions advgb-accordions-476002da-4156-45de-9fae-9a0b4fe2e5b2 advgb-accordion-wrapper\" data-collapsed=\"true\">\n<div class=\"wp-block-advgb-accordion-item advgb-accordion-item\" style=\"margin-bottom:0\"><div class=\"advgb-accordion-header\" style=\"background-color:#1b396a;color:#ffffff;border-style:solid;border-width:1px;border-radius:2px\"><span class=\"advgb-accordion-header-icon\"><svg fill=\"#ffffff\" xmlns=\"http:\/\/www.w3.org\/2000\/svg\" width=\"24\" height=\"24\" viewBox=\"0 0 24 24\"><path opacity=\"0.87\" fill=\"none\" d=\"M24,24H0L0,0l24,0V24z\"><\/path><path d=\"M16.59,8.59L12,13.17L7.41,8.59L6,10l6,6l6-6L16.59,8.59z\"><\/path><\/svg><\/span><h1 class=\"advgb-accordion-header-title\" style=\"color:inherit\">Perfil de Egreso<\/h1><\/div><div class=\"advgb-accordion-body\" style=\"color:#000000;border-style:solid !important;border-width:1px !important;border-color:undefined !important;border-top:none !important;border-radius:2px !important\">\n<ol class=\"perfil-list\">\n<li style=\"text-align: justify;\"><span style=\"color: #000000;\">Dise\u00f1a, mejora e integra sistemas productivos de bienes y servicios aplicando tecnolog\u00edas para su optimizaci\u00f3n.<\/span><\/li>\n<li style=\"text-align: justify;\"><span style=\"color: #000000;\">Dise\u00f1a, implementa y mejora sistemas de trabajo para elevar la productividad.<\/span><\/li>\n<li style=\"text-align: justify;\"><span style=\"color: #000000;\">Implanta sistemas de calidad utilizando m\u00e9todos estad\u00edsticos para mejorar la competitividad de las organizaciones.<\/span><\/li>\n<li style=\"text-align: justify;\"><span style=\"color: #000000;\">Administra sistemas de mantenimiento en procesos de bienes y servicios para la optimizaci\u00f3n en el uso de los recursos.<\/span><\/li>\n<li style=\"text-align: justify;\"><span style=\"color: #000000;\">Gestiona sistemas de seguridad, salud ocupacional de manera sustentable, en sistemas productivos de bienes y servicios atendiendo los lineamientos legales<\/span><\/li>\n<li style=\"text-align: justify;\"><span style=\"color: #000000;\">Formula, eval\u00faa y gestiona proyectos de inversi\u00f3n, sociales y de transferencia de tecnolog\u00eda para el desarrollo regional.<\/span><\/li>\n<\/ol>\n<\/div><\/div>\n<\/div>\n\n\n\n<div class=\"wp-block-columns is-layout-flex wp-container-core-columns-is-layout-28f84493 wp-block-columns-is-layout-flex\">\n<div class=\"wp-block-column is-layout-flow wp-block-column-is-layout-flow\" style=\"flex-basis:66.66%\">\n<figure class=\"wp-block-gallery has-nested-images columns-default is-cropped wp-block-gallery-1 is-layout-flex wp-block-gallery-is-layout-flex\">\n<figure class=\"wp-block-image size-large\"><img loading=\"lazy\" decoding=\"async\" width=\"724\" height=\"1024\" data-id=\"35814\" src=\"http:\/\/minatitlan.tecnm.mx\/wp-content\/uploads\/2024\/04\/23042023_CONVOCATORIA_LUZ-724x1024.png\" alt=\"\" class=\"wp-image-35814\" srcset=\"https:\/\/minatitlan.tecnm.mx\/wp-content\/uploads\/2024\/04\/23042023_CONVOCATORIA_LUZ-724x1024.png 724w, https:\/\/minatitlan.tecnm.mx\/wp-content\/uploads\/2024\/04\/23042023_CONVOCATORIA_LUZ-212x300.png 212w, https:\/\/minatitlan.tecnm.mx\/wp-content\/uploads\/2024\/04\/23042023_CONVOCATORIA_LUZ-768x1086.png 768w, https:\/\/minatitlan.tecnm.mx\/wp-content\/uploads\/2024\/04\/23042023_CONVOCATORIA_LUZ-1086x1536.png 1086w, https:\/\/minatitlan.tecnm.mx\/wp-content\/uploads\/2024\/04\/23042023_CONVOCATORIA_LUZ-1448x2048.png 1448w\" sizes=\"auto, (max-width: 724px) 100vw, 724px\" \/><\/figure>\n<\/figure>\n<\/div>\n\n\n\n<div class=\"wp-block-column is-layout-flow wp-block-column-is-layout-flow\" style=\"flex-basis:33.33%\">\n<figure class=\"wp-block-table is-style-stripes\"><table class=\"has-fixed-layout\"><tbody><tr><td class=\"has-text-align-center\" data-align=\"center\"><strong><a href=\"http:\/\/minatitlan.tecnm.mx\/wp-content\/uploads\/2024\/05\/Convocatoria-No-Escolarizada-CIESDEMEX-EaD-Minatitlan_V.pdf\">Consulta la CONVOCATORIA <br>AGO-DIC 2024<\/a><\/strong><\/td><\/tr><tr><td class=\"has-text-align-center\" data-align=\"center\"><img loading=\"lazy\" decoding=\"async\" width=\"40\" height=\"40\" class=\"wp-image-15907\" style=\"width: 40px;\" src=\"http:\/\/minatitlan.tecnm.mx\/wp-content\/uploads\/2022\/11\/pdf.png\" alt=\"\"><\/td><\/tr><\/tbody><\/table><\/figure>\n<\/div>\n<\/div>\n","protected":false},"excerpt":{"rendered":"<p>IIND-2010-227 MODALIDAD Distancia DURACI\u00d3N 9 Semestres TOTAL DE CR\u00c9DITOS 260 PLAN DE ESTUDIOS Descargar plan de estudios COORDINADORA DE LA CARRERA Ing. Luz Elena Villanueva Castellanosead@minatitlan.tecnm.mx Consulta la CONVOCATORIA AGO-DIC 2024<\/p>\n","protected":false},"author":1,"featured_media":0,"parent":0,"menu_order":0,"comment_status":"closed","ping_status":"closed","template":"","meta":{"advgb_blocks_editor_width":"","advgb_blocks_columns_visual_guide":"","footnotes":""},"class_list":["post-2498","page","type-page","status-publish","hentry"],"coauthors":[],"author_meta":{"author_link":"https:\/\/minatitlan.tecnm.mx\/index.php\/author\/cc-itmina\/","display_name":"CC-ITMINA"},"relative_dates":{"created":"Publicado 4 a\u00f1os hace","modified":"Actualizado 2 a\u00f1os hace"},"absolute_dates":{"created":"Publicado el 23 septiembre, 2022","modified":"Actualizado el 8 mayo, 2024"},"absolute_dates_time":{"created":"Publicado el 23 septiembre, 2022 8:24 pm","modified":"Actualizado el 8 mayo, 2024 7:38 pm"},"featured_img_caption":"","featured_img":false,"series_order":"","_links":{"self":[{"href":"https:\/\/minatitlan.tecnm.mx\/index.php\/wp-json\/wp\/v2\/pages\/2498","targetHints":{"allow":["GET"]}}],"collection":[{"href":"https:\/\/minatitlan.tecnm.mx\/index.php\/wp-json\/wp\/v2\/pages"}],"about":[{"href":"https:\/\/minatitlan.tecnm.mx\/index.php\/wp-json\/wp\/v2\/types\/page"}],"author":[{"embeddable":true,"href":"https:\/\/minatitlan.tecnm.mx\/index.php\/wp-json\/wp\/v2\/users\/1"}],"replies":[{"embeddable":true,"href":"https:\/\/minatitlan.tecnm.mx\/index.php\/wp-json\/wp\/v2\/comments?post=2498"}],"version-history":[{"count":8,"href":"https:\/\/minatitlan.tecnm.mx\/index.php\/wp-json\/wp\/v2\/pages\/2498\/revisions"}],"predecessor-version":[{"id":36214,"href":"https:\/\/minatitlan.tecnm.mx\/index.php\/wp-json\/wp\/v2\/pages\/2498\/revisions\/36214"}],"wp:attachment":[{"href":"https:\/\/minatitlan.tecnm.mx\/index.php\/wp-json\/wp\/v2\/media?parent=2498"}],"curies":[{"name":"wp","href":"https:\/\/api.w.org\/{rel}","templated":true}]}}