{"id":2678,"date":"2022-09-26T18:58:45","date_gmt":"2022-09-26T18:58:45","guid":{"rendered":"http:\/\/localhost\/?page_id=2678"},"modified":"2023-11-11T23:48:16","modified_gmt":"2023-11-12T05:48:16","slug":"centro-de-computo","status":"publish","type":"page","link":"https:\/\/minatitlan.tecnm.mx\/index.php\/centro-de-computo\/","title":{"rendered":"Centro de C\u00f3mputo"},"content":{"rendered":"\n<div class=\"wp-block-advgb-accordions advgb-accordions-cf6dbc5a-05cd-4ef0-9ffe-06d6eefe9474 advgb-accordion-wrapper\" data-collapsed=\"true\">\n<div class=\"wp-block-advgb-accordion-item advgb-accordion-item\" style=\"margin-bottom:15px\"><div class=\"advgb-accordion-header\" style=\"background-color:#1b396a;color:#ffffff;border-style:solid;border-width:1px;border-radius:2px\"><span class=\"advgb-accordion-header-icon\"><svg fill=\"#ffffff\" xmlns=\"http:\/\/www.w3.org\/2000\/svg\" width=\"24\" height=\"24\" viewBox=\"0 0 24 24\"><path opacity=\"0.87\" fill=\"none\" d=\"M24,24H0L0,0l24,0V24z\"><\/path><path d=\"M16.59,8.59L12,13.17L7.41,8.59L6,10l6,6l6-6L16.59,8.59z\"><\/path><\/svg><\/span><h1 class=\"advgb-accordion-header-title\" style=\"color:inherit\">Direcci\u00f3n de Tecnolog\u00edas de Informaci\u00f3n y Comunicaci\u00f3n<\/h1><\/div><div class=\"advgb-accordion-body\" style=\"border-style:solid !important;border-width:1px !important;border-color:undefined !important;border-top:none !important;border-radius:2px !important\">\n<figure class=\"wp-block-table is-style-stripes has-small-font-size\"><table class=\"has-foreground-color has-text-color\"><thead><tr><th><\/th><th class=\"has-text-align-right\" data-align=\"right\"><mark style=\"background-color:rgba(0, 0, 0, 0)\" class=\"has-inline-color has-custom-blanco-color\">Descarga<\/mark><\/th><\/tr><\/thead><tbody><tr><td><a href=\"http:\/\/minatitlan.tecnm.mx\/wp-content\/uploads\/2022\/11\/Acuerdo_EDN_2021-2024.pdf\" target=\"_blank\" rel=\"noreferrer noopener\">Acuerdo EDN 2021-2024<\/a><\/td><td class=\"has-text-align-right\" data-align=\"right\"><img loading=\"lazy\" decoding=\"async\" width=\"30\" height=\"30\" class=\"wp-image-15907\" style=\"width: 30px;\" src=\"http:\/\/minatitlan.tecnm.mx\/wp-content\/uploads\/2022\/11\/pdf.png\" alt=\"\"><\/td><\/tr><tr><td><a href=\"http:\/\/minatitlan.tecnm.mx\/wp-content\/uploads\/2022\/11\/Seguridad_Informatica.pdf\" target=\"_blank\" rel=\"noreferrer noopener\">Seguridad Inform\u00e1tica<\/a><\/td><td class=\"has-text-align-right\" data-align=\"right\"><img loading=\"lazy\" decoding=\"async\" width=\"30\" height=\"30\" class=\"wp-image-15907\" style=\"width: 30px;\" src=\"http:\/\/minatitlan.tecnm.mx\/wp-content\/uploads\/2022\/11\/pdf.png\" alt=\"\"><\/td><\/tr><tr><td><a href=\"http:\/\/minatitlan.tecnm.mx\/wp-content\/uploads\/2022\/11\/Acuerdo_I_GD_TIC_SI_06_09_2021.pdf\" target=\"_blank\" rel=\"noreferrer noopener\">Acuerdo I GD TIC SI<\/a><\/td><td class=\"has-text-align-right\" data-align=\"right\"><img loading=\"lazy\" decoding=\"async\" width=\"30\" height=\"30\" class=\"wp-image-15907\" style=\"width: 30px;\" src=\"http:\/\/minatitlan.tecnm.mx\/wp-content\/uploads\/2022\/11\/pdf.png\" alt=\"\"><\/td><\/tr><tr><td><a href=\"http:\/\/minatitlan.tecnm.mx\/wp-content\/uploads\/2022\/11\/lineamientos_DGTEC.pdf\" target=\"_blank\" rel=\"noreferrer noopener\">Lineamientos DGTEC<\/a><\/td><td class=\"has-text-align-right\" data-align=\"right\"><img loading=\"lazy\" decoding=\"async\" width=\"30\" height=\"30\" class=\"wp-image-15907\" style=\"width: 30px;\" src=\"http:\/\/minatitlan.tecnm.mx\/wp-content\/uploads\/2022\/11\/pdf.png\" alt=\"\"><\/td><\/tr><\/tbody><\/table><\/figure>\n<\/div><\/div>\n<\/div>\n\n\n\n<div class=\"wp-block-advgb-accordions advgb-accordions-5bee969d-9f16-4cbf-8187-19bb0580d92b advgb-accordion-wrapper\" data-collapsed=\"true\">\n<div class=\"wp-block-advgb-accordion-item advgb-accordion-item\" style=\"margin-bottom:15px\"><div class=\"advgb-accordion-header\" style=\"background-color:#1b396a;color:#ffffff;border-style:solid;border-width:1px;border-radius:2px\"><span class=\"advgb-accordion-header-icon\"><svg fill=\"#ffffff\" xmlns=\"http:\/\/www.w3.org\/2000\/svg\" width=\"24\" height=\"24\" viewBox=\"0 0 24 24\"><path opacity=\"0.87\" fill=\"none\" d=\"M24,24H0L0,0l24,0V24z\"><\/path><path d=\"M16.59,8.59L12,13.17L7.41,8.59L6,10l6,6l6-6L16.59,8.59z\"><\/path><\/svg><\/span><h1 class=\"advgb-accordion-header-title\" style=\"color:inherit\">Organigrama<\/h1><\/div><div class=\"advgb-accordion-body\" style=\"border-style:solid !important;border-width:1px !important;border-color:undefined !important;border-top:none !important;border-radius:2px !important\">\n<div class=\"wp-block-group is-layout-constrained wp-block-group-is-layout-constrained\">\n<figure class=\"wp-block-image alignwide size-full is-style-default\"><img loading=\"lazy\" decoding=\"async\" width=\"1024\" height=\"768\" src=\"http:\/\/minatitlan.tecnm.mx\/wp-content\/uploads\/2022\/11\/OrganigramaJCC.jpg\" alt=\"\" class=\"wp-image-19064\" srcset=\"https:\/\/minatitlan.tecnm.mx\/wp-content\/uploads\/2022\/11\/OrganigramaJCC.jpg 1024w, https:\/\/minatitlan.tecnm.mx\/wp-content\/uploads\/2022\/11\/OrganigramaJCC-300x225.jpg 300w, https:\/\/minatitlan.tecnm.mx\/wp-content\/uploads\/2022\/11\/OrganigramaJCC-768x576.jpg 768w\" sizes=\"auto, (max-width: 1024px) 100vw, 1024px\" \/><\/figure>\n<\/div>\n<\/div><\/div>\n<\/div>\n","protected":false},"excerpt":{"rendered":"","protected":false},"author":1,"featured_media":0,"parent":0,"menu_order":0,"comment_status":"closed","ping_status":"closed","template":"","meta":{"advgb_blocks_editor_width":"","advgb_blocks_columns_visual_guide":"","footnotes":""},"class_list":["post-2678","page","type-page","status-publish","hentry"],"coauthors":[],"author_meta":{"author_link":"https:\/\/minatitlan.tecnm.mx\/index.php\/author\/cc-itmina\/","display_name":"CC-ITMINA"},"relative_dates":{"created":"Publicado 4 a\u00f1os hace","modified":"Actualizado 2 a\u00f1os hace"},"absolute_dates":{"created":"Publicado el 26 septiembre, 2022","modified":"Actualizado el 11 noviembre, 2023"},"absolute_dates_time":{"created":"Publicado el 26 septiembre, 2022 6:58 pm","modified":"Actualizado el 11 noviembre, 2023 11:48 pm"},"featured_img_caption":"","featured_img":false,"series_order":"","_links":{"self":[{"href":"https:\/\/minatitlan.tecnm.mx\/index.php\/wp-json\/wp\/v2\/pages\/2678","targetHints":{"allow":["GET"]}}],"collection":[{"href":"https:\/\/minatitlan.tecnm.mx\/index.php\/wp-json\/wp\/v2\/pages"}],"about":[{"href":"https:\/\/minatitlan.tecnm.mx\/index.php\/wp-json\/wp\/v2\/types\/page"}],"author":[{"embeddable":true,"href":"https:\/\/minatitlan.tecnm.mx\/index.php\/wp-json\/wp\/v2\/users\/1"}],"replies":[{"embeddable":true,"href":"https:\/\/minatitlan.tecnm.mx\/index.php\/wp-json\/wp\/v2\/comments?post=2678"}],"version-history":[{"count":4,"href":"https:\/\/minatitlan.tecnm.mx\/index.php\/wp-json\/wp\/v2\/pages\/2678\/revisions"}],"predecessor-version":[{"id":27385,"href":"https:\/\/minatitlan.tecnm.mx\/index.php\/wp-json\/wp\/v2\/pages\/2678\/revisions\/27385"}],"wp:attachment":[{"href":"https:\/\/minatitlan.tecnm.mx\/index.php\/wp-json\/wp\/v2\/media?parent=2678"}],"curies":[{"name":"wp","href":"https:\/\/api.w.org\/{rel}","templated":true}]}}