{"id":2980,"date":"2022-09-27T21:10:45","date_gmt":"2022-09-27T21:10:45","guid":{"rendered":"http:\/\/localhost\/?page_id=2980"},"modified":"2023-11-11T23:48:18","modified_gmt":"2023-11-12T05:48:18","slug":"seguro-facultativo-imms","status":"publish","type":"page","link":"https:\/\/minatitlan.tecnm.mx\/index.php\/seguro-facultativo-imms\/","title":{"rendered":"Seguro Facultativo"},"content":{"rendered":"<div style=\"text-align: justify;\">\n<p><span style=\"color: #000000;\">El Instituto Mexicano del Seguro Social (IMSS) cuenta con el Seguro para Estudiantes, por medio del cual se protege a los j\u00f3venes de instituciones educativas p\u00fablicas de los niveles de educaci\u00f3n medio superior, superior y de postgrado, mediante las prestaciones en especie del Seguro de Enfermedades y Maternidad.<\/span><\/p>\n<p><span style=\"color: #000000;\">Con esta modalidad de aseguramiento, las personas que cursen estudios de niveles medio superior y superior en instituciones educativas p\u00fablicas tienen acceso a servicios m\u00e9dicos, provisi\u00f3n de medicamentos, hospitales y atenci\u00f3n obst\u00e9trica, sin costo alguno para ellos ni para las instituciones educativas. Asimismo, los estudiantes podr\u00e1n obtener orientaci\u00f3n preventiva en temas de salud sexual, de cuidado dental y nutrici\u00f3n.<\/span><\/p>\n<\/div>\n\n\n<div data-wp-interactive=\"core\/file\" class=\"wp-block-file\"><object data-wp-bind--hidden=\"!state.hasPdfPreview\" hidden class=\"wp-block-file__embed\" data=\"http:\/\/minatitlan.tecnm.mx\/wp-content\/uploads\/2022\/11\/Solicitar-Alta-y-Baja-del-Seguro-IMSS.pdf\" type=\"application\/pdf\" style=\"width:100%;height:550px\" aria-label=\"PDF incrustado\"><\/object><\/div>\n","protected":false},"excerpt":{"rendered":"<p>El Instituto Mexicano del Seguro Social (IMSS) cuenta con el Seguro para Estudiantes, por medio del cual se protege a los j\u00f3venes de instituciones educativas p\u00fablicas de los niveles de educaci\u00f3n medio superior, superior y de postgrado, mediante las prestaciones en especie del Seguro de Enfermedades y Maternidad. Con esta modalidad de aseguramiento, las personas [&hellip;]<\/p>\n","protected":false},"author":1,"featured_media":0,"parent":0,"menu_order":0,"comment_status":"closed","ping_status":"closed","template":"","meta":{"advgb_blocks_editor_width":"","advgb_blocks_columns_visual_guide":"","footnotes":""},"class_list":["post-2980","page","type-page","status-publish","hentry"],"coauthors":[],"author_meta":{"author_link":"https:\/\/minatitlan.tecnm.mx\/index.php\/author\/cc-itmina\/","display_name":"CC-ITMINA"},"relative_dates":{"created":"Publicado 4 a\u00f1os hace","modified":"Actualizado 2 a\u00f1os hace"},"absolute_dates":{"created":"Publicado el 27 septiembre, 2022","modified":"Actualizado el 11 noviembre, 2023"},"absolute_dates_time":{"created":"Publicado el 27 septiembre, 2022 9:10 pm","modified":"Actualizado el 11 noviembre, 2023 11:48 pm"},"featured_img_caption":"","featured_img":false,"series_order":"","_links":{"self":[{"href":"https:\/\/minatitlan.tecnm.mx\/index.php\/wp-json\/wp\/v2\/pages\/2980","targetHints":{"allow":["GET"]}}],"collection":[{"href":"https:\/\/minatitlan.tecnm.mx\/index.php\/wp-json\/wp\/v2\/pages"}],"about":[{"href":"https:\/\/minatitlan.tecnm.mx\/index.php\/wp-json\/wp\/v2\/types\/page"}],"author":[{"embeddable":true,"href":"https:\/\/minatitlan.tecnm.mx\/index.php\/wp-json\/wp\/v2\/users\/1"}],"replies":[{"embeddable":true,"href":"https:\/\/minatitlan.tecnm.mx\/index.php\/wp-json\/wp\/v2\/comments?post=2980"}],"version-history":[{"count":9,"href":"https:\/\/minatitlan.tecnm.mx\/index.php\/wp-json\/wp\/v2\/pages\/2980\/revisions"}],"predecessor-version":[{"id":27016,"href":"https:\/\/minatitlan.tecnm.mx\/index.php\/wp-json\/wp\/v2\/pages\/2980\/revisions\/27016"}],"wp:attachment":[{"href":"https:\/\/minatitlan.tecnm.mx\/index.php\/wp-json\/wp\/v2\/media?parent=2980"}],"curies":[{"name":"wp","href":"https:\/\/api.w.org\/{rel}","templated":true}]}}