{"id":3089,"date":"2022-09-28T19:30:24","date_gmt":"2022-09-28T19:30:24","guid":{"rendered":"http:\/\/localhost\/?page_id=3089"},"modified":"2023-11-11T23:48:16","modified_gmt":"2023-11-12T05:48:16","slug":"desarrollo-academico","status":"publish","type":"page","link":"https:\/\/minatitlan.tecnm.mx\/index.php\/desarrollo-academico\/","title":{"rendered":"Desarrollo Acad\u00e9mico"},"content":{"rendered":"\n<figure class=\"wp-block-table is-style-stripes\"><table><thead><tr><th><\/th><th class=\"has-text-align-right\" data-align=\"right\"><mark style=\"background-color:rgba(0, 0, 0, 0)\" class=\"has-inline-color has-custom-blanco-color\">Descarga<\/mark><\/th><\/tr><\/thead><tbody><tr><td><a href=\"http:\/\/minatitlan.tecnm.mx\/wp-content\/uploads\/2022\/12\/1.-Programacion-E-J-2023.pdf\" target=\"_blank\" rel=\"noreferrer noopener\">PROGRAMA DE FORMACI\u00d3N Y ACTUALIZACI\u00d3N PROFESIONAL DOCENTE<\/a><\/td><td class=\"has-text-align-right\" data-align=\"right\"><img loading=\"lazy\" decoding=\"async\" width=\"30\" height=\"30\" class=\"wp-image-15907\" style=\"width: 30px;\" src=\"http:\/\/minatitlan.tecnm.mx\/wp-content\/uploads\/2022\/11\/pdf.png\" alt=\"\"><\/td><\/tr><\/tbody><\/table><\/figure>\n\n\n\n<div class=\"wp-block-advgb-adv-tabs advgb-tabs-wrapper advgb-tab-vert-desktop advgb-tab-vert-tablet advgb-tab-stack-mobile advgb-tabs-09a191dd-b338-4f73-a3e6-d511a4d01b8a\" data-tab-active=\"0\"><ul class=\"advgb-tabs-panel\"><li class=\"advgb-tab\" style=\"background-color:#ffffff;border-style:solid;border-width:1px;border-color:#000000;border-radius:0px\"><a id=\"\" href=\"#advgb-tabs-tab0\" style=\"color:#000000\"><span>Investigaci\u00f3n educativa<\/span><\/a><\/li><li class=\"advgb-tab\" style=\"background-color:#ffffff;border-style:solid;border-width:1px;border-color:#000000;border-radius:0px\"><a id=\"\" href=\"#advgb-tabs-tab1\" style=\"color:#000000\"><span>M\u00e9todos y medios<\/span><\/a><\/li><li class=\"advgb-tab\" style=\"background-color:#ffffff;border-style:solid;border-width:1px;border-color:#000000;border-radius:0px\"><a id=\"\" href=\"#advgb-tabs-tab2\" style=\"color:#000000\"><span>Orientaci\u00f3n educativa<\/span><\/a><\/li><li class=\"advgb-tab\" style=\"background-color:#ffffff;border-style:solid;border-width:1px;border-color:#000000;border-radius:0px\"><a id=\"\" href=\"#advgb-tabs-tab3\" style=\"color:#000000\"><span>Diplomado<\/span><\/a><\/li><li class=\"advgb-tab\" style=\"background-color:#ffffff;border-style:solid;border-width:1px;border-color:#000000;border-radius:0px\"><a id=\"\" href=\"#advgb-tabs-tab4\" style=\"color:#000000\"><span>Capacitaci\u00f3n<\/span><\/a><\/li><li class=\"advgb-tab\" style=\"background-color:#ffffff;border-style:solid;border-width:1px;border-color:#000000;border-radius:0px\"><a id=\"\" href=\"#advgb-tabs-tab5\" style=\"color:#000000\"><span>Gu\u00eda<\/span><\/a><\/li><\/ul><div class=\"advgb-tab-body-wrapper\" style=\"border-style:solid;border-width:1px;border-color:#000000;border-radius:0px\">\n<div class=\"wp-block-advgb-tab advgb-tab-body-container\"><div class=\"advgb-tab-body-header advgb-tab-class-\">Investigaci\u00f3n educativa<\/div><div class=\"advgb-tab-_596afb-23 advgb-tab-body\" aria-labelledby=\"advgb-tabs-tab0\">\n<figure class=\"wp-block-table is-style-stripes\"><table><thead><tr><th><\/th><th class=\"has-text-align-right\" data-align=\"right\"><mark style=\"background-color:rgba(0, 0, 0, 0)\" class=\"has-inline-color has-custom-blanco-color\">Descarga<\/mark><\/th><\/tr><\/thead><tbody><tr><td><a href=\"http:\/\/minatitlan.tecnm.mx\/wp-content\/uploads\/2022\/11\/cv-tiempo-parcial-1.docx\">CV tiempo parcial<\/a><\/td><td class=\"has-text-align-right\" data-align=\"right\"><img loading=\"lazy\" decoding=\"async\" width=\"30\" height=\"30\" class=\"wp-image-19002\" style=\"width: 30px;\" src=\"http:\/\/minatitlan.tecnm.mx\/wp-content\/uploads\/2022\/11\/Word-1.png\" alt=\"\"><\/td><\/tr><tr><td><a href=\"http:\/\/minatitlan.tecnm.mx\/wp-content\/uploads\/2022\/12\/anexoxlviii.docx\">ANEXO XLVIII. Formato concentrador de registro de proyecto de investigaci\u00f3n educativa<\/a><\/td><td class=\"has-text-align-right\" data-align=\"right\"><img loading=\"lazy\" decoding=\"async\" width=\"30\" height=\"30\" class=\"wp-image-19002\" style=\"width: 30px;\" src=\"http:\/\/minatitlan.tecnm.mx\/wp-content\/uploads\/2022\/11\/Word-1.png\" alt=\"\"><\/td><\/tr><tr><td><a href=\"http:\/\/minatitlan.tecnm.mx\/wp-content\/uploads\/2022\/12\/lineamiento-de-TECNM-Investigacion-Educativa.pdf\" target=\"_blank\" rel=\"noreferrer noopener\">Lineamiento TecNM investigaci\u00f3n educativa<\/a><\/td><td class=\"has-text-align-right\" data-align=\"right\"><img loading=\"lazy\" decoding=\"async\" width=\"30\" height=\"30\" class=\"wp-image-15907\" style=\"width: 30px;\" src=\"http:\/\/minatitlan.tecnm.mx\/wp-content\/uploads\/2022\/11\/pdf.png\" alt=\"\"><\/td><\/tr><tr><td><a href=\"http:\/\/minatitlan.tecnm.mx\/wp-content\/uploads\/2022\/12\/protocolo.docx\">Protocolo<\/a><\/td><td class=\"has-text-align-right\" data-align=\"right\"><img loading=\"lazy\" decoding=\"async\" width=\"30\" height=\"30\" class=\"wp-image-19002\" style=\"width: 30px;\" src=\"http:\/\/minatitlan.tecnm.mx\/wp-content\/uploads\/2022\/11\/Word-1.png\" alt=\"\"><\/td><\/tr><tr><td><a href=\"http:\/\/minatitlan.tecnm.mx\/wp-content\/uploads\/2022\/12\/convocatoria3.pdf\" target=\"_blank\" rel=\"noreferrer noopener\">Convocatoria 3<\/a><\/td><td class=\"has-text-align-right\" data-align=\"right\"><img loading=\"lazy\" decoding=\"async\" width=\"30\" height=\"30\" class=\"wp-image-15907\" style=\"width: 30px;\" src=\"http:\/\/minatitlan.tecnm.mx\/wp-content\/uploads\/2022\/11\/pdf.png\" alt=\"\"><\/td><\/tr><tr><td><a href=\"http:\/\/minatitlan.tecnm.mx\/wp-content\/uploads\/2022\/12\/Linea-Docencia-y-Aprendizaje.pdf\" target=\"_blank\" rel=\"noreferrer noopener\">Linea docencia y aprendizaje<\/a><\/td><td class=\"has-text-align-right\" data-align=\"right\"><img loading=\"lazy\" decoding=\"async\" width=\"30\" height=\"30\" class=\"wp-image-15907\" style=\"width: 30px;\" src=\"http:\/\/minatitlan.tecnm.mx\/wp-content\/uploads\/2022\/11\/pdf.png\" alt=\"\"><\/td><\/tr><tr><td><a href=\"http:\/\/minatitlan.tecnm.mx\/wp-content\/uploads\/2022\/12\/Linea-Entorno-del-proceso-educativo.pdf\">Linea entorno del proceso educativo<\/a><\/td><td class=\"has-text-align-right\" data-align=\"right\"><img loading=\"lazy\" decoding=\"async\" width=\"30\" height=\"30\" class=\"wp-image-15907\" style=\"width: 30px;\" src=\"http:\/\/minatitlan.tecnm.mx\/wp-content\/uploads\/2022\/11\/pdf.png\" alt=\"\"><\/td><\/tr><tr><td><a href=\"http:\/\/minatitlan.tecnm.mx\/wp-content\/uploads\/2022\/12\/Linea-Tecnologias-de-la-informacion.pdf\">Linea tecnolog\u00edas de la informaci\u00f3n<\/a><\/td><td class=\"has-text-align-right\" data-align=\"right\"><img loading=\"lazy\" decoding=\"async\" width=\"30\" height=\"30\" class=\"wp-image-15907\" style=\"width: 30px;\" src=\"http:\/\/minatitlan.tecnm.mx\/wp-content\/uploads\/2022\/11\/pdf.png\" alt=\"\"><\/td><\/tr><tr><td><a href=\"http:\/\/minatitlan.tecnm.mx\/wp-content\/uploads\/2022\/12\/anexoli.docx\">ANEXO LI. Formato para el informe final del proyecto de investigaci\u00f3n educativa<\/a><\/td><td class=\"has-text-align-right\" data-align=\"right\"><img loading=\"lazy\" decoding=\"async\" width=\"30\" height=\"30\" class=\"wp-image-19002\" style=\"width: 30px;\" src=\"http:\/\/minatitlan.tecnm.mx\/wp-content\/uploads\/2022\/11\/Word-1.png\" alt=\"\"><\/td><\/tr><tr><td><a href=\"http:\/\/minatitlan.tecnm.mx\/wp-content\/uploads\/2022\/12\/anexoxlvii.docx\">ANEXO XLVII. Formato concentrador de registro de la l\u00ednea de investigaci\u00f3n educativa<\/a><\/td><td class=\"has-text-align-right\" data-align=\"right\"><img loading=\"lazy\" decoding=\"async\" width=\"30\" height=\"30\" class=\"wp-image-19002\" style=\"width: 30px;\" src=\"http:\/\/minatitlan.tecnm.mx\/wp-content\/uploads\/2022\/11\/Word-1.png\" alt=\"\"><\/td><\/tr><tr><td><a href=\"http:\/\/minatitlan.tecnm.mx\/wp-content\/uploads\/2022\/12\/Convocatoriadeinvestigacioneducativa.pdf\" target=\"_blank\" rel=\"noreferrer noopener\">Proceso para el registro convocatoria 2019<\/a><\/td><td class=\"has-text-align-right\" data-align=\"right\"><img loading=\"lazy\" decoding=\"async\" width=\"30\" height=\"30\" class=\"wp-image-15907\" style=\"width: 30px;\" src=\"http:\/\/minatitlan.tecnm.mx\/wp-content\/uploads\/2022\/11\/pdf.png\" alt=\"\"><\/td><\/tr><\/tbody><\/table><\/figure>\n<\/div><\/div>\n\n\n\n<div class=\"wp-block-advgb-tab advgb-tab-body-container\"><div class=\"advgb-tab-body-header advgb-tab-class-\">M\u00e9todos y medios<\/div><div class=\"advgb-tab-_1ecff9-c6 advgb-tab-body\" aria-labelledby=\"advgb-tabs-tab1\">\n<figure class=\"wp-block-table is-style-stripes\"><table><thead><tr><th><\/th><th class=\"has-text-align-right\" data-align=\"right\"><mark style=\"background-color:rgba(0, 0, 0, 0)\" class=\"has-inline-color has-custom-blanco-color\">Descarga<\/mark><\/th><\/tr><\/thead><tbody><tr><td><a href=\"http:\/\/minatitlan.tecnm.mx\/wp-content\/uploads\/2022\/12\/Instrumento_de_Evaluacion_Departamental_TECNM.pdf\" target=\"_blank\" rel=\"noreferrer noopener\">Instrumento de evaluaci\u00f3n departamental TecNM<\/a><\/td><td class=\"has-text-align-right\" data-align=\"right\"><img loading=\"lazy\" decoding=\"async\" width=\"30\" height=\"30\" class=\"wp-image-15907\" style=\"width: 30px;\" src=\"http:\/\/minatitlan.tecnm.mx\/wp-content\/uploads\/2022\/11\/pdf.png\" alt=\"\"><\/td><\/tr><tr><td><a href=\"http:\/\/minatitlan.tecnm.mx\/wp-content\/uploads\/2022\/12\/Libro.-Guia-para-la-elaboracion-de-textos-y-trabajos-academicos-para-TNM-con-nombre.pdf\" target=\"_blank\" rel=\"noreferrer noopener\">Libro gu\u00eda para la elaboraci\u00f3n de textos y trabajos acad\u00e9micos para TecNM con nombre<br><\/a><\/td><td class=\"has-text-align-right\" data-align=\"right\"><img loading=\"lazy\" decoding=\"async\" width=\"30\" height=\"30\" class=\"wp-image-15907\" style=\"width: 30px;\" src=\"http:\/\/minatitlan.tecnm.mx\/wp-content\/uploads\/2022\/11\/pdf.png\" alt=\"\"><\/td><\/tr><\/tbody><\/table><\/figure>\n<\/div><\/div>\n\n\n\n<div class=\"wp-block-advgb-tab advgb-tab-body-container\"><div class=\"advgb-tab-body-header advgb-tab-class-\">Orientaci\u00f3n educativa<\/div><div class=\"advgb-tab-_6495df-d2 advgb-tab-body\" aria-labelledby=\"advgb-tabs-tab2\">\n<figure class=\"wp-block-table is-style-stripes\"><table><thead><tr><th><\/th><th class=\"has-text-align-right\" data-align=\"right\"><mark style=\"background-color:rgba(0, 0, 0, 0)\" class=\"has-inline-color has-custom-blanco-color\">Descarga<\/mark><\/th><\/tr><\/thead><tbody><tr><td><a href=\"http:\/\/minatitlan.tecnm.mx\/wp-content\/uploads\/2022\/12\/formatos-Creditos-complementarios-2016.docx\">Formatos cr\u00e9ditos complementarios 2016<\/a><\/td><td class=\"has-text-align-right\" data-align=\"right\"><img loading=\"lazy\" decoding=\"async\" width=\"30\" height=\"30\" class=\"wp-image-19002\" style=\"width: 30px;\" src=\"http:\/\/minatitlan.tecnm.mx\/wp-content\/uploads\/2022\/11\/Word-1.png\" alt=\"\"><\/td><\/tr><tr><td><a href=\"http:\/\/minatitlan.tecnm.mx\/wp-content\/uploads\/2022\/12\/triptico-nuevo-Creditos-complementarios.pdf\" target=\"_blank\" rel=\"noreferrer noopener\">Tr\u00edptico nuevo cr\u00e9ditos complementarios<\/a><\/td><td class=\"has-text-align-right\" data-align=\"right\"><img loading=\"lazy\" decoding=\"async\" width=\"30\" height=\"30\" class=\"wp-image-15907\" style=\"width: 30px;\" src=\"http:\/\/minatitlan.tecnm.mx\/wp-content\/uploads\/2022\/11\/pdf.png\" alt=\"\"><\/td><\/tr><\/tbody><\/table><\/figure>\n<\/div><\/div>\n\n\n\n<div class=\"wp-block-advgb-tab advgb-tab-body-container\"><div class=\"advgb-tab-body-header advgb-tab-class-\">Diplomado<\/div><div class=\"advgb-tab-_d3bb1b-cb advgb-tab-body\" aria-labelledby=\"advgb-tabs-tab3\">\n<figure class=\"wp-block-table is-style-stripes\"><table><thead><tr><th><\/th><th class=\"has-text-align-right\" data-align=\"right\"><mark style=\"background-color:rgba(0, 0, 0, 0)\" class=\"has-inline-color has-custom-blanco-color\">Enlace<\/mark><\/th><\/tr><\/thead><tbody><tr><td><a href=\"https:\/\/accounts.google.com\/v3\/signin\/identifier?dsh=S-2130386930%3A1669594077803699&amp;continue=https%3A%2F%2Fdocs.google.com%2Fforms%2Fd%2Fe%2F1FAIpQLSfMkdLDkgx0nJmvwOOTJQI5g3P9Xurq7NZDz-i8q-aBBYYjAQ%2Fviewform&amp;followup=https%3A%2F%2Fdocs.google.com%2Fforms%2Fd%2Fe%2F1FAIpQLSfMkdLDkgx0nJmvwOOTJQI5g3P9Xurq7NZDz-i8q-aBBYYjAQ%2Fviewform&amp;ltmpl=forms&amp;osid=1&amp;passive=1209600&amp;service=wise&amp;flowName=GlifWebSignIn&amp;flowEntry=ServiceLogin&amp;ifkv=ARgdvAtpqcJFvBT5pyUJFuH7N0uSnXELtqZOXuTxJJx6qoGfRaE5SKYEK_5n5mynj7TUc6wLBIju0w\" target=\"_blank\" rel=\"noreferrer noopener\">Registro a Diplomados TecNM<\/a><\/td><td class=\"has-text-align-right\" data-align=\"right\"><a href=\"https:\/\/accounts.google.com\/v3\/signin\/identifier?dsh=S-2130386930%3A1669594077803699&amp;continue=https%3A%2F%2Fdocs.google.com%2Fforms%2Fd%2Fe%2F1FAIpQLSfMkdLDkgx0nJmvwOOTJQI5g3P9Xurq7NZDz-i8q-aBBYYjAQ%2Fviewform&amp;followup=https%3A%2F%2Fdocs.google.com%2Fforms%2Fd%2Fe%2F1FAIpQLSfMkdLDkgx0nJmvwOOTJQI5g3P9Xurq7NZDz-i8q-aBBYYjAQ%2Fviewform&amp;ltmpl=forms&amp;osid=1&amp;passive=1209600&amp;service=wise&amp;flowName=GlifWebSignIn&amp;flowEntry=ServiceLogin&amp;ifkv=ARgdvAtpqcJFvBT5pyUJFuH7N0uSnXELtqZOXuTxJJx6qoGfRaE5SKYEK_5n5mynj7TUc6wLBIju0w\" target=\"_blank\" rel=\"noreferrer noopener\"><img loading=\"lazy\" decoding=\"async\" width=\"30\" height=\"30\" class=\"wp-image-19323\" style=\"width: 30px;\" src=\"http:\/\/minatitlan.tecnm.mx\/wp-content\/uploads\/2022\/11\/Url.png\" alt=\"\"><\/a><\/td><\/tr><\/tbody><\/table><\/figure>\n<\/div><\/div>\n\n\n\n<div class=\"wp-block-advgb-tab advgb-tab-body-container\"><div class=\"advgb-tab-body-header advgb-tab-class-\">Capacitaci\u00f3n<\/div><div class=\"advgb-tab-_e24707-1c advgb-tab-body\" aria-labelledby=\"advgb-tabs-tab4\">\n<figure class=\"wp-block-table is-style-stripes\"><table><thead><tr><th><\/th><th class=\"has-text-align-right\" data-align=\"right\"><mark style=\"background-color:rgba(0, 0, 0, 0)\" class=\"has-inline-color has-custom-blanco-color\">Descarga<\/mark><\/th><\/tr><\/thead><tbody><tr><td><a href=\"http:\/\/minatitlan.tecnm.mx\/wp-content\/uploads\/2022\/12\/1.-Formato-de-registro-de-curso-2018.docx\">Formato de registro de curso 2018<\/a><\/td><td class=\"has-text-align-right\" data-align=\"right\"><img loading=\"lazy\" decoding=\"async\" width=\"30\" height=\"30\" class=\"wp-image-19002\" style=\"width: 30px;\" src=\"http:\/\/minatitlan.tecnm.mx\/wp-content\/uploads\/2022\/11\/Word-1.png\" alt=\"\"><\/td><\/tr><tr><td><a href=\"http:\/\/minatitlan.tecnm.mx\/wp-content\/uploads\/2022\/12\/1.-Formato-de-registro-de-diplomado-2018.docx\">Formato de registro de diplomado 2018<\/a><\/td><td class=\"has-text-align-right\" data-align=\"right\"><img loading=\"lazy\" decoding=\"async\" width=\"30\" height=\"30\" class=\"wp-image-19002\" style=\"width: 30px;\" src=\"http:\/\/minatitlan.tecnm.mx\/wp-content\/uploads\/2022\/11\/Word-1.png\" alt=\"\"><\/td><\/tr><tr><td><a href=\"http:\/\/minatitlan.tecnm.mx\/wp-content\/uploads\/2022\/12\/ANEXO-1-CVU.docx\">ANEXO 1 CVU<\/a><\/td><td class=\"has-text-align-right\" data-align=\"right\"><img loading=\"lazy\" decoding=\"async\" width=\"30\" height=\"30\" class=\"wp-image-19002\" style=\"width: 30px;\" src=\"http:\/\/minatitlan.tecnm.mx\/wp-content\/uploads\/2022\/11\/Word-1.png\" alt=\"\"><\/td><\/tr><tr><td><a href=\"http:\/\/minatitlan.tecnm.mx\/wp-content\/uploads\/2022\/12\/ANEXO-2-Ficha-Tecnica-del-Servicio-de-Actualizacion.docx\">ANEXO 2 Ficha T\u00e9cnica del Servicio de Actualizaci\u00f3n<\/a><\/td><td class=\"has-text-align-right\" data-align=\"right\"><img loading=\"lazy\" decoding=\"async\" width=\"30\" height=\"30\" class=\"wp-image-19002\" style=\"width: 30px;\" src=\"http:\/\/minatitlan.tecnm.mx\/wp-content\/uploads\/2022\/11\/Word-1.png\" alt=\"\"><\/td><\/tr><\/tbody><\/table><\/figure>\n<\/div><\/div>\n\n\n\n<div class=\"wp-block-advgb-tab advgb-tab-body-container\"><div class=\"advgb-tab-body-header advgb-tab-class-\">Gu\u00eda<\/div><div class=\"advgb-tab-_db1691-90 advgb-tab-body\" aria-labelledby=\"advgb-tabs-tab5\">\n<figure class=\"wp-block-table is-style-stripes\"><table><thead><tr><th><\/th><th class=\"has-text-align-right\" data-align=\"right\"><mark style=\"background-color:rgba(0, 0, 0, 0)\" class=\"has-inline-color has-custom-blanco-color\">Descarga<\/mark><\/th><\/tr><\/thead><tbody><tr><td><a href=\"http:\/\/minatitlan.tecnm.mx\/wp-content\/uploads\/2022\/12\/guia-tematica-de-examen.pdf\" target=\"_blank\" rel=\"noreferrer noopener\">Gu\u00eda tem\u00e1tica para examen<\/a><\/td><td class=\"has-text-align-right\" data-align=\"right\"><img loading=\"lazy\" decoding=\"async\" width=\"30\" height=\"30\" class=\"wp-image-15907\" style=\"width: 30px;\" src=\"http:\/\/minatitlan.tecnm.mx\/wp-content\/uploads\/2022\/11\/pdf.png\" alt=\"\"><\/td><\/tr><\/tbody><\/table><\/figure>\n<\/div><\/div>\n<\/div><\/div>\n<style class=\"advgb-styles-renderer\">.advgb-tabs-09a191dd-b338-4f73-a3e6-d511a4d01b8a ul.advgb-tabs-panel li.advgb-tab.advgb-tab-active {background-color:#1b396a !important;color:#ffffff !important;}#advgb-tabs-09a191dd-b338-4f73-a3e6-d511a4d01b8a .advgb-tab-body-header.header-active, .advgb-tabs-09a191dd-b338-4f73-a3e6-d511a4d01b8a .advgb-tab-body-header.header-active{background-color:#1b396a !important;color:#ffffff !important;}<\/style>","protected":false},"excerpt":{"rendered":"<p>Descarga PROGRAMA DE FORMACI\u00d3N Y ACTUALIZACI\u00d3N PROFESIONAL DOCENTE<\/p>\n","protected":false},"author":1,"featured_media":0,"parent":0,"menu_order":0,"comment_status":"closed","ping_status":"closed","template":"","meta":{"advgb_blocks_editor_width":"","advgb_blocks_columns_visual_guide":"","footnotes":""},"class_list":["post-3089","page","type-page","status-publish","hentry"],"coauthors":[],"author_meta":{"author_link":"https:\/\/minatitlan.tecnm.mx\/index.php\/author\/cc-itmina\/","display_name":"CC-ITMINA"},"relative_dates":{"created":"Publicado 4 a\u00f1os hace","modified":"Actualizado 2 a\u00f1os hace"},"absolute_dates":{"created":"Publicado el 28 septiembre, 2022","modified":"Actualizado el 11 noviembre, 2023"},"absolute_dates_time":{"created":"Publicado el 28 septiembre, 2022 7:30 pm","modified":"Actualizado el 11 noviembre, 2023 11:48 pm"},"featured_img_caption":"","featured_img":false,"series_order":"","_links":{"self":[{"href":"https:\/\/minatitlan.tecnm.mx\/index.php\/wp-json\/wp\/v2\/pages\/3089","targetHints":{"allow":["GET"]}}],"collection":[{"href":"https:\/\/minatitlan.tecnm.mx\/index.php\/wp-json\/wp\/v2\/pages"}],"about":[{"href":"https:\/\/minatitlan.tecnm.mx\/index.php\/wp-json\/wp\/v2\/types\/page"}],"author":[{"embeddable":true,"href":"https:\/\/minatitlan.tecnm.mx\/index.php\/wp-json\/wp\/v2\/users\/1"}],"replies":[{"embeddable":true,"href":"https:\/\/minatitlan.tecnm.mx\/index.php\/wp-json\/wp\/v2\/comments?post=3089"}],"version-history":[{"count":32,"href":"https:\/\/minatitlan.tecnm.mx\/index.php\/wp-json\/wp\/v2\/pages\/3089\/revisions"}],"predecessor-version":[{"id":27383,"href":"https:\/\/minatitlan.tecnm.mx\/index.php\/wp-json\/wp\/v2\/pages\/3089\/revisions\/27383"}],"wp:attachment":[{"href":"https:\/\/minatitlan.tecnm.mx\/index.php\/wp-json\/wp\/v2\/media?parent=3089"}],"curies":[{"name":"wp","href":"https:\/\/api.w.org\/{rel}","templated":true}]}}