{"id":330,"date":"2022-09-03T23:38:43","date_gmt":"2022-09-03T23:38:43","guid":{"rendered":"http:\/\/localhost\/wordpress\/?page_id=93"},"modified":"2023-11-11T23:48:18","modified_gmt":"2023-11-12T05:48:18","slug":"residencia-profesional","status":"publish","type":"page","link":"https:\/\/minatitlan.tecnm.mx\/index.php\/residencia-profesional\/","title":{"rendered":"Residencia Profesional"},"content":{"rendered":"<p style=\"text-align: justify;\"><span style=\"color: #000000;\">La Residencia Profesional es una estrategia educativa de car\u00e1cter curricular, que permite al estudiante emprender un proyecto te\u00f3rico-pr\u00e1ctico, anal\u00edtico, reflexivo, cr\u00edtico y profesional; con el prop\u00f3sito de resolver un problema espec\u00edfico de la realidad social y productiva, para fortalecer y aplicar sus competencias profesionales.<\/span><\/p>\n<p style=\"text-align: justify;\"><span style=\"color: #000000;\">El proyecto de Residencia Profesional puede realizarse de manera individual, grupal o interdisciplinaria; dependiendo de los requerimientos, condiciones y caracter\u00edsticas del proyecto de la empresa, organismo o dependencia.<\/span><\/p>\n\n\n<div class=\"wp-block-advgb-accordions advgb-accordion-wrapper\" data-collapsed=\"true\">\n<div class=\"wp-block-advgb-accordion-item advgb-accordion-item\" style=\"margin-bottom:15px\"><div class=\"advgb-accordion-header\" style=\"background-color:#1b396a;color:#ffffff;border-style:solid;border-width:1px;border-radius:3px\"><span class=\"advgb-accordion-header-icon\"><svg fill=\"#ffffff\" xmlns=\"http:\/\/www.w3.org\/2000\/svg\" width=\"24\" height=\"24\" viewBox=\"0 0 24 24\"><path opacity=\"0.87\" fill=\"none\" d=\"M24,24H0L0,0l24,0V24z\"><\/path><path d=\"M16.59,8.59L12,13.17L7.41,8.59L6,10l6,6l6-6L16.59,8.59z\"><\/path><\/svg><\/span><h1 class=\"advgb-accordion-header-title\" style=\"color:inherit\">Informaci\u00f3n de la residencia profesional<\/h1><\/div><div class=\"advgb-accordion-body\" style=\"border-style:solid !important;border-width:1px !important;border-color:undefined !important;border-top:none !important;border-radius:3px !important\">\n<p><span style=\"color: #1b396a;\"><strong>\u00bfD\u00f3nde se puede realizar la residencia profesional?<\/strong><\/span><\/p>\n<p style=\"text-align: justify;\"><span style=\"color: #000000;\"><span dir=\"ltr\" role=\"presentation\"><span id=\"page87R_mcid16\" class=\"markedContent\">La residencia profesional se podr\u00e1 acreditar mediante la realizaci\u00f3n de proyectos internos o externos con car\u00e1cter local, regional, nacional o internacional.<\/span><\/span><\/span><\/p>\n<ul>\n<li><span id=\"page87R_mcid17\" class=\"markedContent\" style=\"color: #000000;\"><span dir=\"ltr\" role=\"presentation\">Sectores social, productivo, de bienes y servicios.<\/span><\/span><\/li>\n<li><span id=\"page87R_mcid18\" class=\"markedContent\" style=\"color: #000000;\"><span dir=\"ltr\" role=\"presentation\">Innovaci\u00f3n y desarrollo tecnol\u00f3gico.<\/span><\/span><\/li>\n<li><span id=\"page87R_mcid19\" class=\"markedContent\" style=\"color: #000000;\"><span dir=\"ltr\" role=\"presentation\">Investigaci\u00f3n; veranos cient\u00edficos<\/span><\/span><\/li>\n<li><span id=\"page87R_mcid20\" class=\"markedContent\" style=\"color: #000000;\"><span dir=\"ltr\" role=\"presentation\">Dise\u00f1o y\/o construcci\u00f3n de equipos<\/span><\/span><\/li>\n<\/ul>\n<p><span style=\"color: #1b396a;\"><strong>Requisitos para realizar residencia profesional<\/strong><\/span><\/p>\n<ul>\n<li><span style=\"color: #000000;\">Tener acreditado el servicio social.<\/span><\/li>\n<li><span style=\"color: #000000;\">Tener acreditado las actividades complementarias.<\/span><\/li>\n<li><span style=\"color: #000000;\">Tener aprobado el 80% de cr\u00e9ditos de su plan de estudios.<\/span><\/li>\n<li><span style=\"color: #000000;\">No contar con ninguna materia en curso especial.<\/span><\/li>\n<\/ul>\n<\/div><\/div>\n<\/div>\n\n\n\n<a href=\"http:\/\/minatitlan.tecnm.mx\/index.php\/gestion-tecnologica-y-vinculacion\/\" class=\"btnF\">Formatos<\/a>\n\n\n<div class=\"container  \">\n<p style=\"text-align: center;\"><strong><span style=\"color: #1b396a;\">Horario de Atenci\u00f3n<\/span><\/strong><\/p>\n<p style=\"text-align: center;\"><span style=\"color: #807e82;\"><strong>09:00 a 15:00 hrs. de Lunes a Viernes<\/strong><\/span><\/p>\n<\/div>","protected":false},"excerpt":{"rendered":"<p>La Residencia Profesional es una estrategia educativa de car\u00e1cter curricular, que permite al estudiante emprender un proyecto te\u00f3rico-pr\u00e1ctico, anal\u00edtico, reflexivo, cr\u00edtico y profesional; con el prop\u00f3sito de resolver un problema espec\u00edfico de la realidad social y productiva, para fortalecer y aplicar sus competencias profesionales. El proyecto de Residencia Profesional puede realizarse de manera individual, grupal [&hellip;]<\/p>\n","protected":false},"author":1,"featured_media":0,"parent":0,"menu_order":0,"comment_status":"closed","ping_status":"closed","template":"","meta":{"advgb_blocks_editor_width":"","advgb_blocks_columns_visual_guide":"","footnotes":""},"class_list":["post-330","page","type-page","status-publish","hentry"],"coauthors":[],"author_meta":{"author_link":"https:\/\/minatitlan.tecnm.mx\/index.php\/author\/cc-itmina\/","display_name":"CC-ITMINA"},"relative_dates":{"created":"Publicado 4 a\u00f1os hace","modified":"Actualizado 2 a\u00f1os hace"},"absolute_dates":{"created":"Publicado el 3 septiembre, 2022","modified":"Actualizado el 11 noviembre, 2023"},"absolute_dates_time":{"created":"Publicado el 3 septiembre, 2022 11:38 pm","modified":"Actualizado el 11 noviembre, 2023 11:48 pm"},"featured_img_caption":"","featured_img":false,"series_order":"","_links":{"self":[{"href":"https:\/\/minatitlan.tecnm.mx\/index.php\/wp-json\/wp\/v2\/pages\/330","targetHints":{"allow":["GET"]}}],"collection":[{"href":"https:\/\/minatitlan.tecnm.mx\/index.php\/wp-json\/wp\/v2\/pages"}],"about":[{"href":"https:\/\/minatitlan.tecnm.mx\/index.php\/wp-json\/wp\/v2\/types\/page"}],"author":[{"embeddable":true,"href":"https:\/\/minatitlan.tecnm.mx\/index.php\/wp-json\/wp\/v2\/users\/1"}],"replies":[{"embeddable":true,"href":"https:\/\/minatitlan.tecnm.mx\/index.php\/wp-json\/wp\/v2\/comments?post=330"}],"version-history":[{"count":49,"href":"https:\/\/minatitlan.tecnm.mx\/index.php\/wp-json\/wp\/v2\/pages\/330\/revisions"}],"predecessor-version":[{"id":27023,"href":"https:\/\/minatitlan.tecnm.mx\/index.php\/wp-json\/wp\/v2\/pages\/330\/revisions\/27023"}],"wp:attachment":[{"href":"https:\/\/minatitlan.tecnm.mx\/index.php\/wp-json\/wp\/v2\/media?parent=330"}],"curies":[{"name":"wp","href":"https:\/\/api.w.org\/{rel}","templated":true}]}}