{"id":40,"date":"2022-09-03T21:31:16","date_gmt":"2022-09-03T21:31:16","guid":{"rendered":"http:\/\/localhost\/wordpress\/?page_id=40"},"modified":"2023-11-11T23:48:18","modified_gmt":"2023-11-12T05:48:18","slug":"servicio-social","status":"publish","type":"page","link":"https:\/\/minatitlan.tecnm.mx\/index.php\/servicio-social\/","title":{"rendered":"Servicio Social"},"content":{"rendered":"<p style=\"text-align: justify;\"><span style=\"color: #000000;\">Se entiende por Servicio Social el trabajo de car\u00e1cter temporal y obligatorio, que institucionalmente presten y ejecuten los estudiantes en beneficio de la sociedad. Los estudiantes de las Instituciones adscritas al TecNM prestan el Servicio Social para cumplir con los cr\u00e9ditos de sus planes de estudios.<\/span><\/p>\n<p style=\"text-align: justify;\"><span style=\"color: #000000;\">La finalidad del Servicio Social es fortalecer la formaci\u00f3n integral del estudiante, desarrollando una conciencia de solidaridad y compromiso con la sociedad a la que pertenece, mediante la aplicaci\u00f3n y desarrollo de sus competencias profesionales. Para efectos del presente lineamiento se entiende como prestador al estudiante que realiza la prestaci\u00f3n del Servicio Social en alguna dependencia, bajo la vigilancia de un supervisor inmediato.<\/span><\/p>\n\n\n<div class=\"wp-block-advgb-accordions advgb-accordion-wrapper\" data-collapsed=\"true\">\n<div class=\"wp-block-advgb-accordion-item advgb-accordion-item\" style=\"margin-bottom:15px\"><div class=\"advgb-accordion-header\" style=\"background-color:#1b396a;color:#ffffff;border-style:solid;border-width:1px;border-radius:3px\"><span class=\"advgb-accordion-header-icon\"><svg fill=\"#ffffff\" xmlns=\"http:\/\/www.w3.org\/2000\/svg\" width=\"24\" height=\"24\" viewBox=\"0 0 24 24\"><path opacity=\"0.87\" fill=\"none\" d=\"M24,24H0L0,0l24,0V24z\"><\/path><path d=\"M16.59,8.59L12,13.17L7.41,8.59L6,10l6,6l6-6L16.59,8.59z\"><\/path><\/svg><\/span><h1 class=\"advgb-accordion-header-title\" style=\"color:inherit\">Informaci\u00f3n del servicio social<\/h1><\/div><div class=\"advgb-accordion-body\" style=\"border-style:solid !important;border-width:1px !important;border-color:undefined !important;border-top:none !important;border-radius:3px !important\">\n<p><span style=\"color: #1b396a;\"><strong>Objetivos<\/strong><\/span><\/p>\n<ul>\n<li style=\"text-align: justify;\"><span style=\"color: #000000;\">Convertir esta prestaci\u00f3n en un acto de reciprocidad para con la sociedad a trav\u00e9s de los planes y programas del sector p\u00fablico.<\/span><\/li>\n<li style=\"text-align: justify;\"><span style=\"color: #000000;\">Contribuir a la formaci\u00f3n acad\u00e9mica y capacitaci\u00f3n profesional del prestador del Servicio Social.<\/span><\/li>\n<\/ul>\n<p><span style=\"color: #1b396a;\"><span style=\"background-color: initial;\"><span style=\"color: #1b396a;\"><b>\u00bfD\u00f3nde<\/b><\/span><\/span><strong style=\"color: #1b396a;\"><span dir=\"ltr\" role=\"presentation\">&nbsp;se puede realizar el servicio social?<\/span><\/strong><\/span><\/p>\n<p style=\"text-align: justify;\"><span style=\"color: #000000;\"><span dir=\"ltr\" role=\"presentation\">La<\/span> <span dir=\"ltr\" role=\"presentation\">prestaci\u00f3n<\/span> <span dir=\"ltr\" role=\"presentation\">de<\/span> <span dir=\"ltr\" role=\"presentation\">Servicio<\/span> <span dir=\"ltr\" role=\"presentation\">Social<\/span> <span dir=\"ltr\" role=\"presentation\">puede <\/span><span dir=\"ltr\" role=\"presentation\">realizarse<\/span> <span dir=\"ltr\" role=\"presentation\">en<\/span> <span dir=\"ltr\" role=\"presentation\">dependencias<\/span> <span dir=\"ltr\" role=\"presentation\">p\u00fablicas, <\/span><span dir=\"ltr\" role=\"presentation\">gubernamentales,<\/span> <span dir=\"ltr\" role=\"presentation\">no<\/span> <span dir=\"ltr\" role=\"presentation\">gubernamentales, <\/span><span dir=\"ltr\" role=\"presentation\">organismos<\/span> <span dir=\"ltr\" role=\"presentation\">privados<\/span> <span dir=\"ltr\" role=\"presentation\">que<\/span> <span dir=\"ltr\" role=\"presentation\">cuenten<\/span> <span dir=\"ltr\" role=\"presentation\">con <\/span><span dir=\"ltr\" role=\"presentation\">programas<\/span> <span dir=\"ltr\" role=\"presentation\">de<\/span> <span dir=\"ltr\" role=\"presentation\">asistencia<\/span> <span dir=\"ltr\" role=\"presentation\">social<\/span> <span dir=\"ltr\" role=\"presentation\">y <\/span><span dir=\"ltr\" role=\"presentation\">desarrollo<\/span> <span dir=\"ltr\" role=\"presentation\">comunitario<\/span><\/span><\/p>\n<p><span style=\"color: #807e82;\"><span style=\"color: #000000;\"><span dir=\"ltr\" role=\"presentation\">Los<\/span> <span dir=\"ltr\" role=\"presentation\">programas<\/span> <span dir=\"ltr\" role=\"presentation\">de<\/span> <span dir=\"ltr\" role=\"presentation\">Servicio<\/span> <span dir=\"ltr\" role=\"presentation\">Social<\/span> <span dir=\"ltr\" role=\"presentation\">comunitario<\/span> <span dir=\"ltr\" role=\"presentation\">podr\u00e1n<\/span> <span dir=\"ltr\" role=\"presentation\">ser<\/span><\/span><span dir=\"ltr\" role=\"presentation\"><span style=\"color: #000000;\">:<\/span> <\/span><\/span><\/p>\n<ul>\n<li style=\"text-align: justify;\"><span style=\"color: #000000;\"><span dir=\"ltr\" role=\"presentation\">Educaci\u00f3n<\/span> <span dir=\"ltr\" role=\"presentation\">para<\/span> <span dir=\"ltr\" role=\"presentation\">adultos,<\/span> <span dir=\"ltr\" role=\"presentation\">programas<\/span> <span dir=\"ltr\" role=\"presentation\">de<\/span> <span dir=\"ltr\" role=\"presentation\">contingencia,<\/span> <span dir=\"ltr\" role=\"presentation\">cuidado<\/span> <span dir=\"ltr\" role=\"presentation\">al<\/span> <span dir=\"ltr\" role=\"presentation\">medio<\/span> <span dir=\"ltr\" role=\"presentation\">ambiente <\/span><span dir=\"ltr\" role=\"presentation\">y<\/span> <span dir=\"ltr\" role=\"presentation\">desarrollo<\/span> <span dir=\"ltr\" role=\"presentation\">sustentable,<\/span> <span dir=\"ltr\" role=\"presentation\">apoyo<\/span> <span dir=\"ltr\" role=\"presentation\">a<\/span> <span dir=\"ltr\" role=\"presentation\">la<\/span> <span dir=\"ltr\" role=\"presentation\">salud,<\/span> <span dir=\"ltr\" role=\"presentation\">promotores<\/span> <span dir=\"ltr\" role=\"presentation\">y\/o<\/span> <span dir=\"ltr\" role=\"presentation\">instructores<\/span> <span dir=\"ltr\" role=\"presentation\">de <\/span><span dir=\"ltr\" role=\"presentation\">actividades<\/span> <span dir=\"ltr\" role=\"presentation\">culturales,<\/span> <span dir=\"ltr\" role=\"presentation\">deportivas<\/span> <span dir=\"ltr\" role=\"presentation\">y<\/span> <span dir=\"ltr\" role=\"presentation\">c\u00edvicas,<\/span> <span dir=\"ltr\" role=\"presentation\">operaci\u00f3n<\/span> <span dir=\"ltr\" role=\"presentation\">de<\/span> <span dir=\"ltr\" role=\"presentation\">programas<\/span> <span dir=\"ltr\" role=\"presentation\">especiales <\/span><span dir=\"ltr\" role=\"presentation\">gubernamentales,<\/span> <span dir=\"ltr\" role=\"presentation\">programas<\/span> <span dir=\"ltr\" role=\"presentation\">establecidos<\/span> <span dir=\"ltr\" role=\"presentation\">espec\u00edficamente<\/span> <span dir=\"ltr\" role=\"presentation\">por<\/span> <span dir=\"ltr\" role=\"presentation\">el<\/span> <span dir=\"ltr\" role=\"presentation\">Instituto <\/span><span dir=\"ltr\" role=\"presentation\">Tecnol\u00f3gico<\/span> <span dir=\"ltr\" role=\"presentation\">que<\/span> <span dir=\"ltr\" role=\"presentation\">est\u00e9n<\/span> <span dir=\"ltr\" role=\"presentation\">relacionados<\/span> <span dir=\"ltr\" role=\"presentation\">con<\/span> <span dir=\"ltr\" role=\"presentation\">las<\/span> <span dir=\"ltr\" role=\"presentation\">acciones<\/span> <span dir=\"ltr\" role=\"presentation\">antes<\/span> <span dir=\"ltr\" role=\"presentation\">mencionadas<\/span><\/span><\/li>\n<\/ul>\n<p><span style=\"color: #1b396a;\"><strong>Pol\u00edticas de operaci\u00f3n<\/strong><\/span><\/p>\n<ul>\n<li style=\"text-align: justify;\"><span style=\"color: #000000;\"><strong><span dir=\"ltr\" role=\"presentation\">Porcentaje<\/span> <span dir=\"ltr\" role=\"presentation\">requerido<\/span><span dir=\"ltr\" role=\"presentation\">:<\/span><\/strong> <span dir=\"ltr\" role=\"presentation\">Los<\/span> <span dir=\"ltr\" role=\"presentation\">estudiantes<\/span> <span dir=\"ltr\" role=\"presentation\">pueden <\/span><span dir=\"ltr\" role=\"presentation\">prestar<\/span> <span dir=\"ltr\" role=\"presentation\">su<\/span> <span dir=\"ltr\" role=\"presentation\">servicio<\/span> <span dir=\"ltr\" role=\"presentation\">social<\/span> <span dir=\"ltr\" role=\"presentation\">una<\/span> <span dir=\"ltr\" role=\"presentation\">vez<\/span> <span dir=\"ltr\" role=\"presentation\">aprobado<\/span> <span dir=\"ltr\" role=\"presentation\">el<\/span> <span dir=\"ltr\" role=\"presentation\">70<\/span><span dir=\"ltr\" role=\"presentation\">%<\/span> <span dir=\"ltr\" role=\"presentation\">de <\/span><span dir=\"ltr\" role=\"presentation\">los<\/span> <span dir=\"ltr\" role=\"presentation\">cr\u00e9ditos<\/span> <span dir=\"ltr\" role=\"presentation\">de<\/span> <span dir=\"ltr\" role=\"presentation\">los<\/span> <span dir=\"ltr\" role=\"presentation\">planes<\/span> <span dir=\"ltr\" role=\"presentation\">de<\/span> <span dir=\"ltr\" role=\"presentation\">estudio<\/span><span dir=\"ltr\" role=\"presentation\">.<\/span><\/span><\/li>\n<li style=\"text-align: justify;\"><span style=\"color: #000000;\"><span dir=\"ltr\" role=\"presentation\"><strong>Duraci\u00f3n:<\/strong> La<\/span> <span dir=\"ltr\" role=\"presentation\">duraci\u00f3n<\/span> <span dir=\"ltr\" role=\"presentation\">del<\/span> <span dir=\"ltr\" role=\"presentation\">servicio<\/span> <span dir=\"ltr\" role=\"presentation\">social<\/span> <span dir=\"ltr\" role=\"presentation\">no<\/span> <span dir=\"ltr\" role=\"presentation\">podr\u00e1<\/span> <span dir=\"ltr\" role=\"presentation\">ser<\/span> <span dir=\"ltr\" role=\"presentation\">menor<\/span> <span dir=\"ltr\" role=\"presentation\">de <\/span><span dir=\"ltr\" role=\"presentation\">480<\/span> <span dir=\"ltr\" role=\"presentation\">y<\/span> <span dir=\"ltr\" role=\"presentation\">un<\/span> <span dir=\"ltr\" role=\"presentation\">m\u00e1ximo<\/span> <span dir=\"ltr\" role=\"presentation\">de<\/span> <span dir=\"ltr\" role=\"presentation\">500<\/span> <span dir=\"ltr\" role=\"presentation\">horas<\/span><span dir=\"ltr\" role=\"presentation\">. <\/span><span dir=\"ltr\" role=\"presentation\">El<\/span> <span dir=\"ltr\" role=\"presentation\">periodo<\/span> <span dir=\"ltr\" role=\"presentation\">debe<\/span> <span dir=\"ltr\" role=\"presentation\">ser<\/span> <span dir=\"ltr\" role=\"presentation\">no<\/span> <span dir=\"ltr\" role=\"presentation\">menor<\/span> <span dir=\"ltr\" role=\"presentation\">de<\/span> <span dir=\"ltr\" role=\"presentation\">6<\/span> <span dir=\"ltr\" role=\"presentation\">meses<\/span> <span dir=\"ltr\" role=\"presentation\">ni<\/span> <span dir=\"ltr\" role=\"presentation\">mayor<\/span> <span dir=\"ltr\" role=\"presentation\">de <\/span><span dir=\"ltr\" role=\"presentation\">2<\/span> <span dir=\"ltr\" role=\"presentation\">a\u00f1os<\/span><span dir=\"ltr\" role=\"presentation\">.<\/span><\/span><\/li>\n<li style=\"text-align: justify;\"><span style=\"color: #000000;\"><span dir=\"ltr\" role=\"presentation\"><strong>Evaluaci\u00f3n:<\/strong> La<\/span> <span dir=\"ltr\" role=\"presentation\">evaluaci\u00f3n<\/span> <span dir=\"ltr\" role=\"presentation\">ser\u00e1<\/span> <span dir=\"ltr\" role=\"presentation\">realizada<\/span> <span dir=\"ltr\" role=\"presentation\">por<\/span> <span dir=\"ltr\" role=\"presentation\">el<\/span> <span dir=\"ltr\" role=\"presentation\">responsable<\/span> <span dir=\"ltr\" role=\"presentation\">del <\/span><span dir=\"ltr\" role=\"presentation\">programa<\/span> <span dir=\"ltr\" role=\"presentation\">de<\/span> <span dir=\"ltr\" role=\"presentation\">Servicio<\/span> <span dir=\"ltr\" role=\"presentation\">Social<\/span> <span dir=\"ltr\" role=\"presentation\">que<\/span> <span dir=\"ltr\" role=\"presentation\">asesor\u00f3<\/span> <span dir=\"ltr\" role=\"presentation\">y<\/span> <span dir=\"ltr\" role=\"presentation\">supervis\u00f3 <\/span><span dir=\"ltr\" role=\"presentation\">las<\/span> <span dir=\"ltr\" role=\"presentation\">actividades<\/span> <span dir=\"ltr\" role=\"presentation\">de<\/span> <span dir=\"ltr\" role=\"presentation\">la<\/span> <span dir=\"ltr\" role=\"presentation\">dependencia<\/span> <span dir=\"ltr\" role=\"presentation\">que<\/span> <span dir=\"ltr\" role=\"presentation\">reciba<\/span> <span dir=\"ltr\" role=\"presentation\">los <\/span><span dir=\"ltr\" role=\"presentation\">beneficios<\/span> <span dir=\"ltr\" role=\"presentation\">de<\/span> <span dir=\"ltr\" role=\"presentation\">prestadores<\/span> <span dir=\"ltr\" role=\"presentation\">de<\/span> <span dir=\"ltr\" role=\"presentation\">servicio<\/span><span dir=\"ltr\" role=\"presentation\">.<\/span> <span dir=\"ltr\" role=\"presentation\">En<\/span> <span dir=\"ltr\" role=\"presentation\">la<\/span> <span dir=\"ltr\" role=\"presentation\">evaluaci\u00f3n <\/span><span dir=\"ltr\" role=\"presentation\">se<\/span> <span dir=\"ltr\" role=\"presentation\">considera<\/span> <span dir=\"ltr\" role=\"presentation\">el<\/span> <span dir=\"ltr\" role=\"presentation\">nivel<\/span> <span dir=\"ltr\" role=\"presentation\">de<\/span> <span dir=\"ltr\" role=\"presentation\">desempe\u00f1o<\/span> <span dir=\"ltr\" role=\"presentation\">y<\/span> <span dir=\"ltr\" role=\"presentation\">competencias <\/span><span dir=\"ltr\" role=\"presentation\">alcanzadas<\/span> <span dir=\"ltr\" role=\"presentation\">de<\/span> <span dir=\"ltr\" role=\"presentation\">sentido<\/span> <span dir=\"ltr\" role=\"presentation\">de<\/span> <span dir=\"ltr\" role=\"presentation\">responsabilidad<\/span> <span dir=\"ltr\" role=\"presentation\">y<\/span> <span dir=\"ltr\" role=\"presentation\">de <\/span><span dir=\"ltr\" role=\"presentation\">servicio<\/span><span dir=\"ltr\" role=\"presentation\">.<\/span><\/span><\/li>\n<\/ul>\n<\/div><\/div>\n<\/div>\n\n\n\n<a href=\"http:\/\/minatitlan.tecnm.mx\/index.php\/gestion-tecnologica-y-vinculacion\/\" class=\"btnF\">Formatos<\/a> \n","protected":false},"excerpt":{"rendered":"<p>Se entiende por Servicio Social el trabajo de car\u00e1cter temporal y obligatorio, que institucionalmente presten y ejecuten los estudiantes en beneficio de la sociedad. Los estudiantes de las Instituciones adscritas al TecNM prestan el Servicio Social para cumplir con los cr\u00e9ditos de sus planes de estudios. La finalidad del Servicio Social es fortalecer la formaci\u00f3n [&hellip;]<\/p>\n","protected":false},"author":1,"featured_media":0,"parent":0,"menu_order":0,"comment_status":"closed","ping_status":"closed","template":"","meta":{"advgb_blocks_editor_width":"","advgb_blocks_columns_visual_guide":"","footnotes":""},"class_list":["post-40","page","type-page","status-publish","hentry"],"coauthors":[],"author_meta":{"author_link":"https:\/\/minatitlan.tecnm.mx\/index.php\/author\/cc-itmina\/","display_name":"CC-ITMINA"},"relative_dates":{"created":"Publicado 4 a\u00f1os hace","modified":"Actualizado 2 a\u00f1os hace"},"absolute_dates":{"created":"Publicado el 3 septiembre, 2022","modified":"Actualizado el 11 noviembre, 2023"},"absolute_dates_time":{"created":"Publicado el 3 septiembre, 2022 9:31 pm","modified":"Actualizado el 11 noviembre, 2023 11:48 pm"},"featured_img_caption":"","featured_img":false,"series_order":"","_links":{"self":[{"href":"https:\/\/minatitlan.tecnm.mx\/index.php\/wp-json\/wp\/v2\/pages\/40","targetHints":{"allow":["GET"]}}],"collection":[{"href":"https:\/\/minatitlan.tecnm.mx\/index.php\/wp-json\/wp\/v2\/pages"}],"about":[{"href":"https:\/\/minatitlan.tecnm.mx\/index.php\/wp-json\/wp\/v2\/types\/page"}],"author":[{"embeddable":true,"href":"https:\/\/minatitlan.tecnm.mx\/index.php\/wp-json\/wp\/v2\/users\/1"}],"replies":[{"embeddable":true,"href":"https:\/\/minatitlan.tecnm.mx\/index.php\/wp-json\/wp\/v2\/comments?post=40"}],"version-history":[{"count":30,"href":"https:\/\/minatitlan.tecnm.mx\/index.php\/wp-json\/wp\/v2\/pages\/40\/revisions"}],"predecessor-version":[{"id":27022,"href":"https:\/\/minatitlan.tecnm.mx\/index.php\/wp-json\/wp\/v2\/pages\/40\/revisions\/27022"}],"wp:attachment":[{"href":"https:\/\/minatitlan.tecnm.mx\/index.php\/wp-json\/wp\/v2\/media?parent=40"}],"curies":[{"name":"wp","href":"https:\/\/api.w.org\/{rel}","templated":true}]}}