{"id":4594,"date":"2022-10-24T07:18:52","date_gmt":"2022-10-24T07:18:52","guid":{"rendered":"http:\/\/portal.minatitlan.tecnm.mx\/?page_id=4594"},"modified":"2023-11-11T23:48:16","modified_gmt":"2023-11-12T05:48:16","slug":"cle","status":"publish","type":"page","link":"https:\/\/minatitlan.tecnm.mx\/index.php\/cle\/","title":{"rendered":"Coordinaci\u00f3n de Lenguas Extranjeras"},"content":{"rendered":"<p style=\"text-align: justify;\">La <strong>Coordinaci\u00f3n de Lenguas Extranjeras<\/strong> (CLE) es el \u00e1rea responsable de administrar los aprendizajes de las lenguas extranjeras al interior de cada Tecnol\u00f3gico.<br \/>La CLE coadyuvar\u00e1 a desarrollar en los aprendientes competencias ling\u00fc\u00edsticas en el idioma ingl\u00e9s con el objeto de prepararlos para certificarse internacionalmente, de acuerdo con el Marco Com\u00fan Europeo de Referencia, como marco regulador de la ense\u00f1anza de lenguas extranjeras y para la asignaci\u00f3n del nivel B1 de conocimientos del idioma ingl\u00e9s como obligatorio como requisito para titulaci\u00f3n integral de los egresados.<br \/>Los estudiantes deben validar la capacidad de entender, elaborar y comunicar de manera oral y escrita nociones est\u00e1ndar en el \u00e1mbito personal, as\u00ed como profesional de acuerdo al nivel B1 MCER.<br \/>El TecNM Campus Minatitl\u00e1n y Edusoft LTD, conscientes del desarrollo econ\u00f3mico y social que vive nuestro pa\u00eds se concentran en apoyar nuevos modelos de cooperaci\u00f3n acad\u00e9mica para la internacionalizaci\u00f3n de la educaci\u00f3n superior y promover que m\u00e1s egresados cuenten con capacidades suficientes para ser admitidos en los mejores programas de posgrados de M\u00e9xico y del mundo; y promover el establecimiento de marcos curriculares flexibles que permitan a cada estudiante construir su trayectoria acad\u00e9mica.<\/p>\n\n\n<div class=\"wp-block-advgb-accordions advgb-accordions-56d2f9e6-ba78-4c8f-8f02-04f62f4124da advgb-accordion-wrapper\">\n<div class=\"wp-block-advgb-accordion-item advgb-accordion-item\" style=\"margin-bottom:15px\"><div class=\"advgb-accordion-header\" style=\"background-color:#1b396a;color:#eee;border-style:solid;border-width:1px;border-radius:2px\"><span class=\"advgb-accordion-header-icon\"><svg fill=\"#fff\" xmlns=\"http:\/\/www.w3.org\/2000\/svg\" width=\"24\" height=\"24\" viewBox=\"0 0 24 24\"><path opacity=\"0.87\" fill=\"none\" d=\"M24,24H0L0,0l24,0V24z\"><\/path><path d=\"M16.59,8.59L12,13.17L7.41,8.59L6,10l6,6l6-6L16.59,8.59z\"><\/path><\/svg><\/span><h1 class=\"advgb-accordion-header-title\" style=\"color:inherit\">Idiomas Ofertados<\/h1><\/div><div class=\"advgb-accordion-body\" style=\"border-style:solid !important;border-width:1px !important;border-color:undefined !important;border-top:none !important;border-radius:2px !important\">\n<p style=\"text-align: justify;\"><span style=\"color: #000000;\">De momento solo ofertamos el idioma <strong><a href=\"http:\/\/minatitlan.tecnm.mx\/index.php\/ingles\/\">ingl\u00e9s<\/a> <\/strong>interno, para estudiantes del TecNM Campus Minatitl\u00e1n. Pr\u00f3ximamente ofertaremos ingl\u00e9s externo para p\u00fablico en general.<\/span><\/p>\n<\/div><\/div>\n<\/div>\n","protected":false},"excerpt":{"rendered":"<p>La Coordinaci\u00f3n de Lenguas Extranjeras (CLE) es el \u00e1rea responsable de administrar los aprendizajes de las lenguas extranjeras al interior de cada Tecnol\u00f3gico.La CLE coadyuvar\u00e1 a desarrollar en los aprendientes competencias ling\u00fc\u00edsticas en el idioma ingl\u00e9s con el objeto de prepararlos para certificarse internacionalmente, de acuerdo con el Marco Com\u00fan Europeo de Referencia, como marco [&hellip;]<\/p>\n","protected":false},"author":1,"featured_media":0,"parent":0,"menu_order":0,"comment_status":"closed","ping_status":"closed","template":"","meta":{"advgb_blocks_editor_width":"","advgb_blocks_columns_visual_guide":"","footnotes":""},"class_list":["post-4594","page","type-page","status-publish","hentry"],"coauthors":[],"author_meta":{"author_link":"https:\/\/minatitlan.tecnm.mx\/index.php\/author\/cc-itmina\/","display_name":"CC-ITMINA"},"relative_dates":{"created":"Publicado 4 a\u00f1os hace","modified":"Actualizado 2 a\u00f1os hace"},"absolute_dates":{"created":"Publicado el 24 octubre, 2022","modified":"Actualizado el 11 noviembre, 2023"},"absolute_dates_time":{"created":"Publicado el 24 octubre, 2022 7:18 am","modified":"Actualizado el 11 noviembre, 2023 11:48 pm"},"featured_img_caption":"","featured_img":false,"series_order":"","_links":{"self":[{"href":"https:\/\/minatitlan.tecnm.mx\/index.php\/wp-json\/wp\/v2\/pages\/4594","targetHints":{"allow":["GET"]}}],"collection":[{"href":"https:\/\/minatitlan.tecnm.mx\/index.php\/wp-json\/wp\/v2\/pages"}],"about":[{"href":"https:\/\/minatitlan.tecnm.mx\/index.php\/wp-json\/wp\/v2\/types\/page"}],"author":[{"embeddable":true,"href":"https:\/\/minatitlan.tecnm.mx\/index.php\/wp-json\/wp\/v2\/users\/1"}],"replies":[{"embeddable":true,"href":"https:\/\/minatitlan.tecnm.mx\/index.php\/wp-json\/wp\/v2\/comments?post=4594"}],"version-history":[{"count":12,"href":"https:\/\/minatitlan.tecnm.mx\/index.php\/wp-json\/wp\/v2\/pages\/4594\/revisions"}],"predecessor-version":[{"id":27474,"href":"https:\/\/minatitlan.tecnm.mx\/index.php\/wp-json\/wp\/v2\/pages\/4594\/revisions\/27474"}],"wp:attachment":[{"href":"https:\/\/minatitlan.tecnm.mx\/index.php\/wp-json\/wp\/v2\/media?parent=4594"}],"curies":[{"name":"wp","href":"https:\/\/api.w.org\/{rel}","templated":true}]}}