{"id":4642,"date":"2022-10-26T01:15:56","date_gmt":"2022-10-26T01:15:56","guid":{"rendered":"http:\/\/portal.minatitlan.tecnm.mx\/?page_id=4642"},"modified":"2023-11-11T23:48:18","modified_gmt":"2023-11-12T05:48:18","slug":"politica-de-privacidad","status":"publish","type":"page","link":"https:\/\/minatitlan.tecnm.mx\/index.php\/politica-de-privacidad\/","title":{"rendered":"Pol\u00edtica de privacidad"},"content":{"rendered":"<p style=\"text-align: justify;\">El sitio web al que usted ha ingresado es operado por el&nbsp;<strong>Instituto Tecnol\u00f3gico de Minatitl\u00e1n<\/strong>. Esta pol\u00edtica de privacidad describe los tipos de informaci\u00f3n recolectados por el&nbsp;<strong>ITMinatitl\u00e1n<\/strong>&nbsp;en su sitio web y c\u00f3mo los usamos y protegemos. Esta Pol\u00edtica de Privacidad s\u00f3lo se aplica a los sitios web&nbsp;del <strong>ITMinatitl\u00e1n<\/strong>&nbsp;y no es aplicable a banners, concursos, anuncios o promociones, que se desplieguen dentro del sitio web de la Instituci\u00f3n. Al usar nuestro sitio web usted expresa su aceptaci\u00f3n de esta Pol\u00edtica de Privacidad. Si no acepta las condiciones de esta Pol\u00edtica de Privacidad ni los T\u00e9rminos y Condiciones de uso de nuestro sitio web, por favor no use nuestro sitio web ni divulgue su informaci\u00f3n personal.<\/p>\n<p style=\"text-align: center;\"><strong>Informaci\u00f3n que recolectamos<\/strong><\/p>\n<p style=\"text-align: justify;\">El sitio web de&nbsp;del <strong>ITMinatitl\u00e1n<\/strong>&nbsp;recolecta la siguiente informaci\u00f3n: su nombre, fecha de nacimiento, ocupaci\u00f3n, edad y\/o direcci\u00f3n de correo electr\u00f3nico.&nbsp;<strong>El ITMinatitl\u00e1n<\/strong> no recolectar\u00e1 ninguna informaci\u00f3n de los visitantes a nuestras p\u00e1ginas a menos que nos suministren su Informaci\u00f3n Personal de manera voluntaria y s\u00f3lo requeriremos la informaci\u00f3n necesaria para participar en las actividades de nuestras p\u00e1ginas web. Cuando usted decide suministrarnos su Informaci\u00f3n Personal, nos est\u00e1 autorizando a usarla de acuerdo con los t\u00e9rminos de esta Pol\u00edtica de Privacidad, que incluye su derecho a limitar nuestro uso de su Informaci\u00f3n Personal, tal como est\u00e1 descripto en esta Pol\u00edtica.<\/p>\n<p style=\"text-align: center;\"><strong>C\u00f3mo usamos la Informaci\u00f3n Personal<\/strong><\/p>\n<p style=\"text-align: justify;\">Cuando usted suministra Informaci\u00f3n Personal al sitio web&nbsp;del <strong>ITMinatitl\u00e1n<\/strong>, nosotros usamos esos datos con el prop\u00f3sito de brindarle un mejor sitio web, ofreci\u00e9ndole contenidos de acuerdo a su edad, ocupaci\u00f3n y ubicaci\u00f3n geogr\u00e1fica, as\u00ed como para contactarlo en caso de haber realizado alguna pregunta o comentario. Asimismo, en caso de haber aceptado recibir informaci\u00f3n <strong>del ITMinatitl\u00e1n<\/strong>, se le enviar\u00e1 v\u00eda correo electr\u00f3nico un bolet\u00edn emitido por&nbsp;<strong>el ITMinatitl\u00e1n<\/strong>, as\u00ed tambi\u00e9n comunicaciones electr\u00f3nicas con informaci\u00f3n de inter\u00e9s. Si en alg\u00fan momento desea que dejemos de contactarlo, se puede dar de baja su suscripci\u00f3n. Tambi\u00e9n utilizamos la Informaci\u00f3n Personal para an\u00e1lisis estad\u00edstico y para mejorar los contenidos y el dise\u00f1o de nuestro sitio web, as\u00ed como para definir nuestras estrategias de difusi\u00f3n de los avances y logros del tecnol\u00f3gico.<\/p>\n<p style=\"text-align: center;\"><strong>Recolecci\u00f3n y uso de otra informaci\u00f3n: Uso de cookies<\/strong><\/p>\n<p style=\"text-align: justify;\">El uso de \u201ccookies\u201d es convencional en la industria y usted las encontrar\u00e1 en muchas p\u00e1ginas web.&nbsp;El <strong>ITMinatitl\u00e1n<\/strong>&nbsp;puede utilizar \u201ccookies\u201d para recolectar otra clase de informaci\u00f3n mientras usted visita nuestros sitios, como, por ejemplo, las \u00e1reas espec\u00edficas de la p\u00e1gina web que visita y las actividades en las cuales participa en nuestros sitios.&nbsp;<strong>El ITMinatitl\u00e1n&nbsp;<\/strong>no recolecta de manera autom\u00e1tica ninguna Informaci\u00f3n Personal, pero puede combinar informaci\u00f3n no personalizada, recolectada autom\u00e1ticamente (a trav\u00e9s de \u201ccookies\u201d) con Informaci\u00f3n Personal remitida de manera voluntaria. Tal enlace puede ocurrir s\u00f3lo si usted provee al&nbsp;<strong>&nbsp;ITMinatitl\u00e1n<\/strong>&nbsp;Informaci\u00f3n Personal en nuestros sitios. Las \u201ccookies\u201d tambi\u00e9n pueden ser usadas para ayudar a agilizar sus futuras actividades en nuestras p\u00e1ginas web \u2013 la computadora puede recordar que usted ya nos envi\u00f3 su Informaci\u00f3n Personal y no se la pedir\u00e1 nuevamente.<\/p>\n<p style=\"text-align: justify;\">La informaci\u00f3n an\u00f3nima de su computadora, como tambi\u00e9n su direcci\u00f3n de IP, el tipo de navegador de Internet y el sistema operativo que utiliza, tambi\u00e9n pueden ser recolectados por nosotros a trav\u00e9s de \u201ccookies\u201d y a trav\u00e9s del sistema de estad\u00edsticas que utilizamos. Los servidores identifican de manera autom\u00e1tica su computadora por medio de su direcci\u00f3n de IP. Cuando usted requiere una p\u00e1gina, nuestros servidores toman nota de su direcci\u00f3n de IP.<\/p>\n<p style=\"text-align: center;\"><strong>Con qui\u00e9nes podemos compartir informaci\u00f3n<\/strong><\/p>\n<p style=\"text-align: justify;\">Su Informaci\u00f3n Personal no ser\u00e1 vendida, transferida o divulgada bajo ning\u00fan circunstancia sin su consentimiento previo y siempre tendr\u00e1 la opci\u00f3n de dar de baja su suscripci\u00f3n al sitio web&nbsp;<strong>del ITMinatitl\u00e1n<\/strong>&nbsp;en cualquier momento.<\/p>\n<p style=\"text-align: justify;\"><strong>El ITMinatitl\u00e1n<\/strong>&nbsp;provee a sus usuarios las siguientes opciones para manejar su Informaci\u00f3n Personal y para que la puedan recuperar en nuestra base de datos.<\/p>\n<ul>\n<li style=\"text-align: justify;\">M\u00e1ndenos un mensaje de correo electr\u00f3nico a&nbsp;<span id=\"cloak48008\"><a href=\"mailto:ccomputo@itmina.edu.mx\">ccomputo@minatitlan.tecnm.mx<\/a><\/span>&nbsp;No olvide incluir su nombre, direcci\u00f3n de correo electr\u00f3nico, e instrucciones claras sobre los cambios en su Informaci\u00f3n Personal o si desea dar de baja su suscripci\u00f3n de nuestra base de datos.<\/li>\n<li>A trav\u00e9s de tel\u00e9fono, llamando al .<\/li>\n<\/ul>\n<p style=\"text-align: center;\"><strong>Cambios en la Pol\u00edtica de Privacidad<\/strong><\/p>\n<p style=\"text-align: justify;\">El <strong>ITMinatitl\u00e1n<\/strong>&nbsp;se reserva el derecho de cambiar o remover esta Pol\u00edtica de Privacidad a nuestra discreci\u00f3n. Informaremos aqu\u00ed sobre cualquier cambio o nueva Pol\u00edtica y le sugerimos visitar con frecuencia esta \u00e1rea del sitio para estar informado. Si hubiera alg\u00fan cambio de material en el tipo de informaci\u00f3n que recogemos o en la manera que utilizamos tal informaci\u00f3n, obtendremos su permiso antes de realizar cualquier alteraci\u00f3n.<\/p>\n<p style=\"text-align: center;\"><strong>Enlaces a otras p\u00e1ginas web<\/strong><\/p>\n<p style=\"text-align: justify;\">Los usuarios deben saber que al acceder a este sitio pueden ser direccionados a otros sitios que est\u00e1n fuera de nuestro control. Dichos enlaces son principalmente a otros sitios de entidades y dependencias federales, u organismos p\u00fablicos o acad\u00e9micos.&nbsp;El <strong>ITMinatitl\u00e1n<\/strong>&nbsp;no endosa, representa ni garantiza la Pol\u00edtica de Privacidad o el contenido de ning\u00fan sitio de terceros que tenga enlaces con nuestro sitio.<\/p>\n<p style=\"text-align: center;\"><strong>C\u00f3mo contactarnos<\/strong><\/p>\n<p style=\"text-align: justify;\">Si tuviera alguna duda o inquietud acerca de nuestra Pol\u00edtica de Privacidad o de la recolecci\u00f3n de datos, por favor env\u00edenos un mensaje de correo electr\u00f3nico a&nbsp;<span id=\"cloak56426\"><span style=\"color: #000000;\"><a style=\"color: #000000;\" href=\"mailto:ccomputo@itmina.edu.mx\">ccomputo@minatitlan.tecnm.mx<\/a><\/span>.&nbsp;<\/span>Esta direcci\u00f3n de correo electr\u00f3nico est\u00e1 protegida contra spambots. Usted necesita tener Javascript activado para poder verla<\/p>\n","protected":false},"excerpt":{"rendered":"<p>El sitio web al que usted ha ingresado es operado por el&nbsp;Instituto Tecnol\u00f3gico de Minatitl\u00e1n. Esta pol\u00edtica de privacidad describe los tipos de informaci\u00f3n recolectados por el&nbsp;ITMinatitl\u00e1n&nbsp;en su sitio web y c\u00f3mo los usamos y protegemos. Esta Pol\u00edtica de Privacidad s\u00f3lo se aplica a los sitios web&nbsp;del ITMinatitl\u00e1n&nbsp;y no es aplicable a banners, concursos, anuncios [&hellip;]<\/p>\n","protected":false},"author":1,"featured_media":0,"parent":0,"menu_order":0,"comment_status":"closed","ping_status":"closed","template":"","meta":{"advgb_blocks_editor_width":"","advgb_blocks_columns_visual_guide":"","footnotes":""},"class_list":["post-4642","page","type-page","status-publish","hentry"],"coauthors":[],"author_meta":{"author_link":"https:\/\/minatitlan.tecnm.mx\/index.php\/author\/cc-itmina\/","display_name":"CC-ITMINA"},"relative_dates":{"created":"Publicado 3 a\u00f1os hace","modified":"Actualizado 2 a\u00f1os hace"},"absolute_dates":{"created":"Publicado el 26 octubre, 2022","modified":"Actualizado el 11 noviembre, 2023"},"absolute_dates_time":{"created":"Publicado el 26 octubre, 2022 1:15 am","modified":"Actualizado el 11 noviembre, 2023 11:48 pm"},"featured_img_caption":"","featured_img":false,"series_order":"","_links":{"self":[{"href":"https:\/\/minatitlan.tecnm.mx\/index.php\/wp-json\/wp\/v2\/pages\/4642","targetHints":{"allow":["GET"]}}],"collection":[{"href":"https:\/\/minatitlan.tecnm.mx\/index.php\/wp-json\/wp\/v2\/pages"}],"about":[{"href":"https:\/\/minatitlan.tecnm.mx\/index.php\/wp-json\/wp\/v2\/types\/page"}],"author":[{"embeddable":true,"href":"https:\/\/minatitlan.tecnm.mx\/index.php\/wp-json\/wp\/v2\/users\/1"}],"replies":[{"embeddable":true,"href":"https:\/\/minatitlan.tecnm.mx\/index.php\/wp-json\/wp\/v2\/comments?post=4642"}],"version-history":[{"count":4,"href":"https:\/\/minatitlan.tecnm.mx\/index.php\/wp-json\/wp\/v2\/pages\/4642\/revisions"}],"predecessor-version":[{"id":27446,"href":"https:\/\/minatitlan.tecnm.mx\/index.php\/wp-json\/wp\/v2\/pages\/4642\/revisions\/27446"}],"wp:attachment":[{"href":"https:\/\/minatitlan.tecnm.mx\/index.php\/wp-json\/wp\/v2\/media?parent=4642"}],"curies":[{"name":"wp","href":"https:\/\/api.w.org\/{rel}","templated":true}]}}