{"id":51450,"date":"2025-11-30T19:32:42","date_gmt":"2025-12-01T01:32:42","guid":{"rendered":"https:\/\/minatitlan.tecnm.mx\/?page_id=51450"},"modified":"2026-01-29T17:48:53","modified_gmt":"2026-01-29T23:48:53","slug":"gaceta-halcon-revista-mensual-del-instituto-tecnologico-de-minatitlan","status":"publish","type":"page","link":"https:\/\/minatitlan.tecnm.mx\/index.php\/gaceta-halcon-revista-mensual-del-instituto-tecnologico-de-minatitlan\/","title":{"rendered":"GACETA HALC\u00d3N: Revista mensual del Instituto Tecnol\u00f3gico de Minatitl\u00e1n"},"content":{"rendered":"\n<figure class=\"wp-block-image size-large\"><img loading=\"lazy\" decoding=\"async\" width=\"1024\" height=\"341\" src=\"https:\/\/minatitlan.tecnm.mx\/wp-content\/uploads\/2025\/11\/GACETA-HALCON-PAGINA-1024x341.png\" alt=\"\" class=\"wp-image-51451\" srcset=\"https:\/\/minatitlan.tecnm.mx\/wp-content\/uploads\/2025\/11\/GACETA-HALCON-PAGINA-1024x341.png 1024w, https:\/\/minatitlan.tecnm.mx\/wp-content\/uploads\/2025\/11\/GACETA-HALCON-PAGINA-300x100.png 300w, https:\/\/minatitlan.tecnm.mx\/wp-content\/uploads\/2025\/11\/GACETA-HALCON-PAGINA-768x256.png 768w, https:\/\/minatitlan.tecnm.mx\/wp-content\/uploads\/2025\/11\/GACETA-HALCON-PAGINA-1536x512.png 1536w, https:\/\/minatitlan.tecnm.mx\/wp-content\/uploads\/2025\/11\/GACETA-HALCON-PAGINA-2048x683.png 2048w\" sizes=\"auto, (max-width: 1024px) 100vw, 1024px\" \/><\/figure>\n\n\n\n<figure class=\"wp-block-table is-style-stripes\"><table class=\"has-fixed-layout\"><tbody><tr><td><strong><a href=\"https:\/\/minatitlan.tecnm.mx\/wp-content\/uploads\/2025\/09\/GACETA_ITMINATITLAN_AGOSTO.pdf\">No. 1 AGOSTO<\/a><\/strong><\/td><td class=\"has-text-align-center\" data-align=\"center\"><img loading=\"lazy\" decoding=\"async\" width=\"40\" height=\"40\" class=\"wp-image-15907\" style=\"width: 40px;\" src=\"https:\/\/minatitlan.tecnm.mx\/wp-content\/uploads\/2022\/11\/pdf.png\" alt=\"\"><\/td><\/tr><tr><td><strong><a href=\"https:\/\/minatitlan.tecnm.mx\/wp-content\/uploads\/2025\/11\/09_REVISTA_SEPTIEMBRE_TITULOSCORRECTO.pdf\">No. 2 SEPTIEMBRE<\/a><\/strong><\/td><td class=\"has-text-align-center\" data-align=\"center\"><img loading=\"lazy\" decoding=\"async\" width=\"40\" height=\"40\" class=\"wp-image-15907\" style=\"width: 40px;\" src=\"https:\/\/minatitlan.tecnm.mx\/wp-content\/uploads\/2022\/11\/pdf.png\" alt=\"\"><\/td><\/tr><tr><td><strong><a href=\"https:\/\/minatitlan.tecnm.mx\/wp-content\/uploads\/2025\/11\/10_REVISTA_OCTUBRE.pdf\">No. 3 OCTUBRE<\/a><\/strong><\/td><td class=\"has-text-align-center\" data-align=\"center\"><img loading=\"lazy\" decoding=\"async\" width=\"40\" height=\"40\" class=\"wp-image-15907\" style=\"width: 40px;\" src=\"https:\/\/minatitlan.tecnm.mx\/wp-content\/uploads\/2022\/11\/pdf.png\" alt=\"\"><\/td><\/tr><tr><td><strong><a href=\"https:\/\/minatitlan.tecnm.mx\/wp-content\/uploads\/2025\/12\/REVISTA_NOVIEMBRE.pdf\">No. 4 NOVIEMBRE<\/a><\/strong><\/td><td class=\"has-text-align-center\" data-align=\"center\"><img loading=\"lazy\" decoding=\"async\" width=\"40\" height=\"40\" class=\"wp-image-15907\" style=\"width: 40px;\" src=\"https:\/\/minatitlan.tecnm.mx\/wp-content\/uploads\/2022\/11\/pdf.png\" alt=\"\"><\/td><\/tr><tr><td><strong><a href=\"https:\/\/minatitlan.tecnm.mx\/wp-content\/uploads\/2026\/01\/revista_diciembre_2025.pdf\">No. 5 DICIEMBRE<\/a><\/strong><\/td><td class=\"has-text-align-center\" data-align=\"center\"><img loading=\"lazy\" decoding=\"async\" width=\"40\" height=\"40\" class=\"wp-image-15907\" style=\"width: 40px;\" src=\"https:\/\/minatitlan.tecnm.mx\/wp-content\/uploads\/2022\/11\/pdf.png\" alt=\"\"><\/td><\/tr><\/tbody><\/table><\/figure>\n","protected":false},"excerpt":{"rendered":"<p>No. 1 AGOSTO No. 2 SEPTIEMBRE No. 3 OCTUBRE No. 4 NOVIEMBRE No. 5 DICIEMBRE<\/p>\n","protected":false},"author":2,"featured_media":0,"parent":0,"menu_order":0,"comment_status":"closed","ping_status":"closed","template":"","meta":{"advgb_blocks_editor_width":"","advgb_blocks_columns_visual_guide":"","footnotes":""},"class_list":["post-51450","page","type-page","status-publish","hentry"],"coauthors":[],"author_meta":{"author_link":"https:\/\/minatitlan.tecnm.mx\/index.php\/author\/comunicacion-y-difusion\/","display_name":"Comunicaci\u00f3n y Difusi\u00f3n"},"relative_dates":{"created":"Publicado 5 meses hace","modified":"Actualizado 3 meses hace"},"absolute_dates":{"created":"Publicado el 30 noviembre, 2025","modified":"Actualizado el 29 enero, 2026"},"absolute_dates_time":{"created":"Publicado el 30 noviembre, 2025 7:32 pm","modified":"Actualizado el 29 enero, 2026 5:48 pm"},"featured_img_caption":"","featured_img":false,"series_order":"","_links":{"self":[{"href":"https:\/\/minatitlan.tecnm.mx\/index.php\/wp-json\/wp\/v2\/pages\/51450","targetHints":{"allow":["GET"]}}],"collection":[{"href":"https:\/\/minatitlan.tecnm.mx\/index.php\/wp-json\/wp\/v2\/pages"}],"about":[{"href":"https:\/\/minatitlan.tecnm.mx\/index.php\/wp-json\/wp\/v2\/types\/page"}],"author":[{"embeddable":true,"href":"https:\/\/minatitlan.tecnm.mx\/index.php\/wp-json\/wp\/v2\/users\/2"}],"replies":[{"embeddable":true,"href":"https:\/\/minatitlan.tecnm.mx\/index.php\/wp-json\/wp\/v2\/comments?post=51450"}],"version-history":[{"count":4,"href":"https:\/\/minatitlan.tecnm.mx\/index.php\/wp-json\/wp\/v2\/pages\/51450\/revisions"}],"predecessor-version":[{"id":52947,"href":"https:\/\/minatitlan.tecnm.mx\/index.php\/wp-json\/wp\/v2\/pages\/51450\/revisions\/52947"}],"wp:attachment":[{"href":"https:\/\/minatitlan.tecnm.mx\/index.php\/wp-json\/wp\/v2\/media?parent=51450"}],"curies":[{"name":"wp","href":"https:\/\/api.w.org\/{rel}","templated":true}]}}