{"id":751,"date":"2022-09-08T20:18:09","date_gmt":"2022-09-08T20:18:09","guid":{"rendered":"http:\/\/localhost\/?page_id=751"},"modified":"2023-11-11T23:48:16","modified_gmt":"2023-11-12T05:48:16","slug":"becas","status":"publish","type":"page","link":"https:\/\/minatitlan.tecnm.mx\/index.php\/becas\/","title":{"rendered":"Becas"},"content":{"rendered":"<p style=\"text-align: justify;\"><span style=\"color: #000000;\">Todos los estudiantes del Instituto Tecnol\u00f3gico de Minatitl\u00e1n inscritos desde 1ro a 12vo semestre se les cargar\u00e1 peri\u00f3dicamente su informaci\u00f3n escolar en el sistema Subes, con la finalidad de seguir renovando sus becas o poder solicitar las que sean publicadas, ya no tendr\u00e1n que llenar ning\u00fan formulario pues ahora la carga se har\u00e1 en base a MindB<\/span><span style=\"color: #000000;\">ox \u00fanicamente los datos de alumnos inscritos.<\/span><\/p>\n<p style=\"text-align: justify;\"><span style=\"color: #000000;\">Una vez sean cargados deber\u00e1n revisar que todos sus datos sean correctos, si hay alguna inconsistencia deber\u00e1n informarnos al correo de becas, y si no lo hay, entonces podr\u00e1n proceder a activar la misma dentro del sistema SUBES y proceder a aplicar a una beca una vez que haya una convocatoria disponible<\/span><br \/><span style=\"color: #000000;\">Todas las convocatorias de beca federal se publican en el sitio: <\/span><a href=\"https:\/\/www.gob.mx\/becasbenitojuarez\"><span style=\"color: #000000;\">https:\/\/www.gob.mx\/becasbenitojuarez<\/span><\/a><\/p>\n\n\n<figure class=\"wp-block-table is-style-stripes\"><table><thead><tr><th><\/th><th class=\"has-text-align-right\" data-align=\"right\"><\/th><\/tr><\/thead><tbody><tr><td><a href=\"https:\/\/docs.google.com\/spreadsheets\/d\/1bW_sutOIp-9WBzoHgY_nqalzpXKuI6nPyPcTaxwb7lA\/edit#gid=2096656576\">Mas informaci\u00f3n de becas<\/a><\/td><td class=\"has-text-align-right\" data-align=\"right\"><img loading=\"lazy\" decoding=\"async\" width=\"30\" height=\"30\" class=\"wp-image-19323\" style=\"width: 30px;\" src=\"http:\/\/minatitlan.tecnm.mx\/wp-content\/uploads\/2022\/11\/Url.png\" alt=\"\"><\/td><\/tr><\/tbody><\/table><\/figure>\n","protected":false},"excerpt":{"rendered":"<p>Todos los estudiantes del Instituto Tecnol\u00f3gico de Minatitl\u00e1n inscritos desde 1ro a 12vo semestre se les cargar\u00e1 peri\u00f3dicamente su informaci\u00f3n escolar en el sistema Subes, con la finalidad de seguir renovando sus becas o poder solicitar las que sean publicadas, ya no tendr\u00e1n que llenar ning\u00fan formulario pues ahora la carga se har\u00e1 en base [&hellip;]<\/p>\n","protected":false},"author":1,"featured_media":0,"parent":0,"menu_order":0,"comment_status":"closed","ping_status":"closed","template":"","meta":{"advgb_blocks_editor_width":"","advgb_blocks_columns_visual_guide":"","footnotes":""},"class_list":["post-751","page","type-page","status-publish","hentry"],"coauthors":[],"author_meta":{"author_link":"https:\/\/minatitlan.tecnm.mx\/index.php\/author\/cc-itmina\/","display_name":"CC-ITMINA"},"relative_dates":{"created":"Publicado 4 a\u00f1os hace","modified":"Actualizado 2 a\u00f1os hace"},"absolute_dates":{"created":"Publicado el 8 septiembre, 2022","modified":"Actualizado el 11 noviembre, 2023"},"absolute_dates_time":{"created":"Publicado el 8 septiembre, 2022 8:18 pm","modified":"Actualizado el 11 noviembre, 2023 11:48 pm"},"featured_img_caption":"","featured_img":false,"series_order":"","_links":{"self":[{"href":"https:\/\/minatitlan.tecnm.mx\/index.php\/wp-json\/wp\/v2\/pages\/751","targetHints":{"allow":["GET"]}}],"collection":[{"href":"https:\/\/minatitlan.tecnm.mx\/index.php\/wp-json\/wp\/v2\/pages"}],"about":[{"href":"https:\/\/minatitlan.tecnm.mx\/index.php\/wp-json\/wp\/v2\/types\/page"}],"author":[{"embeddable":true,"href":"https:\/\/minatitlan.tecnm.mx\/index.php\/wp-json\/wp\/v2\/users\/1"}],"replies":[{"embeddable":true,"href":"https:\/\/minatitlan.tecnm.mx\/index.php\/wp-json\/wp\/v2\/comments?post=751"}],"version-history":[{"count":17,"href":"https:\/\/minatitlan.tecnm.mx\/index.php\/wp-json\/wp\/v2\/pages\/751\/revisions"}],"predecessor-version":[{"id":27034,"href":"https:\/\/minatitlan.tecnm.mx\/index.php\/wp-json\/wp\/v2\/pages\/751\/revisions\/27034"}],"wp:attachment":[{"href":"https:\/\/minatitlan.tecnm.mx\/index.php\/wp-json\/wp\/v2\/media?parent=751"}],"curies":[{"name":"wp","href":"https:\/\/api.w.org\/{rel}","templated":true}]}}