{"id":755,"date":"2022-09-08T20:19:20","date_gmt":"2022-09-08T20:19:20","guid":{"rendered":"http:\/\/localhost\/?page_id=755"},"modified":"2023-11-11T23:48:18","modified_gmt":"2023-11-12T05:48:18","slug":"titulacion","status":"publish","type":"page","link":"https:\/\/minatitlan.tecnm.mx\/index.php\/titulacion\/","title":{"rendered":"Titulaci\u00f3n"},"content":{"rendered":"<p tabindex=\"0\" align=\"justify\" data-ind-readable=\"true\"><span style=\"color: #000000;\">Se entiende por proceso de Titulaci\u00f3n, a la \u00faltima etapa de la formaci\u00f3n profesional de un alumno a trav\u00e9s de la cual demuestra que ha integrado los diferentes aspectos que conformaron su preparaci\u00f3n profesional y la instituci\u00f3n constata que el aspirante al t\u00edtulo, es un profesionista en un campo de acci\u00f3n espec\u00edfico. Con ello se eval\u00faa si se ha logrado uno de los principales objetivos institucionales: la formaci\u00f3n de profesionales con altos niveles acad\u00e9micos y, sobre todo, con el firme compromiso de servir a nuestro pa\u00eds. A continuaci\u00f3n te presentamos los pasos para cumplir con este proceso:<\/span><\/p>\n\n\n<figure class=\"wp-block-table is-style-stripes\"><table><thead><tr><th><\/th><th class=\"has-text-align-right\" data-align=\"right\"><\/th><\/tr><\/thead><tbody><tr><td><a href=\"https:\/\/docs.google.com\/spreadsheets\/d\/1n68vg1Oc3lXW3GBGV8WqCIoQ6IVdmrIErvVJ7dTZ_Ns\/edit#gid=1582976792\">Lista de actas de examen profesional<\/a><\/td><td class=\"has-text-align-right\" data-align=\"right\"><img loading=\"lazy\" decoding=\"async\" width=\"30\" height=\"30\" class=\"wp-image-19323\" style=\"width: 30px;\" src=\"http:\/\/minatitlan.tecnm.mx\/wp-content\/uploads\/2022\/11\/Url.png\" alt=\"\"><\/td><\/tr><\/tbody><\/table><\/figure>\n\n\n\n<a href=\"http:\/\/minatitlan.tecnm.mx\/index.php\/servicios-escolares\/\" class=\"btnF\">Formatos<\/a>\n","protected":false},"excerpt":{"rendered":"<p>Se entiende por proceso de Titulaci\u00f3n, a la \u00faltima etapa de la formaci\u00f3n profesional de un alumno a trav\u00e9s de la cual demuestra que ha integrado los diferentes aspectos que conformaron su preparaci\u00f3n profesional y la instituci\u00f3n constata que el aspirante al t\u00edtulo, es un profesionista en un campo de acci\u00f3n espec\u00edfico. Con ello se [&hellip;]<\/p>\n","protected":false},"author":1,"featured_media":0,"parent":0,"menu_order":0,"comment_status":"closed","ping_status":"closed","template":"","meta":{"advgb_blocks_editor_width":"","advgb_blocks_columns_visual_guide":"","footnotes":""},"class_list":["post-755","page","type-page","status-publish","hentry"],"coauthors":[],"author_meta":{"author_link":"https:\/\/minatitlan.tecnm.mx\/index.php\/author\/cc-itmina\/","display_name":"CC-ITMINA"},"relative_dates":{"created":"Publicado 4 a\u00f1os hace","modified":"Actualizado 2 a\u00f1os hace"},"absolute_dates":{"created":"Publicado el 8 septiembre, 2022","modified":"Actualizado el 11 noviembre, 2023"},"absolute_dates_time":{"created":"Publicado el 8 septiembre, 2022 8:19 pm","modified":"Actualizado el 11 noviembre, 2023 11:48 pm"},"featured_img_caption":"","featured_img":false,"series_order":"","_links":{"self":[{"href":"https:\/\/minatitlan.tecnm.mx\/index.php\/wp-json\/wp\/v2\/pages\/755","targetHints":{"allow":["GET"]}}],"collection":[{"href":"https:\/\/minatitlan.tecnm.mx\/index.php\/wp-json\/wp\/v2\/pages"}],"about":[{"href":"https:\/\/minatitlan.tecnm.mx\/index.php\/wp-json\/wp\/v2\/types\/page"}],"author":[{"embeddable":true,"href":"https:\/\/minatitlan.tecnm.mx\/index.php\/wp-json\/wp\/v2\/users\/1"}],"replies":[{"embeddable":true,"href":"https:\/\/minatitlan.tecnm.mx\/index.php\/wp-json\/wp\/v2\/comments?post=755"}],"version-history":[{"count":10,"href":"https:\/\/minatitlan.tecnm.mx\/index.php\/wp-json\/wp\/v2\/pages\/755\/revisions"}],"predecessor-version":[{"id":28321,"href":"https:\/\/minatitlan.tecnm.mx\/index.php\/wp-json\/wp\/v2\/pages\/755\/revisions\/28321"}],"wp:attachment":[{"href":"https:\/\/minatitlan.tecnm.mx\/index.php\/wp-json\/wp\/v2\/media?parent=755"}],"curies":[{"name":"wp","href":"https:\/\/api.w.org\/{rel}","templated":true}]}}