{"id":795,"date":"2022-09-08T21:09:44","date_gmt":"2022-09-08T21:09:44","guid":{"rendered":"http:\/\/localhost\/?page_id=795"},"modified":"2023-11-11T23:48:18","modified_gmt":"2023-11-12T05:48:18","slug":"mision-y-vision","status":"publish","type":"page","link":"https:\/\/minatitlan.tecnm.mx\/index.php\/mision-y-vision\/","title":{"rendered":"Misi\u00f3n y Visi\u00f3n"},"content":{"rendered":"\n<figure class=\"wp-block-image alignwide size-full\"><img loading=\"lazy\" decoding=\"async\" width=\"851\" height=\"317\" src=\"http:\/\/minatitlan.tecnm.mx\/wp-content\/uploads\/2022\/09\/116841409_3081064121947314_3780187506949108666_n.png\" alt=\"\" class=\"wp-image-1502\" srcset=\"https:\/\/minatitlan.tecnm.mx\/wp-content\/uploads\/2022\/09\/116841409_3081064121947314_3780187506949108666_n.png 851w, https:\/\/minatitlan.tecnm.mx\/wp-content\/uploads\/2022\/09\/116841409_3081064121947314_3780187506949108666_n-300x112.png 300w, https:\/\/minatitlan.tecnm.mx\/wp-content\/uploads\/2022\/09\/116841409_3081064121947314_3780187506949108666_n-768x286.png 768w\" sizes=\"auto, (max-width: 851px) 100vw, 851px\" \/><\/figure>\n\n\n<p style=\"text-align: justify;\"><span style=\"color: #000000;\">El Instituto Tecnol\u00f3gico de Minatitl\u00e1n es una instituci\u00f3n p\u00fablica de educaci\u00f3n superior localizada en Minatitl\u00e1n, Veracruz, M\u00e9xico. Fue fundado el 17 de septiembre de 1972. Actualmente, el Instituto Tecnol\u00f3gico de Minatitl\u00e1n imparte 8 carreras a nivel licenciatura y 1 a nivel posgrado en las \u00e1reas de ciencias sociales y administrativas, e ingenier\u00eda.<\/span><\/p>\n<p><span style=\"color: #1b396a;\"><strong>MISI\u00d3N<\/strong><\/span><\/p>\n<p><span style=\"color: #000000;\">Ofrecer educaci\u00f3n superior tecnol\u00f3gica basada en competencias profesionales de clase mundial, con un amplio sentido humanista y \u00e9tico, que coadyuve al desarrollo integral del alumno, para responder a los retos y necesidades que la sociedad demande.<\/span><\/p>\n<p><span style=\"color: #1b396a;\"><strong>VISI\u00d3N<\/strong><\/span><\/p>\n<p><span style=\"color: #000000;\">Ser una instituci\u00f3n de educaci\u00f3n superior tecnol\u00f3gica con calidad, que promueva el desarrollo sustentable sostenido y equitativo en el \u00e1mbito de la globalizaci\u00f3n.<\/span><\/p>","protected":false},"excerpt":{"rendered":"<p>El Instituto Tecnol\u00f3gico de Minatitl\u00e1n es una instituci\u00f3n p\u00fablica de educaci\u00f3n superior localizada en Minatitl\u00e1n, Veracruz, M\u00e9xico. Fue fundado el 17 de septiembre de 1972. Actualmente, el Instituto Tecnol\u00f3gico de Minatitl\u00e1n imparte 8 carreras a nivel licenciatura y 1 a nivel posgrado en las \u00e1reas de ciencias sociales y administrativas, e ingenier\u00eda. MISI\u00d3N Ofrecer educaci\u00f3n [&hellip;]<\/p>\n","protected":false},"author":1,"featured_media":0,"parent":0,"menu_order":0,"comment_status":"closed","ping_status":"closed","template":"","meta":{"advgb_blocks_editor_width":"","advgb_blocks_columns_visual_guide":"","footnotes":""},"class_list":["post-795","page","type-page","status-publish","hentry"],"coauthors":[],"author_meta":{"author_link":"https:\/\/minatitlan.tecnm.mx\/index.php\/author\/cc-itmina\/","display_name":"CC-ITMINA"},"relative_dates":{"created":"Publicado 4 a\u00f1os hace","modified":"Actualizado 2 a\u00f1os hace"},"absolute_dates":{"created":"Publicado el 8 septiembre, 2022","modified":"Actualizado el 11 noviembre, 2023"},"absolute_dates_time":{"created":"Publicado el 8 septiembre, 2022 9:09 pm","modified":"Actualizado el 11 noviembre, 2023 11:48 pm"},"featured_img_caption":"","featured_img":false,"series_order":"","_links":{"self":[{"href":"https:\/\/minatitlan.tecnm.mx\/index.php\/wp-json\/wp\/v2\/pages\/795","targetHints":{"allow":["GET"]}}],"collection":[{"href":"https:\/\/minatitlan.tecnm.mx\/index.php\/wp-json\/wp\/v2\/pages"}],"about":[{"href":"https:\/\/minatitlan.tecnm.mx\/index.php\/wp-json\/wp\/v2\/types\/page"}],"author":[{"embeddable":true,"href":"https:\/\/minatitlan.tecnm.mx\/index.php\/wp-json\/wp\/v2\/users\/1"}],"replies":[{"embeddable":true,"href":"https:\/\/minatitlan.tecnm.mx\/index.php\/wp-json\/wp\/v2\/comments?post=795"}],"version-history":[{"count":3,"href":"https:\/\/minatitlan.tecnm.mx\/index.php\/wp-json\/wp\/v2\/pages\/795\/revisions"}],"predecessor-version":[{"id":19257,"href":"https:\/\/minatitlan.tecnm.mx\/index.php\/wp-json\/wp\/v2\/pages\/795\/revisions\/19257"}],"wp:attachment":[{"href":"https:\/\/minatitlan.tecnm.mx\/index.php\/wp-json\/wp\/v2\/media?parent=795"}],"curies":[{"name":"wp","href":"https:\/\/api.w.org\/{rel}","templated":true}]}}